{"id":46928,"date":"2026-01-27T21:26:57","date_gmt":"2026-01-27T21:26:57","guid":{"rendered":"https:\/\/www.deporteseli.com\/?product=tenis-adidas-ih8584"},"modified":"2026-04-01T04:18:09","modified_gmt":"2026-04-01T04:18:09","slug":"tenis-adidas-ih8584","status":"publish","type":"product","link":"https:\/\/www.deporteseli.com\/?product=tenis-adidas-ih8584","title":{"rendered":"TENIS ADIDAS IH8584"},"content":{"rendered":"<p>La versatilidad viste tus pies  A\u00f1ade un toque setentero a tus looks de diario con esta zapatilla adidas. El empeine ligero incorpora un forro que envuelve el pie en suavidad, mientras que la mediasuela con amortiguaci\u00f3n Cloudfoam te ofrece una pisada m\u00e1s c\u00f3moda. Su dise\u00f1o elegante combina a la perfecci\u00f3n con todos tus outfits. La suela de goma flexible te permite afrontar con confianza tus actividades de la ma\u00f1ana a la noche.  Horma cl\u00e1sica  Cierre de cordones  Empeine textil  Forro textil  Mediasuela Cloudfoam  Suela de goma  Color del art\u00edculo: Cloud White \/ Core Black \/ Grey One  N\u00famero de art\u00edculo: IH8584                                                                                                                                                                                                                                                                                                                                                                                                                                                                                                                                                                                                                                                                                                                                                                                                                                                                                                                                                                                                                                        <\/p>\n","protected":false},"excerpt":{"rendered":"<p>TENIS ADIDAS IH8584<\/p>\n","protected":false},"featured_media":59446,"template":"","meta":[],"product_brand":[],"product_cat":[261],"product_tag":[18],"class_list":{"0":"post-46928","1":"product","2":"type-product","3":"status-publish","4":"has-post-thumbnail","6":"product_cat-hombre_calzado_casual","7":"product_tag-adidas","8":"pa_color-unico","9":"pa_talla-43-5","10":"pa_talla-44-5","11":"pa_talla-161","12":"pa_talla-163","13":"pa_talla-164","14":"thunk-woo-product-list","15":"opn-qv-enable","16":"open-woo-hover-","17":"open-single-product-tab-horizontal","18":"open-shadow-","19":"open-shadow-hover-","21":"first","22":"instock","23":"sale","24":"shipping-taxable","25":"purchasable","26":"product-type-variable"},"jetpack_sharing_enabled":true,"_links":{"self":[{"href":"https:\/\/www.deporteseli.com\/index.php?rest_route=\/wp\/v2\/product\/46928","targetHints":{"allow":["GET"]}}],"collection":[{"href":"https:\/\/www.deporteseli.com\/index.php?rest_route=\/wp\/v2\/product"}],"about":[{"href":"https:\/\/www.deporteseli.com\/index.php?rest_route=\/wp\/v2\/types\/product"}],"wp:featuredmedia":[{"embeddable":true,"href":"https:\/\/www.deporteseli.com\/index.php?rest_route=\/wp\/v2\/media\/59446"}],"wp:attachment":[{"href":"https:\/\/www.deporteseli.com\/index.php?rest_route=%2Fwp%2Fv2%2Fmedia&parent=46928"}],"wp:term":[{"taxonomy":"product_brand","embeddable":true,"href":"https:\/\/www.deporteseli.com\/index.php?rest_route=%2Fwp%2Fv2%2Fproduct_brand&post=46928"},{"taxonomy":"product_cat","embeddable":true,"href":"https:\/\/www.deporteseli.com\/index.php?rest_route=%2Fwp%2Fv2%2Fproduct_cat&post=46928"},{"taxonomy":"product_tag","embeddable":true,"href":"https:\/\/www.deporteseli.com\/index.php?rest_route=%2Fwp%2Fv2%2Fproduct_tag&post=46928"}],"curies":[{"name":"wp","href":"https:\/\/api.w.org\/{rel}","templated":true}]}}