{"id":46925,"date":"2026-01-27T21:26:54","date_gmt":"2026-01-27T21:26:54","guid":{"rendered":"https:\/\/www.deporteseli.com\/?product=tenis-j-smith-wave-blanco"},"modified":"2026-01-27T21:26:56","modified_gmt":"2026-01-27T21:26:56","slug":"tenis-j-smith-wave-blanco","status":"publish","type":"product","link":"https:\/\/www.deporteseli.com\/?product=tenis-j-smith-wave-blanco","title":{"rendered":"TENIS J.SMITH WAVE BLANCO"},"content":{"rendered":"<p>Zapatilla concebida para ser usada en entornos laborales.    Adem\u00e1s nos permitir\u00eda su uso en nuestros paseos cotidianos. Se trata de una zapatilla c\u00f3moda, reforzada en ese aspecto por la plantilla Memory Foam. Tambi\u00e9n destaca la suela de goma con planta antideslizante, tanto el dise\u00f1o de la misma como su composici\u00f3n, garantizan el agarre y constituyen una barrera al deslizamiento. El corte de cuero sint\u00e9tico le a\u00f1ade un plus de comodidad. Cumple el standard de antideslizamiento ISO 13287: 2012.                                                                                                                                                                                                                                                                                                                                                                                                                                                                                                                                                                                                                                                                                                                                                                                                                                                                                                                                                                                                                                        <\/p>\n","protected":false},"excerpt":{"rendered":"<p>TENIS J.SMITH WAVE BLANCO<\/p>\n","protected":false},"featured_media":59442,"template":"","meta":[],"product_brand":[],"product_cat":[259],"product_tag":[43],"class_list":{"0":"post-46925","1":"product","2":"type-product","3":"status-publish","4":"has-post-thumbnail","6":"product_cat-hombre_calzado_running","7":"product_tag-jhon_smith","8":"pa_color-unico","9":"pa_talla-155","10":"pa_talla-157","11":"thunk-woo-product-list","12":"opn-qv-enable","13":"open-woo-hover-","14":"open-single-product-tab-horizontal","15":"open-shadow-","16":"open-shadow-hover-","18":"first","19":"instock","20":"sale","21":"shipping-taxable","22":"purchasable","23":"product-type-variable"},"jetpack_sharing_enabled":true,"_links":{"self":[{"href":"https:\/\/www.deporteseli.com\/index.php?rest_route=\/wp\/v2\/product\/46925","targetHints":{"allow":["GET"]}}],"collection":[{"href":"https:\/\/www.deporteseli.com\/index.php?rest_route=\/wp\/v2\/product"}],"about":[{"href":"https:\/\/www.deporteseli.com\/index.php?rest_route=\/wp\/v2\/types\/product"}],"wp:featuredmedia":[{"embeddable":true,"href":"https:\/\/www.deporteseli.com\/index.php?rest_route=\/wp\/v2\/media\/59442"}],"wp:attachment":[{"href":"https:\/\/www.deporteseli.com\/index.php?rest_route=%2Fwp%2Fv2%2Fmedia&parent=46925"}],"wp:term":[{"taxonomy":"product_brand","embeddable":true,"href":"https:\/\/www.deporteseli.com\/index.php?rest_route=%2Fwp%2Fv2%2Fproduct_brand&post=46925"},{"taxonomy":"product_cat","embeddable":true,"href":"https:\/\/www.deporteseli.com\/index.php?rest_route=%2Fwp%2Fv2%2Fproduct_cat&post=46925"},{"taxonomy":"product_tag","embeddable":true,"href":"https:\/\/www.deporteseli.com\/index.php?rest_route=%2Fwp%2Fv2%2Fproduct_tag&post=46925"}],"curies":[{"name":"wp","href":"https:\/\/api.w.org\/{rel}","templated":true}]}}