{"id":46922,"date":"2026-01-27T21:26:50","date_gmt":"2026-01-27T21:26:50","guid":{"rendered":"https:\/\/www.deporteseli.com\/?product=short-adidas-je0406"},"modified":"2026-03-07T06:28:58","modified_gmt":"2026-03-07T06:28:58","slug":"short-adidas-je0406","status":"publish","type":"product","link":"https:\/\/www.deporteseli.com\/?product=short-adidas-je0406","title":{"rendered":"SHORT ADIDAS JE0406"},"content":{"rendered":"<p>Imp\u00f3n tu hegemon\u00eda en la pista  Imp\u00f3n tu dominio en la pista con estilo gracias a este pantal\u00f3n corto de la colecci\u00f3n adidas Club. Se ha confeccionado en un tejido t\u00e9cnico el\u00e1stico que acompa\u00f1a todos tus movimientos, ayud\u00e1ndote a desplegar tu juego m\u00e1s virtuoso. La tecnolog\u00eda CLIMACOOL aleja el sudor de la piel, manteni\u00e9ndola fresca y seca para minimizar las distracciones y optimizar tu rendimiento. Incluye bolsillos laterales especialmente dise\u00f1ados para guardar las pelotas de tenis.    CLIMACOOL te ayuda a gestionar el sudor con materiales que expulsan la humedad r\u00e1pidamente. Sus fibras de secado r\u00e1pido te proporcionan una agradable sensaci\u00f3n de frescura.    Este producto contiene al menos un 70% de materiales reciclados. Utilizando materiales reciclados, reducimos los residuos, nuestra dependencia de los recursos finitos y la huella que generan los productos que fabricamos.                                                                                                                                                                                                                                                                                                                                                                                                                                                                                                                                                                                                                                                                                                                                                                                                                                                                                                                                                                                                                                        <\/p>\n","protected":false},"excerpt":{"rendered":"<p>SHORT ADIDAS JE0406<\/p>\n","protected":false},"featured_media":59439,"template":"","meta":[],"product_brand":[],"product_cat":[365],"product_tag":[18],"class_list":{"0":"post-46922","1":"product","2":"type-product","3":"status-publish","4":"has-post-thumbnail","6":"product_cat-padel_y_tenis_textil_shorts","7":"product_tag-adidas","8":"pa_color-unico","9":"pa_talla-l","10":"pa_talla-m","11":"thunk-woo-product-list","12":"opn-qv-enable","13":"open-woo-hover-","14":"open-single-product-tab-horizontal","15":"open-shadow-","16":"open-shadow-hover-","18":"first","19":"instock","20":"shipping-taxable","21":"purchasable","22":"product-type-variable"},"jetpack_sharing_enabled":true,"_links":{"self":[{"href":"https:\/\/www.deporteseli.com\/index.php?rest_route=\/wp\/v2\/product\/46922","targetHints":{"allow":["GET"]}}],"collection":[{"href":"https:\/\/www.deporteseli.com\/index.php?rest_route=\/wp\/v2\/product"}],"about":[{"href":"https:\/\/www.deporteseli.com\/index.php?rest_route=\/wp\/v2\/types\/product"}],"wp:featuredmedia":[{"embeddable":true,"href":"https:\/\/www.deporteseli.com\/index.php?rest_route=\/wp\/v2\/media\/59439"}],"wp:attachment":[{"href":"https:\/\/www.deporteseli.com\/index.php?rest_route=%2Fwp%2Fv2%2Fmedia&parent=46922"}],"wp:term":[{"taxonomy":"product_brand","embeddable":true,"href":"https:\/\/www.deporteseli.com\/index.php?rest_route=%2Fwp%2Fv2%2Fproduct_brand&post=46922"},{"taxonomy":"product_cat","embeddable":true,"href":"https:\/\/www.deporteseli.com\/index.php?rest_route=%2Fwp%2Fv2%2Fproduct_cat&post=46922"},{"taxonomy":"product_tag","embeddable":true,"href":"https:\/\/www.deporteseli.com\/index.php?rest_route=%2Fwp%2Fv2%2Fproduct_tag&post=46922"}],"curies":[{"name":"wp","href":"https:\/\/api.w.org\/{rel}","templated":true}]}}