{"id":46920,"date":"2026-01-27T21:26:47","date_gmt":"2026-01-27T21:26:47","guid":{"rendered":"https:\/\/www.deporteseli.com\/?product=munequera-adidas-jw8534"},"modified":"2026-01-27T21:26:49","modified_gmt":"2026-01-27T21:26:49","slug":"munequera-adidas-jw8534","status":"publish","type":"product","link":"https:\/\/www.deporteseli.com\/?product=munequera-adidas-jw8534","title":{"rendered":"MU\u00f1EQUERA ADIDAS JW8534"},"content":{"rendered":"<p>Mu\u00f1equeras grandes que absorben la humedad para jugar c\u00f3modamente al tenis.  Conc\u00e9ntrate en dar lo mejor de ti cada vez que te pongas estas mu\u00f1equeras grandes en el vestuario. De tacto suave, su tejido el\u00e1stico que absorbe la humedad te permite secarte el sudor de los ojos entre punto y punto. El llamativo logotipo del tr\u00e9bol a\u00f1ade un toque de estilo adidas Originals.                                                                                                                                                                                                                                                                                                                                                                                                                                                                                                                                                                                                                                                                                                                                                                                                                                                                                                                                                                                                                                        <\/p>\n","protected":false},"excerpt":{"rendered":"<p>MU\u00f1EQUERA ADIDAS JW8534<\/p>\n","protected":false},"featured_media":59438,"template":"","meta":[],"product_brand":[],"product_cat":[242],"product_tag":[18],"class_list":{"0":"post-46920","1":"product","2":"type-product","3":"status-publish","4":"has-post-thumbnail","6":"product_cat-unisex_accesorios","7":"product_tag-adidas","8":"pa_color-unico","9":"pa_talla-unica","10":"thunk-woo-product-list","11":"opn-qv-enable","12":"open-woo-hover-","13":"open-single-product-tab-horizontal","14":"open-shadow-","15":"open-shadow-hover-","17":"first","18":"instock","19":"shipping-taxable","20":"purchasable","21":"product-type-variable"},"jetpack_sharing_enabled":true,"_links":{"self":[{"href":"https:\/\/www.deporteseli.com\/index.php?rest_route=\/wp\/v2\/product\/46920","targetHints":{"allow":["GET"]}}],"collection":[{"href":"https:\/\/www.deporteseli.com\/index.php?rest_route=\/wp\/v2\/product"}],"about":[{"href":"https:\/\/www.deporteseli.com\/index.php?rest_route=\/wp\/v2\/types\/product"}],"wp:featuredmedia":[{"embeddable":true,"href":"https:\/\/www.deporteseli.com\/index.php?rest_route=\/wp\/v2\/media\/59438"}],"wp:attachment":[{"href":"https:\/\/www.deporteseli.com\/index.php?rest_route=%2Fwp%2Fv2%2Fmedia&parent=46920"}],"wp:term":[{"taxonomy":"product_brand","embeddable":true,"href":"https:\/\/www.deporteseli.com\/index.php?rest_route=%2Fwp%2Fv2%2Fproduct_brand&post=46920"},{"taxonomy":"product_cat","embeddable":true,"href":"https:\/\/www.deporteseli.com\/index.php?rest_route=%2Fwp%2Fv2%2Fproduct_cat&post=46920"},{"taxonomy":"product_tag","embeddable":true,"href":"https:\/\/www.deporteseli.com\/index.php?rest_route=%2Fwp%2Fv2%2Fproduct_tag&post=46920"}],"curies":[{"name":"wp","href":"https:\/\/api.w.org\/{rel}","templated":true}]}}