{"id":46911,"date":"2026-01-27T21:26:36","date_gmt":"2026-01-27T21:26:36","guid":{"rendered":"https:\/\/www.deporteseli.com\/?product=tenis-reebok-100074369"},"modified":"2026-03-13T05:18:55","modified_gmt":"2026-03-13T05:18:55","slug":"tenis-reebok-100074369","status":"publish","type":"product","link":"https:\/\/www.deporteseli.com\/?product=tenis-reebok-100074369","title":{"rendered":"TENIS REEBOK 100074369"},"content":{"rendered":"<p>UNA VERSI\u00d3N MINIMALISTA DE LOS MODELOS DE TENIS VINTAGE    Un dise\u00f1o minimalista inspirado en los modelos cl\u00e1sicos de tenis. Las Reebok Court Clean presentan una silueta de ca\u00f1a baja adornada con costuras que forman el logo Vector. Los logos retro, la plantilla de EVA y la suela de goma completan el dise\u00f1o minimalista.                                                                                                                                                                                                                                                                                                                                                                                                                                                                                                                                                                                                                                                                                                                                                                                                                                                                                                                                                                                                                                        <\/p>\n","protected":false},"excerpt":{"rendered":"<p>TENIS REEBOK 100074369<\/p>\n","protected":false},"featured_media":59432,"template":"","meta":[],"product_brand":[],"product_cat":[261],"product_tag":[41],"class_list":{"0":"post-46911","1":"product","2":"type-product","3":"status-publish","4":"has-post-thumbnail","6":"product_cat-hombre_calzado_casual","7":"product_tag-reebok","8":"pa_color-unico","9":"pa_talla-149","10":"pa_talla-40-5","11":"pa_talla-153","12":"thunk-woo-product-list","13":"opn-qv-enable","14":"open-woo-hover-","15":"open-single-product-tab-horizontal","16":"open-shadow-","17":"open-shadow-hover-","19":"first","20":"instock","21":"sale","22":"shipping-taxable","23":"purchasable","24":"product-type-variable"},"jetpack_sharing_enabled":true,"_links":{"self":[{"href":"https:\/\/www.deporteseli.com\/index.php?rest_route=\/wp\/v2\/product\/46911","targetHints":{"allow":["GET"]}}],"collection":[{"href":"https:\/\/www.deporteseli.com\/index.php?rest_route=\/wp\/v2\/product"}],"about":[{"href":"https:\/\/www.deporteseli.com\/index.php?rest_route=\/wp\/v2\/types\/product"}],"wp:featuredmedia":[{"embeddable":true,"href":"https:\/\/www.deporteseli.com\/index.php?rest_route=\/wp\/v2\/media\/59432"}],"wp:attachment":[{"href":"https:\/\/www.deporteseli.com\/index.php?rest_route=%2Fwp%2Fv2%2Fmedia&parent=46911"}],"wp:term":[{"taxonomy":"product_brand","embeddable":true,"href":"https:\/\/www.deporteseli.com\/index.php?rest_route=%2Fwp%2Fv2%2Fproduct_brand&post=46911"},{"taxonomy":"product_cat","embeddable":true,"href":"https:\/\/www.deporteseli.com\/index.php?rest_route=%2Fwp%2Fv2%2Fproduct_cat&post=46911"},{"taxonomy":"product_tag","embeddable":true,"href":"https:\/\/www.deporteseli.com\/index.php?rest_route=%2Fwp%2Fv2%2Fproduct_tag&post=46911"}],"curies":[{"name":"wp","href":"https:\/\/api.w.org\/{rel}","templated":true}]}}