{"id":46906,"date":"2026-01-27T21:26:30","date_gmt":"2026-01-27T21:26:30","guid":{"rendered":"https:\/\/www.deporteseli.com\/?product=tenis-reebok-100202441"},"modified":"2026-03-26T05:19:23","modified_gmt":"2026-03-26T05:19:23","slug":"tenis-reebok-100202441","status":"publish","type":"product","link":"https:\/\/www.deporteseli.com\/?product=tenis-reebok-100202441","title":{"rendered":"TENIS REEBOK 100202441"},"content":{"rendered":"<p>UNAS ZAPATILLAS INSPIRADAS EN LOS MODELOS DE ARCHIVO EQUIPADAS CON UNAS PR\u00c1CTICAS TIRAS DE VELCRO\u00ae    El dise\u00f1o sencillo de estas zapatillas minimiza las distracciones para que puedas jugar durante todo el d\u00eda. Las dos tiras autoadherentes permiten pon\u00e9rselas y quit\u00e1rselas f\u00e1cilmente, mientras que la resistente suela de goma es perfecta para llevarlas a diario.                                                                                                                                                                                                                                                                                                                                                                                                                                                                                                                                                                                                                                                                                                                                                                                                                                                                                                                                                                                                                                        <\/p>\n","protected":false},"excerpt":{"rendered":"<p>TENIS REEBOK 100202441<\/p>\n","protected":false},"featured_media":59428,"template":"","meta":[],"product_brand":[],"product_cat":[310],"product_tag":[41],"class_list":{"0":"post-46906","1":"product","2":"type-product","3":"status-publish","4":"has-post-thumbnail","6":"product_cat-nino_calzado_casual","7":"product_tag-reebok","8":"pa_color-unico","9":"pa_talla-127","10":"pa_talla-129","11":"pa_talla-131","12":"pa_talla-137","13":"thunk-woo-product-list","14":"opn-qv-enable","15":"open-woo-hover-","16":"open-single-product-tab-horizontal","17":"open-shadow-","18":"open-shadow-hover-","20":"first","21":"instock","22":"sale","23":"shipping-taxable","24":"purchasable","25":"product-type-variable"},"jetpack_sharing_enabled":true,"_links":{"self":[{"href":"https:\/\/www.deporteseli.com\/index.php?rest_route=\/wp\/v2\/product\/46906","targetHints":{"allow":["GET"]}}],"collection":[{"href":"https:\/\/www.deporteseli.com\/index.php?rest_route=\/wp\/v2\/product"}],"about":[{"href":"https:\/\/www.deporteseli.com\/index.php?rest_route=\/wp\/v2\/types\/product"}],"wp:featuredmedia":[{"embeddable":true,"href":"https:\/\/www.deporteseli.com\/index.php?rest_route=\/wp\/v2\/media\/59428"}],"wp:attachment":[{"href":"https:\/\/www.deporteseli.com\/index.php?rest_route=%2Fwp%2Fv2%2Fmedia&parent=46906"}],"wp:term":[{"taxonomy":"product_brand","embeddable":true,"href":"https:\/\/www.deporteseli.com\/index.php?rest_route=%2Fwp%2Fv2%2Fproduct_brand&post=46906"},{"taxonomy":"product_cat","embeddable":true,"href":"https:\/\/www.deporteseli.com\/index.php?rest_route=%2Fwp%2Fv2%2Fproduct_cat&post=46906"},{"taxonomy":"product_tag","embeddable":true,"href":"https:\/\/www.deporteseli.com\/index.php?rest_route=%2Fwp%2Fv2%2Fproduct_tag&post=46906"}],"curies":[{"name":"wp","href":"https:\/\/api.w.org\/{rel}","templated":true}]}}