{"id":46901,"date":"2026-01-27T21:26:24","date_gmt":"2026-01-27T21:26:24","guid":{"rendered":"https:\/\/www.deporteseli.com\/?product=falda-adidas-ka8085"},"modified":"2026-03-07T06:28:55","modified_gmt":"2026-03-07T06:28:55","slug":"falda-adidas-ka8085","status":"publish","type":"product","link":"https:\/\/www.deporteseli.com\/?product=falda-adidas-ka8085","title":{"rendered":"FALDA ADIDAS KA8085"},"content":{"rendered":"<p>Falda de tenis con bolsillos Club Climacool  Una falda de tenis el\u00e1stica con CLIMACOOL para mantenerte fresca, seca y preparada.  Esta llamativa falda Club es parte de una colecci\u00f3n de adidas que incluye todas tus prendas esenciales de tenis. El tejido CLIMACOOL aleja el sudor de la piel, manteni\u00e9ndola fresca y seca para minimizar las distracciones y optimizar tu rendimiento. La cintura el\u00e1stica ancha proporciona un ajuste seguro y confortable. Los bolsillos est\u00e1n dise\u00f1ados para guardar de forma segura las pelotas de repuesto mientras das rienda suelta a tu mejor juego.   CLIMACOOL te ayuda a controlar el sudor con materiales que lo evacuan y gestionan de forma r\u00e1pida. Sus fibras de secado r\u00e1pido te proporcionan una sensaci\u00f3n de piel fresca.  Corte cl\u00e1sico  Cintura el\u00e1stica  90 % poli\u00e9ster reciclado, 10 % elastano  CLIMACOOL  Bolsillos laterales  Dobladillo curvado con abertura superpuesta  C\u00f3digo del producto : KA8085                                                                                                                                                                                                                                                                                                                                                                                                                                                                                                                                                                                                                                                                                                                                                                                                                                                                                                                                                                                                                                        <\/p>\n","protected":false},"excerpt":{"rendered":"<p>FALDA ADIDAS KA8085<\/p>\n","protected":false},"featured_media":59424,"template":"","meta":[],"product_brand":[],"product_cat":[366],"product_tag":[18],"class_list":{"0":"post-46901","1":"product","2":"type-product","3":"status-publish","4":"has-post-thumbnail","6":"product_cat-padel_y_tenis_textil_faldas","7":"product_tag-adidas","8":"pa_color-unico","9":"pa_talla-l","10":"pa_talla-m","11":"pa_talla-s","12":"pa_talla-xs","13":"thunk-woo-product-list","14":"opn-qv-enable","15":"open-woo-hover-","16":"open-single-product-tab-horizontal","17":"open-shadow-","18":"open-shadow-hover-","20":"first","21":"instock","22":"shipping-taxable","23":"purchasable","24":"product-type-variable"},"jetpack_sharing_enabled":true,"_links":{"self":[{"href":"https:\/\/www.deporteseli.com\/index.php?rest_route=\/wp\/v2\/product\/46901","targetHints":{"allow":["GET"]}}],"collection":[{"href":"https:\/\/www.deporteseli.com\/index.php?rest_route=\/wp\/v2\/product"}],"about":[{"href":"https:\/\/www.deporteseli.com\/index.php?rest_route=\/wp\/v2\/types\/product"}],"wp:featuredmedia":[{"embeddable":true,"href":"https:\/\/www.deporteseli.com\/index.php?rest_route=\/wp\/v2\/media\/59424"}],"wp:attachment":[{"href":"https:\/\/www.deporteseli.com\/index.php?rest_route=%2Fwp%2Fv2%2Fmedia&parent=46901"}],"wp:term":[{"taxonomy":"product_brand","embeddable":true,"href":"https:\/\/www.deporteseli.com\/index.php?rest_route=%2Fwp%2Fv2%2Fproduct_brand&post=46901"},{"taxonomy":"product_cat","embeddable":true,"href":"https:\/\/www.deporteseli.com\/index.php?rest_route=%2Fwp%2Fv2%2Fproduct_cat&post=46901"},{"taxonomy":"product_tag","embeddable":true,"href":"https:\/\/www.deporteseli.com\/index.php?rest_route=%2Fwp%2Fv2%2Fproduct_tag&post=46901"}],"curies":[{"name":"wp","href":"https:\/\/api.w.org\/{rel}","templated":true}]}}