{"id":46899,"date":"2026-01-27T21:26:21","date_gmt":"2026-01-27T21:26:21","guid":{"rendered":"https:\/\/www.deporteseli.com\/?product=zapatillero-adidas-real-madrid-25-26"},"modified":"2026-01-27T21:26:23","modified_gmt":"2026-01-27T21:26:23","slug":"zapatillero-adidas-real-madrid-25-26","status":"publish","type":"product","link":"https:\/\/www.deporteseli.com\/?product=zapatillero-adidas-real-madrid-25-26","title":{"rendered":"ZAPATILLERO ADIDAS REAL MADRID 25\/26"},"content":{"rendered":"<p>Zapatillero adidas Real Madrid 25\/26 \u2013 Transporte oficial para tus botas Zapatillero adidas Real Madrid 25\/26 \u2013 Dise\u00f1o pr\u00e1ctico para aut\u00e9nticos madridistas Muestra tu pasi\u00f3n por el Real Madrid tambi\u00e9n fuera del campo con el zapatillero oficial de la temporada 2025\/2026. Dise\u00f1ado por adidas, este accesorio es imprescindible para llevar tus botas o zapatillas de forma c\u00f3moda, organizada y con estilo. Ideal para entrenamientos, partidos y desplazamientos Ya sea que te dirijas al entrenamiento o al partido, este zapatillero te permitir\u00e1 mantener tu calzado separado del resto de tu equipamiento, evitando olores y suciedad. Adem\u00e1s, su tama\u00f1o compacto lo hace perfecto para llevar en cualquier mochila deportiva. Dise\u00f1o oficial del Real Madrid 25\/26 El producto incorpora el escudo del club, lo que lo convierte en una elecci\u00f3n ideal para aficionados que quieren representar a su equipo en todo momento. Fabricado con materiales resistentes, asegura durabilidad y funcionalidad. Caracter\u00edsticas del Zapatillero Real Madrid 25\/26 \u2022 Producto oficial del Real Madrid \u2022 Dise\u00f1o adidas temporada 2025\/26 \u2022 Compartimento principal con cierre de cremallera \u2022 Tama\u00f1o ideal para botas o zapatillas \u2022 Asa superior para transporte c\u00f3modo \u2022 Escudo del club impreso Compra el zapatillero del Real Madrid.                                                                                                                                                                                                                                                                                                                                                                                                                                                                                                                                                                                                                                                                                                                                                                                                                                                                                                                                                                                                                                        <\/p>\n","protected":false},"excerpt":{"rendered":"<p>ZAPATILLERO ADIDAS REAL MADRID 25\/26<\/p>\n","protected":false},"featured_media":59421,"template":"","meta":[],"product_brand":[],"product_cat":[321],"product_tag":[18],"class_list":{"0":"post-46899","1":"product","2":"type-product","3":"status-publish","4":"has-post-thumbnail","6":"product_cat-deportes_futbol_zapatilleros","7":"product_tag-adidas","8":"pa_color-unico","9":"pa_talla-unica","10":"thunk-woo-product-list","11":"opn-qv-enable","12":"open-woo-hover-","13":"open-single-product-tab-horizontal","14":"open-shadow-","15":"open-shadow-hover-","17":"first","18":"instock","19":"sale","20":"shipping-taxable","21":"purchasable","22":"product-type-variable"},"jetpack_sharing_enabled":true,"_links":{"self":[{"href":"https:\/\/www.deporteseli.com\/index.php?rest_route=\/wp\/v2\/product\/46899","targetHints":{"allow":["GET"]}}],"collection":[{"href":"https:\/\/www.deporteseli.com\/index.php?rest_route=\/wp\/v2\/product"}],"about":[{"href":"https:\/\/www.deporteseli.com\/index.php?rest_route=\/wp\/v2\/types\/product"}],"wp:featuredmedia":[{"embeddable":true,"href":"https:\/\/www.deporteseli.com\/index.php?rest_route=\/wp\/v2\/media\/59421"}],"wp:attachment":[{"href":"https:\/\/www.deporteseli.com\/index.php?rest_route=%2Fwp%2Fv2%2Fmedia&parent=46899"}],"wp:term":[{"taxonomy":"product_brand","embeddable":true,"href":"https:\/\/www.deporteseli.com\/index.php?rest_route=%2Fwp%2Fv2%2Fproduct_brand&post=46899"},{"taxonomy":"product_cat","embeddable":true,"href":"https:\/\/www.deporteseli.com\/index.php?rest_route=%2Fwp%2Fv2%2Fproduct_cat&post=46899"},{"taxonomy":"product_tag","embeddable":true,"href":"https:\/\/www.deporteseli.com\/index.php?rest_route=%2Fwp%2Fv2%2Fproduct_tag&post=46899"}],"curies":[{"name":"wp","href":"https:\/\/api.w.org\/{rel}","templated":true}]}}