{"id":46894,"date":"2026-01-27T21:26:14","date_gmt":"2026-01-27T21:26:14","guid":{"rendered":"https:\/\/www.deporteseli.com\/?product=botas-adidas-copa-pure-3-club"},"modified":"2026-04-18T04:19:25","modified_gmt":"2026-04-18T04:19:25","slug":"botas-adidas-copa-pure-3-club","status":"publish","type":"product","link":"https:\/\/www.deporteseli.com\/?product=botas-adidas-copa-pure-3-club","title":{"rendered":"BOTAS ADIDAS COPA PURE 3 CLUB"},"content":{"rendered":"<p>C\u00f3moda bota Copa para un juego elegante en pistas de moqueta.  Toques exactos. Pases milim\u00e9tricos. Perfecciona tu juego con la bota Copa Pure 3 y consigue una conexi\u00f3n inquebrantable con el bal\u00f3n. Esta bota adidas Club para adolescentes tiene un suave empeine de material sint\u00e9tico y un estampado en relieve en el empeine para un mejor control. La suela de goma con tacos arrasa en superf\u00edcies de moqueta, para que juegues al f\u00fatbol con m\u00e1s clase que nunca.  Horma cl\u00e1sica  Cordones  Empeine sint\u00e9tico suave  Forro textil  Suela de goma para campos de moqueta  Color del art\u00edculo: Core Black \/ Cloud White \/ Lucid Lemon  N\u00famero de art\u00edculo: JR2902                                                                                                                                                                                                                                                                                                                                                                                                                                                                                                                                                                                                                                                                                                                                                                                                                                                                                                                                                                                                                                        <\/p>\n","protected":false},"excerpt":{"rendered":"<p>BOTAS ADIDAS COPA PURE 3 CLUB<\/p>\n","protected":false},"featured_media":59416,"template":"","meta":[],"product_brand":[],"product_cat":[318],"product_tag":[18],"class_list":{"0":"post-46894","1":"product","2":"type-product","3":"status-publish","4":"has-post-thumbnail","6":"product_cat-deportes_futbol_botas","7":"product_tag-adidas","8":"pa_color-unico","9":"pa_talla-137","10":"pa_talla-141","11":"pa_talla-37-5","12":"pa_talla-38-5","13":"thunk-woo-product-list","14":"opn-qv-enable","15":"open-woo-hover-","16":"open-single-product-tab-horizontal","17":"open-shadow-","18":"open-shadow-hover-","20":"first","21":"instock","22":"sale","23":"shipping-taxable","24":"purchasable","25":"product-type-variable"},"jetpack_sharing_enabled":true,"_links":{"self":[{"href":"https:\/\/www.deporteseli.com\/index.php?rest_route=\/wp\/v2\/product\/46894","targetHints":{"allow":["GET"]}}],"collection":[{"href":"https:\/\/www.deporteseli.com\/index.php?rest_route=\/wp\/v2\/product"}],"about":[{"href":"https:\/\/www.deporteseli.com\/index.php?rest_route=\/wp\/v2\/types\/product"}],"wp:featuredmedia":[{"embeddable":true,"href":"https:\/\/www.deporteseli.com\/index.php?rest_route=\/wp\/v2\/media\/59416"}],"wp:attachment":[{"href":"https:\/\/www.deporteseli.com\/index.php?rest_route=%2Fwp%2Fv2%2Fmedia&parent=46894"}],"wp:term":[{"taxonomy":"product_brand","embeddable":true,"href":"https:\/\/www.deporteseli.com\/index.php?rest_route=%2Fwp%2Fv2%2Fproduct_brand&post=46894"},{"taxonomy":"product_cat","embeddable":true,"href":"https:\/\/www.deporteseli.com\/index.php?rest_route=%2Fwp%2Fv2%2Fproduct_cat&post=46894"},{"taxonomy":"product_tag","embeddable":true,"href":"https:\/\/www.deporteseli.com\/index.php?rest_route=%2Fwp%2Fv2%2Fproduct_tag&post=46894"}],"curies":[{"name":"wp","href":"https:\/\/api.w.org\/{rel}","templated":true}]}}