{"id":46883,"date":"2026-01-27T21:26:00","date_gmt":"2026-01-27T21:26:00","guid":{"rendered":"https:\/\/www.deporteseli.com\/?product=tenis-adidas-ie8899"},"modified":"2026-02-21T05:18:31","modified_gmt":"2026-02-21T05:18:31","slug":"tenis-adidas-ie8899","status":"publish","type":"product","link":"https:\/\/www.deporteseli.com\/?product=tenis-adidas-ie8899","title":{"rendered":"TENIS ADIDAS IE8899"},"content":{"rendered":"<p>Zapatillas livianas hechas parcialmente con materiales reciclados  Dise\u00f1adas para ofrecer una comodidad inigualable, las zapatillas adidas Ultimashow 2.0 te llevan con estilo desde los mandados matutinos hasta los atardeceres en la azotea. La mediasuela Cloudfoam ofrece amortiguaci\u00f3n ligera para que puedas moverte c\u00f3modamente en todo momento. Los detalles ic\u00f3nicos de TPU y el exterior de malla les imprimen un estilo urbano y mantienen tus pies frescos.    Este producto contiene al menos un 20% de material reciclado. Utilizando materiales reciclados reducimos el desperdicio, nuestra dependencia de los recursos finitos y la huella que generan los productos que fabricamos.  Ajuste cl\u00e1sico  Sistema de amarre de pasadores  Parte superior de malla  Forro interno textil  Refuerzo y estabilizador de tal\u00f3n de TPU  Mediasuela Cloudfoam  Suela de caucho  Contienen al menos un 20% de material reciclado  Color del art\u00edculo: Cloud White \/ Core Black \/ Cloud White  N\u00famero de art\u00edculo: IE8899                                                                                                                                                                                                                                                                                                                                                                                                                                                                                                                                                                                                                                                                                                                                                                                                                                                                                                                                                                                                                                        <\/p>\n","protected":false},"excerpt":{"rendered":"<p>TENIS ADIDAS IE8899<\/p>\n","protected":false},"featured_media":59409,"template":"","meta":[],"product_brand":[],"product_cat":[259],"product_tag":[18],"class_list":{"0":"post-46883","1":"product","2":"type-product","3":"status-publish","4":"has-post-thumbnail","6":"product_cat-hombre_calzado_running","7":"product_tag-adidas","8":"pa_color-unico","9":"pa_talla-41-5","10":"pa_talla-153","11":"pa_talla-44-5","12":"pa_talla-161","13":"thunk-woo-product-list","14":"opn-qv-enable","15":"open-woo-hover-","16":"open-single-product-tab-horizontal","17":"open-shadow-","18":"open-shadow-hover-","20":"first","21":"instock","22":"sale","23":"shipping-taxable","24":"purchasable","25":"product-type-variable"},"jetpack_sharing_enabled":true,"_links":{"self":[{"href":"https:\/\/www.deporteseli.com\/index.php?rest_route=\/wp\/v2\/product\/46883","targetHints":{"allow":["GET"]}}],"collection":[{"href":"https:\/\/www.deporteseli.com\/index.php?rest_route=\/wp\/v2\/product"}],"about":[{"href":"https:\/\/www.deporteseli.com\/index.php?rest_route=\/wp\/v2\/types\/product"}],"wp:featuredmedia":[{"embeddable":true,"href":"https:\/\/www.deporteseli.com\/index.php?rest_route=\/wp\/v2\/media\/59409"}],"wp:attachment":[{"href":"https:\/\/www.deporteseli.com\/index.php?rest_route=%2Fwp%2Fv2%2Fmedia&parent=46883"}],"wp:term":[{"taxonomy":"product_brand","embeddable":true,"href":"https:\/\/www.deporteseli.com\/index.php?rest_route=%2Fwp%2Fv2%2Fproduct_brand&post=46883"},{"taxonomy":"product_cat","embeddable":true,"href":"https:\/\/www.deporteseli.com\/index.php?rest_route=%2Fwp%2Fv2%2Fproduct_cat&post=46883"},{"taxonomy":"product_tag","embeddable":true,"href":"https:\/\/www.deporteseli.com\/index.php?rest_route=%2Fwp%2Fv2%2Fproduct_tag&post=46883"}],"curies":[{"name":"wp","href":"https:\/\/api.w.org\/{rel}","templated":true}]}}