{"id":46874,"date":"2026-01-27T21:25:49","date_gmt":"2026-01-27T21:25:49","guid":{"rendered":"https:\/\/www.deporteseli.com\/?product=tenis-adidas-ie5995"},"modified":"2026-01-27T21:25:59","modified_gmt":"2026-01-27T21:25:59","slug":"tenis-adidas-ie5995","status":"publish","type":"product","link":"https:\/\/www.deporteseli.com\/?product=tenis-adidas-ie5995","title":{"rendered":"TENIS ADIDAS IE5995"},"content":{"rendered":"<p>El deporte de crecer  Esta zapatilla adidas presenta un dise\u00f1o deportivo cl\u00e1sico que har\u00e1 las delicias de los peques m\u00e1s imparables. El empeine de piel sint\u00e9tica, el forro suave y las emblem\u00e1ticas 3 bandas en los laterales son detalles c\u00f3modos y deportivos que no pasan desapercibidos. La suela de goma flexible proporciona el agarre que necesita en sus aventuras diarias.  Horma cl\u00e1sica  Cordones el\u00e1sticos y correa autoadherente  Empeine de piel sint\u00e9tica reciclada  Forro textil  Suela de goma  Color del art\u00edculo: Core Black \/ Cloud White \/ Core Black  N\u00famero de art\u00edculo: IE5995                                                                                                                                                                                                                                                                                                                                                                                                                                                                                                                                                                                                                                                                                                                                                                                                                                                                                                                                                                                                                                        <\/p>\n","protected":false},"excerpt":{"rendered":"<p>TENIS ADIDAS IE5995<\/p>\n","protected":false},"featured_media":59405,"template":"","meta":[],"product_brand":[],"product_cat":[310],"product_tag":[18],"class_list":{"0":"post-46874","1":"product","2":"type-product","3":"status-publish","4":"has-post-thumbnail","6":"product_cat-nino_calzado_casual","7":"product_tag-adidas","8":"pa_color-unico","9":"pa_talla-125","10":"pa_talla-127","11":"pa_talla-129","12":"pa_talla-131","13":"pa_talla-133","14":"pa_talla-135","15":"pa_talla-137","16":"pa_talla-139","17":"thunk-woo-product-list","18":"opn-qv-enable","19":"open-woo-hover-","20":"open-single-product-tab-horizontal","21":"open-shadow-","22":"open-shadow-hover-","24":"first","25":"instock","26":"sale","27":"shipping-taxable","28":"purchasable","29":"product-type-variable"},"jetpack_sharing_enabled":true,"_links":{"self":[{"href":"https:\/\/www.deporteseli.com\/index.php?rest_route=\/wp\/v2\/product\/46874","targetHints":{"allow":["GET"]}}],"collection":[{"href":"https:\/\/www.deporteseli.com\/index.php?rest_route=\/wp\/v2\/product"}],"about":[{"href":"https:\/\/www.deporteseli.com\/index.php?rest_route=\/wp\/v2\/types\/product"}],"wp:featuredmedia":[{"embeddable":true,"href":"https:\/\/www.deporteseli.com\/index.php?rest_route=\/wp\/v2\/media\/59405"}],"wp:attachment":[{"href":"https:\/\/www.deporteseli.com\/index.php?rest_route=%2Fwp%2Fv2%2Fmedia&parent=46874"}],"wp:term":[{"taxonomy":"product_brand","embeddable":true,"href":"https:\/\/www.deporteseli.com\/index.php?rest_route=%2Fwp%2Fv2%2Fproduct_brand&post=46874"},{"taxonomy":"product_cat","embeddable":true,"href":"https:\/\/www.deporteseli.com\/index.php?rest_route=%2Fwp%2Fv2%2Fproduct_cat&post=46874"},{"taxonomy":"product_tag","embeddable":true,"href":"https:\/\/www.deporteseli.com\/index.php?rest_route=%2Fwp%2Fv2%2Fproduct_tag&post=46874"}],"curies":[{"name":"wp","href":"https:\/\/api.w.org\/{rel}","templated":true}]}}