{"id":46861,"date":"2026-01-27T21:25:34","date_gmt":"2026-01-27T21:25:34","guid":{"rendered":"https:\/\/www.deporteseli.com\/?product=adidas-f50"},"modified":"2026-01-27T21:25:46","modified_gmt":"2026-01-27T21:25:46","slug":"adidas-f50","status":"publish","type":"product","link":"https:\/\/www.deporteseli.com\/?product=adidas-f50","title":{"rendered":"ADIDAS F50"},"content":{"rendered":"<p>VELOCIDAD INDOMABLE  RADIANT BLAZE PACK  La Adidas F50 est\u00e1n dise\u00f1adas para ofrecerte la m\u00e1xima velocidad dentro de un campo de futbol. Fabricada con FIBERSKIN en la zona del empeine que se compone de un material muy ligero y moldeable que se adapta perfectamente la zona del pie brindando un excelente ajuste. En la zona de la puntera el SPRINTGRID mantendr\u00e1 el bal\u00f3n pegado al pie gracias a su rugosidad.    Su ajuste con cordones y leng\u00fceta permiten un ajuste personalizado a la vez que una f\u00e1cil colocaci\u00f3n y adaptaci\u00f3n.    Su suela para todo tipo de c\u00e9sped te brindara ese plus extra de agarre en las arrancadas y recortes veloces para sorprender a todos tus rivales.                                                                                                                                                                                                                                                                                                                                                                                                                                                                                                                                                                                                                                                                                                                                                                                                                                                                                                                                                                                                                                        <\/p>\n","protected":false},"excerpt":{"rendered":"<p>ADIDAS F50<\/p>\n","protected":false},"featured_media":59396,"template":"","meta":[],"product_brand":[],"product_cat":[318],"product_tag":[18],"class_list":{"0":"post-46861","1":"product","2":"type-product","3":"status-publish","4":"has-post-thumbnail","6":"product_cat-deportes_futbol_botas","7":"product_tag-adidas","8":"pa_color-unico","9":"pa_talla-149","10":"pa_talla-40-5","11":"pa_talla-153","12":"pa_talla-42-5","13":"pa_talla-43-5","14":"pa_talla-157","15":"pa_talla-44-5","16":"pa_talla-45-5","17":"pa_talla-161","18":"pa_talla-46-5","19":"thunk-woo-product-list","20":"opn-qv-enable","21":"open-woo-hover-","22":"open-single-product-tab-horizontal","23":"open-shadow-","24":"open-shadow-hover-","26":"first","27":"instock","28":"shipping-taxable","29":"purchasable","30":"product-type-variable"},"jetpack_sharing_enabled":true,"_links":{"self":[{"href":"https:\/\/www.deporteseli.com\/index.php?rest_route=\/wp\/v2\/product\/46861","targetHints":{"allow":["GET"]}}],"collection":[{"href":"https:\/\/www.deporteseli.com\/index.php?rest_route=\/wp\/v2\/product"}],"about":[{"href":"https:\/\/www.deporteseli.com\/index.php?rest_route=\/wp\/v2\/types\/product"}],"wp:featuredmedia":[{"embeddable":true,"href":"https:\/\/www.deporteseli.com\/index.php?rest_route=\/wp\/v2\/media\/59396"}],"wp:attachment":[{"href":"https:\/\/www.deporteseli.com\/index.php?rest_route=%2Fwp%2Fv2%2Fmedia&parent=46861"}],"wp:term":[{"taxonomy":"product_brand","embeddable":true,"href":"https:\/\/www.deporteseli.com\/index.php?rest_route=%2Fwp%2Fv2%2Fproduct_brand&post=46861"},{"taxonomy":"product_cat","embeddable":true,"href":"https:\/\/www.deporteseli.com\/index.php?rest_route=%2Fwp%2Fv2%2Fproduct_cat&post=46861"},{"taxonomy":"product_tag","embeddable":true,"href":"https:\/\/www.deporteseli.com\/index.php?rest_route=%2Fwp%2Fv2%2Fproduct_tag&post=46861"}],"curies":[{"name":"wp","href":"https:\/\/api.w.org\/{rel}","templated":true}]}}