{"id":46841,"date":"2026-01-27T21:25:09","date_gmt":"2026-01-27T21:25:09","guid":{"rendered":"https:\/\/www.deporteseli.com\/?product=adidas-copa-gloro"},"modified":"2026-01-27T21:25:23","modified_gmt":"2026-01-27T21:25:23","slug":"adidas-copa-gloro","status":"publish","type":"product","link":"https:\/\/www.deporteseli.com\/?product=adidas-copa-gloro","title":{"rendered":"ADIDAS COPA GLORO"},"content":{"rendered":"<p>Ganar es el trato  El estilo cl\u00e1sico de la Copa se reinventa para el jugador de hoy. Esta zapatilla de f\u00fatbol adidas presenta un empeine de piel vacuna que envuelve el pie en confort y detalles inspirados en la m\u00edtica Copa Mundial, como la ic\u00f3nica leng\u00fceta plegable. La suela de goma estriada con dise\u00f1o espec\u00edfico para moqueta y la mediasuela con tecnolog\u00eda Lightstrike te garantizan una mayor agilidad y respuesta.  Horma cl\u00e1sica  Cierre de cordones  Empeine de piel vacuna  Amortiguaci\u00f3n Lightstrike  Leng\u00fceta plegable  Suela de goma para campos de moqueta  Color del art\u00edculo: Core Black \/ Cloud White \/ Cloud White  N\u00famero de art\u00edculo: IH7302                                                                                                                                                                                                                                                                                                                                                                                                                                                                                                                                                                                                                                                                                                                                                                                                                                                                                                                                                                                                                                        <\/p>\n","protected":false},"excerpt":{"rendered":"<p>ADIDAS COPA GLORO<\/p>\n","protected":false},"featured_media":59387,"template":"","meta":[],"product_brand":[],"product_cat":[318],"product_tag":[18],"class_list":{"0":"post-46841","1":"product","2":"type-product","3":"status-publish","4":"has-post-thumbnail","6":"product_cat-deportes_futbol_botas","7":"product_tag-adidas","8":"pa_color-unico","9":"pa_talla-40-5","10":"pa_talla-41-5","11":"pa_talla-153","12":"pa_talla-42-5","13":"pa_talla-43-5","14":"pa_talla-157","15":"pa_talla-44-5","16":"pa_talla-45-5","17":"pa_talla-161","18":"pa_talla-46-5","19":"pa_talla-163","20":"thunk-woo-product-list","21":"opn-qv-enable","22":"open-woo-hover-","23":"open-single-product-tab-horizontal","24":"open-shadow-","25":"open-shadow-hover-","27":"first","28":"instock","29":"sale","30":"shipping-taxable","31":"purchasable","32":"product-type-variable"},"jetpack_sharing_enabled":true,"_links":{"self":[{"href":"https:\/\/www.deporteseli.com\/index.php?rest_route=\/wp\/v2\/product\/46841","targetHints":{"allow":["GET"]}}],"collection":[{"href":"https:\/\/www.deporteseli.com\/index.php?rest_route=\/wp\/v2\/product"}],"about":[{"href":"https:\/\/www.deporteseli.com\/index.php?rest_route=\/wp\/v2\/types\/product"}],"wp:featuredmedia":[{"embeddable":true,"href":"https:\/\/www.deporteseli.com\/index.php?rest_route=\/wp\/v2\/media\/59387"}],"wp:attachment":[{"href":"https:\/\/www.deporteseli.com\/index.php?rest_route=%2Fwp%2Fv2%2Fmedia&parent=46841"}],"wp:term":[{"taxonomy":"product_brand","embeddable":true,"href":"https:\/\/www.deporteseli.com\/index.php?rest_route=%2Fwp%2Fv2%2Fproduct_brand&post=46841"},{"taxonomy":"product_cat","embeddable":true,"href":"https:\/\/www.deporteseli.com\/index.php?rest_route=%2Fwp%2Fv2%2Fproduct_cat&post=46841"},{"taxonomy":"product_tag","embeddable":true,"href":"https:\/\/www.deporteseli.com\/index.php?rest_route=%2Fwp%2Fv2%2Fproduct_tag&post=46841"}],"curies":[{"name":"wp","href":"https:\/\/api.w.org\/{rel}","templated":true}]}}