{"id":46837,"date":"2026-01-27T21:25:03","date_gmt":"2026-01-27T21:25:03","guid":{"rendered":"https:\/\/www.deporteseli.com\/?product=botas-joma-supercopa-2501-turf"},"modified":"2026-01-27T21:25:04","modified_gmt":"2026-01-27T21:25:04","slug":"botas-joma-supercopa-2501-turf","status":"publish","type":"product","link":"https:\/\/www.deporteseli.com\/?product=botas-joma-supercopa-2501-turf","title":{"rendered":"BOTAS JOMA SUPERCOPA 2501 TURF"},"content":{"rendered":"<p>BOTAS FUTBOL JOMA SUPER COPA NI\u00d1O TURF  Botas de f\u00fatbol para ni\u00f1o y ni\u00f1a. Modelo de turf, dise\u00f1ado para ofrecer un excelente rendimiento en terrenos duros o c\u00e9sped corto, siendo la opci\u00f3n perfecta para los m\u00e1s peque\u00f1os que inician su aventura en el f\u00fatbol.    Su corte de Fibertech proporciona durabilidad y ligereza, adapt\u00e1ndose perfectamente a las exigencias del juego y al ritmo activo de los ni\u00f1os.    La suela es de caucho DURABILITY de alta calidad con buena resistencia al desgaste por abrasi\u00f3n y agarre a la superficie. Con estructura multitaco que disminuye la presi\u00f3n de la pisada y asegura un buen apoyo.                                                                                                                                                                                                                                                                                                                                                                                                                                                                                                                                                                                                                                                                                                                                                                                                                                                                                                                                                                                                                                        <\/p>\n","protected":false},"excerpt":{"rendered":"<p>BOTAS JOMA SUPERCOPA 2501 TURF<\/p>\n","protected":false},"featured_media":59384,"template":"","meta":[],"product_brand":[],"product_cat":[318],"product_tag":[31],"class_list":{"0":"post-46837","1":"product","2":"type-product","3":"status-publish","4":"has-post-thumbnail","6":"product_cat-deportes_futbol_botas","7":"product_tag-joma","8":"pa_color-unico","9":"pa_talla-127","10":"thunk-woo-product-list","11":"opn-qv-enable","12":"open-woo-hover-","13":"open-single-product-tab-horizontal","14":"open-shadow-","15":"open-shadow-hover-","17":"first","18":"instock","19":"sale","20":"shipping-taxable","21":"purchasable","22":"product-type-variable"},"jetpack_sharing_enabled":true,"_links":{"self":[{"href":"https:\/\/www.deporteseli.com\/index.php?rest_route=\/wp\/v2\/product\/46837","targetHints":{"allow":["GET"]}}],"collection":[{"href":"https:\/\/www.deporteseli.com\/index.php?rest_route=\/wp\/v2\/product"}],"about":[{"href":"https:\/\/www.deporteseli.com\/index.php?rest_route=\/wp\/v2\/types\/product"}],"wp:featuredmedia":[{"embeddable":true,"href":"https:\/\/www.deporteseli.com\/index.php?rest_route=\/wp\/v2\/media\/59384"}],"wp:attachment":[{"href":"https:\/\/www.deporteseli.com\/index.php?rest_route=%2Fwp%2Fv2%2Fmedia&parent=46837"}],"wp:term":[{"taxonomy":"product_brand","embeddable":true,"href":"https:\/\/www.deporteseli.com\/index.php?rest_route=%2Fwp%2Fv2%2Fproduct_brand&post=46837"},{"taxonomy":"product_cat","embeddable":true,"href":"https:\/\/www.deporteseli.com\/index.php?rest_route=%2Fwp%2Fv2%2Fproduct_cat&post=46837"},{"taxonomy":"product_tag","embeddable":true,"href":"https:\/\/www.deporteseli.com\/index.php?rest_route=%2Fwp%2Fv2%2Fproduct_tag&post=46837"}],"curies":[{"name":"wp","href":"https:\/\/api.w.org\/{rel}","templated":true}]}}