{"id":46831,"date":"2026-01-27T21:24:55","date_gmt":"2026-01-27T21:24:55","guid":{"rendered":"https:\/\/www.deporteseli.com\/?product=botas-joma-propulsion-2501"},"modified":"2026-04-18T04:19:23","modified_gmt":"2026-04-18T04:19:23","slug":"botas-joma-propulsion-2501","status":"publish","type":"product","link":"https:\/\/www.deporteseli.com\/?product=botas-joma-propulsion-2501","title":{"rendered":"BOTAS JOMA PROPULSI\u00f3N 2501"},"content":{"rendered":"<p>Las botas de f\u00fatbol JOMA Propulsion JR 2501 en color negro ofrecen un rendimiento \u00f3ptimo para j\u00f3venes promesas. Dise\u00f1adas para proporcionar tracci\u00f3n superior y control del bal\u00f3n, estas botas combinan durabilidad y comodidad. Su dise\u00f1o moderno con detalles en amarillo fl\u00faor asegura que los peque\u00f1os futbolistas destaquen en el campo. Ideales para entrenamientos y partidos, garantizan un ajuste seguro y un juego potente.                                                                                                                                                                                                                                                                                                                                                                                                                                                                                                                                                                                                                                                                                                                                                                                                                                                                                                                                                                                                                                        <\/p>\n","protected":false},"excerpt":{"rendered":"<p>BOTAS JOMA PROPULSI\u00f3N 2501<\/p>\n","protected":false},"featured_media":59383,"template":"","meta":[],"product_brand":[],"product_cat":[318],"product_tag":[31],"class_list":{"0":"post-46831","1":"product","2":"type-product","3":"status-publish","4":"has-post-thumbnail","6":"product_cat-deportes_futbol_botas","7":"product_tag-joma","8":"pa_color-unico","9":"pa_talla-133","10":"pa_talla-139","11":"pa_talla-143","12":"pa_talla-145","13":"pa_talla-147","14":"thunk-woo-product-list","15":"opn-qv-enable","16":"open-woo-hover-","17":"open-single-product-tab-horizontal","18":"open-shadow-","19":"open-shadow-hover-","21":"first","22":"instock","23":"sale","24":"shipping-taxable","25":"purchasable","26":"product-type-variable"},"jetpack_sharing_enabled":true,"_links":{"self":[{"href":"https:\/\/www.deporteseli.com\/index.php?rest_route=\/wp\/v2\/product\/46831","targetHints":{"allow":["GET"]}}],"collection":[{"href":"https:\/\/www.deporteseli.com\/index.php?rest_route=\/wp\/v2\/product"}],"about":[{"href":"https:\/\/www.deporteseli.com\/index.php?rest_route=\/wp\/v2\/types\/product"}],"wp:featuredmedia":[{"embeddable":true,"href":"https:\/\/www.deporteseli.com\/index.php?rest_route=\/wp\/v2\/media\/59383"}],"wp:attachment":[{"href":"https:\/\/www.deporteseli.com\/index.php?rest_route=%2Fwp%2Fv2%2Fmedia&parent=46831"}],"wp:term":[{"taxonomy":"product_brand","embeddable":true,"href":"https:\/\/www.deporteseli.com\/index.php?rest_route=%2Fwp%2Fv2%2Fproduct_brand&post=46831"},{"taxonomy":"product_cat","embeddable":true,"href":"https:\/\/www.deporteseli.com\/index.php?rest_route=%2Fwp%2Fv2%2Fproduct_cat&post=46831"},{"taxonomy":"product_tag","embeddable":true,"href":"https:\/\/www.deporteseli.com\/index.php?rest_route=%2Fwp%2Fv2%2Fproduct_tag&post=46831"}],"curies":[{"name":"wp","href":"https:\/\/api.w.org\/{rel}","templated":true}]}}