{"id":46822,"date":"2026-01-27T21:24:43","date_gmt":"2026-01-27T21:24:43","guid":{"rendered":"https:\/\/www.deporteseli.com\/?product=joma-aguila-2504"},"modified":"2026-03-18T05:19:21","modified_gmt":"2026-03-18T05:19:21","slug":"joma-aguila-2504","status":"publish","type":"product","link":"https:\/\/www.deporteseli.com\/?product=joma-aguila-2504","title":{"rendered":"JOMA AGUILA 2504"},"content":{"rendered":"<p>Bota de f\u00fatbol de c\u00e9sped artificial Joma \u00c1guila 2504 Royal  Control y soporte ligeros para superficies AG  Las botas de f\u00fatbol Joma \u00c1guila 2504 son ideales para jugadores principiantes que entrenan y compiten en c\u00e9sped artificial (AG) . Con un dise\u00f1o cl\u00e1sico y una construcci\u00f3n ligera, ayudan a mejorar la t\u00e9cnica, el control y la precisi\u00f3n.    La parte superior sint\u00e9tica Fibertech ofrece resistencia a la abrasi\u00f3n y ligereza. El soporte del tal\u00f3n EXO COUNTER proporciona estabilidad para los cambios de direcci\u00f3n. La suela AG est\u00e1 hecha de fibra sint\u00e9tica duradera con tacos estrat\u00e9gicamente ubicados para un mejor agarre y distribuci\u00f3n del peso en superficies artificiales.    Caracter\u00edsticas  Parte superior: Material sint\u00e9tico Fibertech ligero y resistente a la abrasi\u00f3n.  Suela: Fibra sint\u00e9tica con configuraci\u00f3n de tacos AG.  Soporte del tal\u00f3n: EXO COUNTER para mayor estabilidad.  Detalles t\u00e9cnicos  Superficie: C\u00e9sped Artificial (AG)  Uso: Entrenamiento y competici\u00f3n.  Nivel de rendimiento: Medio  Color: Real  G\u00e9nero: Hombres  Referencia: AGUS2504AG                                                                                                                                                                                                                                                                                                                                                                                                                                                                                                                                                                                                                                                                                                                                                                                                                                                                                                                                                                                                                                        <\/p>\n","protected":false},"excerpt":{"rendered":"<p>JOMA AGUILA 2504<\/p>\n","protected":false},"featured_media":59379,"template":"","meta":[],"product_brand":[],"product_cat":[318],"product_tag":[31],"class_list":{"0":"post-46822","1":"product","2":"type-product","3":"status-publish","4":"has-post-thumbnail","6":"product_cat-deportes_futbol_botas","7":"product_tag-joma","8":"pa_color-unico","9":"pa_talla-40-5","10":"pa_talla-153","11":"pa_talla-42-5","12":"pa_talla-155","13":"pa_talla-43-5","14":"pa_talla-157","15":"pa_talla-44-5","16":"pa_talla-159","17":"thunk-woo-product-list","18":"opn-qv-enable","19":"open-woo-hover-","20":"open-single-product-tab-horizontal","21":"open-shadow-","22":"open-shadow-hover-","24":"first","25":"instock","26":"sale","27":"shipping-taxable","28":"purchasable","29":"product-type-variable"},"jetpack_sharing_enabled":true,"_links":{"self":[{"href":"https:\/\/www.deporteseli.com\/index.php?rest_route=\/wp\/v2\/product\/46822","targetHints":{"allow":["GET"]}}],"collection":[{"href":"https:\/\/www.deporteseli.com\/index.php?rest_route=\/wp\/v2\/product"}],"about":[{"href":"https:\/\/www.deporteseli.com\/index.php?rest_route=\/wp\/v2\/types\/product"}],"wp:featuredmedia":[{"embeddable":true,"href":"https:\/\/www.deporteseli.com\/index.php?rest_route=\/wp\/v2\/media\/59379"}],"wp:attachment":[{"href":"https:\/\/www.deporteseli.com\/index.php?rest_route=%2Fwp%2Fv2%2Fmedia&parent=46822"}],"wp:term":[{"taxonomy":"product_brand","embeddable":true,"href":"https:\/\/www.deporteseli.com\/index.php?rest_route=%2Fwp%2Fv2%2Fproduct_brand&post=46822"},{"taxonomy":"product_cat","embeddable":true,"href":"https:\/\/www.deporteseli.com\/index.php?rest_route=%2Fwp%2Fv2%2Fproduct_cat&post=46822"},{"taxonomy":"product_tag","embeddable":true,"href":"https:\/\/www.deporteseli.com\/index.php?rest_route=%2Fwp%2Fv2%2Fproduct_tag&post=46822"}],"curies":[{"name":"wp","href":"https:\/\/api.w.org\/{rel}","templated":true}]}}