{"id":46816,"date":"2026-01-27T21:24:33","date_gmt":"2026-01-27T21:24:33","guid":{"rendered":"https:\/\/www.deporteseli.com\/?product=mochila-babolat-759023"},"modified":"2026-04-21T04:17:57","modified_gmt":"2026-04-21T04:17:57","slug":"mochila-babolat-759023","status":"publish","type":"product","link":"https:\/\/www.deporteseli.com\/?product=mochila-babolat-759023","title":{"rendered":"MOCHILA BABOLAT 759023"},"content":{"rendered":"<p>Court Lite es la mochila de p\u00e1del de Babolat dise\u00f1ada para acompa\u00f1arte en tus entrenamientos o viajes cortos. Compacta y resistente, te permitir\u00e1 organizar c\u00f3modamente todo tu equipo, incluida 1 pala sin funda.    Detalles:  Compartimento con cremallera en la parte trasera con cierre de cremallera bidireccional, con forro integrado para guardar el mango de la pala  Compartimento central con cremallera bidireccional \u00fatil para gestionar el cambio posterior al partido, equipado con un bolsillo interno con cremallera para peque\u00f1os accesorios  Bolsillo frontal con cierre de cremallera para acceder f\u00e1cilmente a peque\u00f1os efectos personales  Asa en la parte superior para transportarlo f\u00e1cilmente con la mano  Espalda acolchada para una comodidad \u00f3ptima durante el transporte  Tirantes con interior de malla y correas ajustables  Detalles reflectantes  Logo Bullpadel estampado  Volumen: 25 L  Dimensiones (L x A x P): 29 x 50 x 18 cm  Composici\u00f3n: 100% poli\u00e9ster reciclado                                                                                                                                                                                                                                                                                                                                                                                                                                                                                                                                                                                                                                                                                                                                                                                                                                                                                                                                                                                                                                        <\/p>\n","protected":false},"excerpt":{"rendered":"<p>MOCHILA BABOLAT 759023<\/p>\n","protected":false},"featured_media":59376,"template":"","meta":[],"product_brand":[],"product_cat":[348],"product_tag":[84],"class_list":{"0":"post-46816","1":"product","2":"type-product","3":"status-publish","4":"has-post-thumbnail","6":"product_cat-deportes_tenis","7":"product_tag-babolat","8":"pa_color-unico","9":"pa_talla-unica","10":"thunk-woo-product-list","11":"opn-qv-enable","12":"open-woo-hover-","13":"open-single-product-tab-horizontal","14":"open-shadow-","15":"open-shadow-hover-","17":"first","18":"instock","19":"shipping-taxable","20":"purchasable","21":"product-type-variable"},"jetpack_sharing_enabled":true,"_links":{"self":[{"href":"https:\/\/www.deporteseli.com\/index.php?rest_route=\/wp\/v2\/product\/46816","targetHints":{"allow":["GET"]}}],"collection":[{"href":"https:\/\/www.deporteseli.com\/index.php?rest_route=\/wp\/v2\/product"}],"about":[{"href":"https:\/\/www.deporteseli.com\/index.php?rest_route=\/wp\/v2\/types\/product"}],"wp:featuredmedia":[{"embeddable":true,"href":"https:\/\/www.deporteseli.com\/index.php?rest_route=\/wp\/v2\/media\/59376"}],"wp:attachment":[{"href":"https:\/\/www.deporteseli.com\/index.php?rest_route=%2Fwp%2Fv2%2Fmedia&parent=46816"}],"wp:term":[{"taxonomy":"product_brand","embeddable":true,"href":"https:\/\/www.deporteseli.com\/index.php?rest_route=%2Fwp%2Fv2%2Fproduct_brand&post=46816"},{"taxonomy":"product_cat","embeddable":true,"href":"https:\/\/www.deporteseli.com\/index.php?rest_route=%2Fwp%2Fv2%2Fproduct_cat&post=46816"},{"taxonomy":"product_tag","embeddable":true,"href":"https:\/\/www.deporteseli.com\/index.php?rest_route=%2Fwp%2Fv2%2Fproduct_tag&post=46816"}],"curies":[{"name":"wp","href":"https:\/\/api.w.org\/{rel}","templated":true}]}}