{"id":46812,"date":"2026-01-27T21:24:28","date_gmt":"2026-01-27T21:24:28","guid":{"rendered":"https:\/\/www.deporteseli.com\/?product=mochila-babolat-753112"},"modified":"2026-04-21T04:17:54","modified_gmt":"2026-04-21T04:17:54","slug":"mochila-babolat-753112","status":"publish","type":"product","link":"https:\/\/www.deporteseli.com\/?product=mochila-babolat-753112","title":{"rendered":"MOCHILA BABOLAT 753112"},"content":{"rendered":"<p>Descripci\u00f3n  La mochila Backpack Court Hero est\u00e1 dise\u00f1ada para acompa\u00f1arte en tu d\u00eda a d\u00eda: tanto para ir a dar unas bolas como para una sesi\u00f3n en el gimnasio.    Espaciosa y f\u00e1cil de usar, esta bolsa de tenis sobria y funcional te permitir\u00e1 organizar mejor tu material.    Esta bolsa de gran versatilidad est\u00e1 dividida en tres compartimentos, con el fin de guardar y proteger hasta dos raquetas en un lado, y el resto del material en el otro. En la pista podr\u00e1s acceder f\u00e1cilmente a tu material esencial gracias a sus pr\u00e1cticos bolsillos para accesorios.    Y porque nuestro deseo es ofrecerte lo mejor&#8230;    Hemos dise\u00f1ado esta bolsa con un tejido exterior PET 100 % reciclado, un material m\u00e1s robusto, impermeable y respetuoso con el medioambiente que le aporta una mayor durabilidad. Este planteamiento, esencial para Babolat, aparece reforzado a trav\u00e9s del uso de un forro incoloro, tambi\u00e9n de PET 100 % reciclado, que permite reducir el consumo de agua necesario para la fabricaci\u00f3n de la bolsa.    Beneficios  Creada para el tenis  Esta bolsa ha sido dise\u00f1ada para los jugadores de tenis que buscan funcionalidad: su compartimento para raquetas est\u00e1 separado y te permite organizar todo el material y accesorios necesarios para brillar en la pista.  Versatilidad  La Backpack Court Hero, con su generosa capacidad de 25 litros, est\u00e1 dise\u00f1ada para guardar no solo tu material de tenis, sino tambi\u00e9n todos tus efectos personales esenciales. Este espacioso dise\u00f1o est\u00e1 pensado para satisfacer tus necesidades cotidianas, lo que la convierte en mucho m\u00e1s que una simple bolsa de tenis. Hemos optimizado el espacio dedicado a las raquetas para alcanzar el compromiso perfecto entre una aut\u00e9ntica bolsa de tenis y una mochila vers\u00e1til, ideal para tu d\u00eda a d\u00eda.  Robustez  Fabricada con un tejido exterior de PET 100 % reciclado, la mochila Backpack Court Hero combina robustez, durabilidad y respeto por el medio ambiente. Apuesta por la durabilidad con esta mochila.                                                                                                                                                                                                                                                                                                                                                                                                                                                                                                                                                                                                                                                                                                                                                                                                                                                                                                                                                                                                                                        <\/p>\n","protected":false},"excerpt":{"rendered":"<p>MOCHILA BABOLAT 753112<\/p>\n","protected":false},"featured_media":59369,"template":"","meta":[],"product_brand":[],"product_cat":[348],"product_tag":[84],"class_list":{"0":"post-46812","1":"product","2":"type-product","3":"status-publish","4":"has-post-thumbnail","6":"product_cat-deportes_tenis","7":"product_tag-babolat","8":"pa_color-unico","9":"pa_talla-unica","10":"thunk-woo-product-list","11":"opn-qv-enable","12":"open-woo-hover-","13":"open-single-product-tab-horizontal","14":"open-shadow-","15":"open-shadow-hover-","17":"first","18":"instock","19":"shipping-taxable","20":"purchasable","21":"product-type-variable"},"jetpack_sharing_enabled":true,"_links":{"self":[{"href":"https:\/\/www.deporteseli.com\/index.php?rest_route=\/wp\/v2\/product\/46812","targetHints":{"allow":["GET"]}}],"collection":[{"href":"https:\/\/www.deporteseli.com\/index.php?rest_route=\/wp\/v2\/product"}],"about":[{"href":"https:\/\/www.deporteseli.com\/index.php?rest_route=\/wp\/v2\/types\/product"}],"wp:featuredmedia":[{"embeddable":true,"href":"https:\/\/www.deporteseli.com\/index.php?rest_route=\/wp\/v2\/media\/59369"}],"wp:attachment":[{"href":"https:\/\/www.deporteseli.com\/index.php?rest_route=%2Fwp%2Fv2%2Fmedia&parent=46812"}],"wp:term":[{"taxonomy":"product_brand","embeddable":true,"href":"https:\/\/www.deporteseli.com\/index.php?rest_route=%2Fwp%2Fv2%2Fproduct_brand&post=46812"},{"taxonomy":"product_cat","embeddable":true,"href":"https:\/\/www.deporteseli.com\/index.php?rest_route=%2Fwp%2Fv2%2Fproduct_cat&post=46812"},{"taxonomy":"product_tag","embeddable":true,"href":"https:\/\/www.deporteseli.com\/index.php?rest_route=%2Fwp%2Fv2%2Fproduct_tag&post=46812"}],"curies":[{"name":"wp","href":"https:\/\/api.w.org\/{rel}","templated":true}]}}