{"id":46806,"date":"2026-01-27T21:24:19","date_gmt":"2026-01-27T21:24:19","guid":{"rendered":"https:\/\/www.deporteseli.com\/?product=raquetero-babolat-751235-2"},"modified":"2026-01-27T21:24:21","modified_gmt":"2026-01-27T21:24:21","slug":"raquetero-babolat-751235-2","status":"publish","type":"product","link":"https:\/\/www.deporteseli.com\/?product=raquetero-babolat-751235-2","title":{"rendered":"RAQUETERO BABOLAT 751235"},"content":{"rendered":"<p>Descripci\u00f3n  \u00bfEst\u00e1s listo para un partido de tenis? Tanto si se trata de un entrenamiento, un partido o simplemente un peloteo entre amigos, la bolsa COURT L te permitir\u00e1 transportar todo lo que necesitas con total facilidad.    De gran rendimiento y f\u00e1cil de usar, esta bolsa de tenis sobria y funcional te permitir\u00e1 transportar hasta 9 raquetas, as\u00ed como todo el material necesario para disfrutar en la pista.    Cuenta con dos compartimentos principales y tres bolsillos adicionales que te permitir\u00e1n organizar perfectamente todas tus pertenencias. Dispone asimismo de un sistema de transporte muy c\u00f3modo gracias a sus dos tirantes para llevarla a la espalda.    Y porque nuestro deseo es ofrecerte lo mejor&#8230;    Hemos dise\u00f1ado esta bolsa con un tejido exterior PET 100 % reciclado, un material m\u00e1s robusto, impermeable y respetuoso con el medioambiente, que aumenta su durabilidad. Este planteamiento, esencial para Babolat, queda igualmente reflejado en el uso de un forro incoloro, tambi\u00e9n de PET 100 % reciclado, que permite reducir el consumo de agua necesario para la fabricaci\u00f3n de la bolsa.    Una bolsa polivalente, resistente, duradera, 100 % reciclada y con un dise\u00f1o atemporal.    Beneficios  Creada para el tenis  Esta bolsa est\u00e1 pensada para los jugadores de tenis que buscan funcionalidad y sencillez, ya que cuenta con capacidad para 9 raquetas, junto con todo el material y accesorios que necesitas para salir a la pista.  Versatilidad  En esta espaciosa bolsa, con una capacidad de 65 litros, podr\u00e1s llevar tus raquetas y tu material de tenis, pero tambi\u00e9n todos los accesorios que necesites gracias a sus numerosos bolsillos laterales.  Robustez  Dise\u00f1ada con un tejido exterior fabricado con PET 100 % reciclado, esta bolsa combina robustez, resistencia y respeto por el medio ambiente. Apuesta por la durabilidad con Court L.                                                                                                                                                                                                                                                                                                                                                                                                                                                                                                                                                                                                                                                                                                                                                                                                                                                                                                                                                                                                                                        <\/p>\n","protected":false},"excerpt":{"rendered":"<p>RAQUETERO BABOLAT 751235<\/p>\n","protected":false},"featured_media":59358,"template":"","meta":[],"product_brand":[],"product_cat":[348],"product_tag":[84],"class_list":{"0":"post-46806","1":"product","2":"type-product","3":"status-publish","4":"has-post-thumbnail","6":"product_cat-deportes_tenis","7":"product_tag-babolat","8":"pa_color-unico","9":"pa_talla-unica","10":"thunk-woo-product-list","11":"opn-qv-enable","12":"open-woo-hover-","13":"open-single-product-tab-horizontal","14":"open-shadow-","15":"open-shadow-hover-","17":"first","18":"instock","19":"shipping-taxable","20":"purchasable","21":"product-type-variable"},"jetpack_sharing_enabled":true,"_links":{"self":[{"href":"https:\/\/www.deporteseli.com\/index.php?rest_route=\/wp\/v2\/product\/46806","targetHints":{"allow":["GET"]}}],"collection":[{"href":"https:\/\/www.deporteseli.com\/index.php?rest_route=\/wp\/v2\/product"}],"about":[{"href":"https:\/\/www.deporteseli.com\/index.php?rest_route=\/wp\/v2\/types\/product"}],"wp:featuredmedia":[{"embeddable":true,"href":"https:\/\/www.deporteseli.com\/index.php?rest_route=\/wp\/v2\/media\/59358"}],"wp:attachment":[{"href":"https:\/\/www.deporteseli.com\/index.php?rest_route=%2Fwp%2Fv2%2Fmedia&parent=46806"}],"wp:term":[{"taxonomy":"product_brand","embeddable":true,"href":"https:\/\/www.deporteseli.com\/index.php?rest_route=%2Fwp%2Fv2%2Fproduct_brand&post=46806"},{"taxonomy":"product_cat","embeddable":true,"href":"https:\/\/www.deporteseli.com\/index.php?rest_route=%2Fwp%2Fv2%2Fproduct_cat&post=46806"},{"taxonomy":"product_tag","embeddable":true,"href":"https:\/\/www.deporteseli.com\/index.php?rest_route=%2Fwp%2Fv2%2Fproduct_tag&post=46806"}],"curies":[{"name":"wp","href":"https:\/\/api.w.org\/{rel}","templated":true}]}}