{"id":46798,"date":"2026-01-27T21:24:06","date_gmt":"2026-01-27T21:24:06","guid":{"rendered":"https:\/\/www.deporteseli.com\/?product=correa-babolat"},"modified":"2026-03-20T05:19:22","modified_gmt":"2026-03-20T05:19:22","slug":"correa-babolat","status":"publish","type":"product","link":"https:\/\/www.deporteseli.com\/?product=correa-babolat","title":{"rendered":"CORREA BABOLAT"},"content":{"rendered":"<p>Descripci\u00f3n  Gracias a la nueva tecnolog\u00eda SMART BUTTCAP de nuestras raquetas, tu correa ahora es desmontable. As\u00ed podr\u00e1s cuidar tu estilo hasta el m\u00e1s m\u00ednimo detalle.    Elige la correa a juego con tu raqueta y tu conjunto, y cambia cuando lo desees.    Compatible solo con las raquetas con tecnolog\u00eda SMART BUTTCAP.                                                                                                                                                                                                                                                                                                                                                                                                                                                                                                                                                                                                                                                                                                                                                                                                                                                                                                                                                                                                                                        <\/p>\n","protected":false},"excerpt":{"rendered":"<p>CORREA BABOLAT<\/p>\n","protected":false},"featured_media":59350,"template":"","meta":[],"product_brand":[],"product_cat":[353],"product_tag":[84],"class_list":{"0":"post-46798","1":"product","2":"type-product","3":"status-publish","4":"has-post-thumbnail","6":"product_cat-padel_y_tenis_palas","7":"product_tag-babolat","8":"pa_color-amarillo","9":"pa_color-azul","10":"pa_color-naranja","11":"pa_color-negro","12":"pa_color-rojo","13":"pa_talla-unica","14":"thunk-woo-product-list","15":"opn-qv-enable","16":"open-woo-hover-","17":"open-single-product-tab-horizontal","18":"open-shadow-","19":"open-shadow-hover-","21":"first","22":"instock","23":"shipping-taxable","24":"purchasable","25":"product-type-variable"},"jetpack_sharing_enabled":true,"_links":{"self":[{"href":"https:\/\/www.deporteseli.com\/index.php?rest_route=\/wp\/v2\/product\/46798","targetHints":{"allow":["GET"]}}],"collection":[{"href":"https:\/\/www.deporteseli.com\/index.php?rest_route=\/wp\/v2\/product"}],"about":[{"href":"https:\/\/www.deporteseli.com\/index.php?rest_route=\/wp\/v2\/types\/product"}],"wp:featuredmedia":[{"embeddable":true,"href":"https:\/\/www.deporteseli.com\/index.php?rest_route=\/wp\/v2\/media\/59350"}],"wp:attachment":[{"href":"https:\/\/www.deporteseli.com\/index.php?rest_route=%2Fwp%2Fv2%2Fmedia&parent=46798"}],"wp:term":[{"taxonomy":"product_brand","embeddable":true,"href":"https:\/\/www.deporteseli.com\/index.php?rest_route=%2Fwp%2Fv2%2Fproduct_brand&post=46798"},{"taxonomy":"product_cat","embeddable":true,"href":"https:\/\/www.deporteseli.com\/index.php?rest_route=%2Fwp%2Fv2%2Fproduct_cat&post=46798"},{"taxonomy":"product_tag","embeddable":true,"href":"https:\/\/www.deporteseli.com\/index.php?rest_route=%2Fwp%2Fv2%2Fproduct_tag&post=46798"}],"curies":[{"name":"wp","href":"https:\/\/api.w.org\/{rel}","templated":true}]}}