{"id":46794,"date":"2026-01-27T21:24:02","date_gmt":"2026-01-27T21:24:02","guid":{"rendered":"https:\/\/www.deporteseli.com\/?product=pala-babolat-150167-vertuo-count-25-2"},"modified":"2026-04-08T04:17:49","modified_gmt":"2026-04-08T04:17:49","slug":"pala-babolat-150167-vertuo-count-25-2","status":"publish","type":"product","link":"https:\/\/www.deporteseli.com\/?product=pala-babolat-150167-vertuo-count-25-2","title":{"rendered":"PALA BABOLAT 150167 VERTUO COUNT.\/25.2"},"content":{"rendered":"<p>Descripci\u00f3n  Todos queremos marcar puntos\u2026  Todos somos ATACANTES!    Nuestra observaci\u00f3n del juego y de los jugadores nos ha llevado a identificar varios perfiles de jugadores. Uno de ellos, el contraatacante quiere ser una muralla y controlar el juego con paciencia, esperando la bola perfecta para rematar.    La Counter Vertuo ha sido desarrollada con el fin de aportar la precisi\u00f3n necesaria para aguantar los golpes de los adversarios y proporcionar una potencia f\u00e1cil para acabar el punto.    Intenta agotar a tus adversarios con la versi\u00f3n m\u00e1s blanda de esta nueva generaci\u00f3n de palas que te animar\u00e1 a darle la vuelta al juego y ser un COUNTER STRIKER.  Beneficios  PRECISI\u00d3N  Para controlar el juego y ser un COUNTER STRIKER, la precisi\u00f3n es clave. Lo sabemos y es por eso que hemos desarrollado una nueva forma de pala con un punto dulce m\u00e1s grande. Prep\u00e1rate para devolver las bolas m\u00e1s dif\u00edciles y as\u00ed volver a dominar el juego.    POTENCIA F\u00c1CIL  La potencia de una pala depende del jugador que la usa. Esto es una realidad y es por esto hemos utilizado materiales flexibles para que te puedas beneficiar de la elasticidad de la superficie de la pala. Tendr\u00e1s una potencia sin esfuerzo que te ayudar\u00e1 a dar lo mejor de tu juego.    CONFORT  La comodidad de juego es un beneficio clave a la hora de elegir una pala. Para estar seguros de que podr\u00e1s aprovechar jugar tantas veces como quieras, hemos desarrollado esta pala con materiales flexibles y un peso ligero que permitir\u00e1n reducir el cansancio de tu brazo aport\u00e1ndote m\u00e1s confort y resistencia.                                                                                                                                                                                                                                                                                                                                                                                                                                                                                                                                                                                                                                                                                                                                                                                                                                                                                                                                                                                                                                        <\/p>\n","protected":false},"excerpt":{"rendered":"<p>PALA BABOLAT 150167 VERTUO COUNT.\/25.2<\/p>\n","protected":false},"featured_media":59344,"template":"","meta":[],"product_brand":[],"product_cat":[353],"product_tag":[84],"class_list":{"0":"post-46794","1":"product","2":"type-product","3":"status-publish","4":"has-post-thumbnail","6":"product_cat-padel_y_tenis_palas","7":"product_tag-babolat","8":"pa_color-unico","9":"pa_talla-unica","10":"thunk-woo-product-list","11":"opn-qv-enable","12":"open-woo-hover-","13":"open-single-product-tab-horizontal","14":"open-shadow-","15":"open-shadow-hover-","17":"first","18":"instock","19":"sale","20":"shipping-taxable","21":"purchasable","22":"product-type-variable"},"jetpack_sharing_enabled":true,"_links":{"self":[{"href":"https:\/\/www.deporteseli.com\/index.php?rest_route=\/wp\/v2\/product\/46794","targetHints":{"allow":["GET"]}}],"collection":[{"href":"https:\/\/www.deporteseli.com\/index.php?rest_route=\/wp\/v2\/product"}],"about":[{"href":"https:\/\/www.deporteseli.com\/index.php?rest_route=\/wp\/v2\/types\/product"}],"wp:featuredmedia":[{"embeddable":true,"href":"https:\/\/www.deporteseli.com\/index.php?rest_route=\/wp\/v2\/media\/59344"}],"wp:attachment":[{"href":"https:\/\/www.deporteseli.com\/index.php?rest_route=%2Fwp%2Fv2%2Fmedia&parent=46794"}],"wp:term":[{"taxonomy":"product_brand","embeddable":true,"href":"https:\/\/www.deporteseli.com\/index.php?rest_route=%2Fwp%2Fv2%2Fproduct_brand&post=46794"},{"taxonomy":"product_cat","embeddable":true,"href":"https:\/\/www.deporteseli.com\/index.php?rest_route=%2Fwp%2Fv2%2Fproduct_cat&post=46794"},{"taxonomy":"product_tag","embeddable":true,"href":"https:\/\/www.deporteseli.com\/index.php?rest_route=%2Fwp%2Fv2%2Fproduct_tag&post=46794"}],"curies":[{"name":"wp","href":"https:\/\/api.w.org\/{rel}","templated":true}]}}