{"id":46792,"date":"2026-01-27T21:23:58","date_gmt":"2026-01-27T21:23:58","guid":{"rendered":"https:\/\/www.deporteseli.com\/?product=air-vertuo"},"modified":"2026-04-04T09:50:52","modified_gmt":"2026-04-04T09:50:52","slug":"air-vertuo","status":"publish","type":"product","link":"https:\/\/www.deporteseli.com\/?product=air-vertuo","title":{"rendered":"AIR VERTUO"},"content":{"rendered":"<p>Descripci\u00f3n  Todos queremos marcar puntos\u2026  Todos somos ATACANTES!    Analizando el juego, hemos identificado distintos perfiles de jugadores. Entre ellos, el atacante a\u00e9reo es s\u00faper din\u00e1mico, aprovecha cada oportunidad para subir a la red y utiliza su velocidad para generar potencia.    Para expresar lo mejor de su juego, hemos desarrollado la Air Vertuo que ofrece manejabilidad con un gran confort.    Hemos querido dar mayor estabilidad en la pegada con su nueva forma con mayor superficie en la cara de la pala que ayudar\u00e1 a golpear con mayor firmeza manteniendo la ligereza que la Air Vertuo tiene como una de sus principales caracter\u00edsticas.     Esta versi\u00f3n m\u00e1s blanda y ligera de esta nueva generaci\u00f3n de palas te animar\u00e1 a atacar apareciendo por todas partes y ser un AIR STRIKER.    Haga clic aqu\u00ed para ver las instrucciones.    Beneficios  MANEJABILIDAD  Usando tu velocidad para marcar la diferencia, \u00bfqu\u00e9 dir\u00edas si pudieras tener una pala extremadamente manejable? Pensar\u00edas probablemente que es imposible\u2026  Pero lo hemos hecho! Gracias a su nueva forma h\u00edbrida y su peso ligero, te podr\u00e1s mover a\u00fan m\u00e1s r\u00e1pido y generar potencia. Ahora puedes ser el AIR STRIKER que quieres ser.    POTENCIA F\u00c1CIL  La potencia de una pala depende del jugador que la usa. Esto es una realidad y es por esto hemos utilizado materiales flexibles para que te puedas beneficiar de la elasticidad de la superficie de la pala. Tendr\u00e1s una potencia sin esfuerzo que te ayudar\u00e1 a dar lo mejor de tu juego.    CONFORT  La comodidad de juego es un beneficio clave a la hora de elegir una pala. Para estar seguros de que podr\u00e1s aprovechar jugar tantas veces como quieras, hemos desarrollado esta pala con materiales flexibles y un peso ligero que permitir\u00e1n reducir el cansancio de tu brazo aport\u00e1ndote m\u00e1s confort y resistencia.                                                                                                                                                                                                                                                                                                                                                                                                                                                                                                                                                                                                                                                                                                                                                                                                                                                                                                                                                                                                                                        <\/p>\n","protected":false},"excerpt":{"rendered":"<p>AIR VERTUO<\/p>\n","protected":false},"featured_media":59340,"template":"","meta":[],"product_brand":[],"product_cat":[353],"product_tag":[84],"class_list":{"0":"post-46792","1":"product","2":"type-product","3":"status-publish","4":"has-post-thumbnail","6":"product_cat-padel_y_tenis_palas","7":"product_tag-babolat","8":"pa_color-unico","9":"pa_talla-unica","10":"thunk-woo-product-list","11":"opn-qv-enable","12":"open-woo-hover-","13":"open-single-product-tab-horizontal","14":"open-shadow-","15":"open-shadow-hover-","17":"first","18":"instock","19":"sale","20":"shipping-taxable","21":"purchasable","22":"product-type-variable"},"jetpack_sharing_enabled":true,"_links":{"self":[{"href":"https:\/\/www.deporteseli.com\/index.php?rest_route=\/wp\/v2\/product\/46792","targetHints":{"allow":["GET"]}}],"collection":[{"href":"https:\/\/www.deporteseli.com\/index.php?rest_route=\/wp\/v2\/product"}],"about":[{"href":"https:\/\/www.deporteseli.com\/index.php?rest_route=\/wp\/v2\/types\/product"}],"wp:featuredmedia":[{"embeddable":true,"href":"https:\/\/www.deporteseli.com\/index.php?rest_route=\/wp\/v2\/media\/59340"}],"wp:attachment":[{"href":"https:\/\/www.deporteseli.com\/index.php?rest_route=%2Fwp%2Fv2%2Fmedia&parent=46792"}],"wp:term":[{"taxonomy":"product_brand","embeddable":true,"href":"https:\/\/www.deporteseli.com\/index.php?rest_route=%2Fwp%2Fv2%2Fproduct_brand&post=46792"},{"taxonomy":"product_cat","embeddable":true,"href":"https:\/\/www.deporteseli.com\/index.php?rest_route=%2Fwp%2Fv2%2Fproduct_cat&post=46792"},{"taxonomy":"product_tag","embeddable":true,"href":"https:\/\/www.deporteseli.com\/index.php?rest_route=%2Fwp%2Fv2%2Fproduct_tag&post=46792"}],"curies":[{"name":"wp","href":"https:\/\/api.w.org\/{rel}","templated":true}]}}