{"id":46790,"date":"2026-01-27T21:23:56","date_gmt":"2026-01-27T21:23:56","guid":{"rendered":"https:\/\/www.deporteseli.com\/?product=technical-vertuo"},"modified":"2026-04-04T09:54:28","modified_gmt":"2026-04-04T09:54:28","slug":"technical-vertuo","status":"publish","type":"product","link":"https:\/\/www.deporteseli.com\/?product=technical-vertuo","title":{"rendered":"TECHNICAL VERTUO"},"content":{"rendered":"<p>Descripci\u00f3n  Todos queremos marcar puntos\u2026  Todos somos ATACANTES!    Es una de las conclusiones de nuestro estudio que nos ha permitido identificar diferentes perfiles de jugadores. Entre ellos, el atacante t\u00e9cnico, que quiere dirigir el punto y utilizar su t\u00e9cnica y su fuerza para marcar la diferencia.    Para satisfacer perfectamente las necesidades de este jugador, hemos desarrollado la Technical Vertuo que proporciona potencia f\u00e1cil y confort a la vez en los golpes de ataque.     La versi\u00f3n m\u00e1s blanda de esta nueva generaci\u00f3n de palas te animar\u00e1 a rematarla y ser un TECHNICAL STRIKER.    Beneficios  POTENCIA F\u00c1CIL  La potencia de una pala depende del jugador que la usa. Esto es una realidad y es por esto hemos utilizado materiales flexibles para que te puedas beneficiar de la elasticidad de la superficie de la pala. Tendr\u00e1s una potencia sin esfuerzo que te ayudar\u00e1 a dar lo mejor de tu juego.    DECISIVO  El TECHNICAL STRIKER tiene que ser decisivo en cada golpe de ataque. Para esto, la potencia es imprescindible. Gracias a su patr\u00f3n de agujeros adaptado a su forma de diamante, esta pala har\u00e1 que tus golpes sean ultra decisivos.    CONFORT  La comodidad de juego es un beneficio clave a la hora de elegir una pala. Para estar seguros de que podr\u00e1s aprovechar jugar tantas veces como quieras, hemos desarrollado esta pala con materiales flexibles y un peso ligero que permitir\u00e1n reducir el cansancio de tu brazo aport\u00e1ndote m\u00e1s confort y resistencia.                                                                                                                                                                                                                                                                                                                                                                                                                                                                                                                                                                                                                                                                                                                                                                                                                                                                                                                                                                                                                                        <\/p>\n","protected":false},"excerpt":{"rendered":"<p>TECHNICAL VERTUO<\/p>\n","protected":false},"featured_media":59336,"template":"","meta":[],"product_brand":[],"product_cat":[353],"product_tag":[84],"class_list":{"0":"post-46790","1":"product","2":"type-product","3":"status-publish","4":"has-post-thumbnail","6":"product_cat-padel_y_tenis_palas","7":"product_tag-babolat","8":"pa_color-unico","9":"pa_talla-unica","10":"thunk-woo-product-list","11":"opn-qv-enable","12":"open-woo-hover-","13":"open-single-product-tab-horizontal","14":"open-shadow-","15":"open-shadow-hover-","17":"first","18":"instock","19":"sale","20":"shipping-taxable","21":"purchasable","22":"product-type-variable"},"jetpack_sharing_enabled":true,"_links":{"self":[{"href":"https:\/\/www.deporteseli.com\/index.php?rest_route=\/wp\/v2\/product\/46790","targetHints":{"allow":["GET"]}}],"collection":[{"href":"https:\/\/www.deporteseli.com\/index.php?rest_route=\/wp\/v2\/product"}],"about":[{"href":"https:\/\/www.deporteseli.com\/index.php?rest_route=\/wp\/v2\/types\/product"}],"wp:featuredmedia":[{"embeddable":true,"href":"https:\/\/www.deporteseli.com\/index.php?rest_route=\/wp\/v2\/media\/59336"}],"wp:attachment":[{"href":"https:\/\/www.deporteseli.com\/index.php?rest_route=%2Fwp%2Fv2%2Fmedia&parent=46790"}],"wp:term":[{"taxonomy":"product_brand","embeddable":true,"href":"https:\/\/www.deporteseli.com\/index.php?rest_route=%2Fwp%2Fv2%2Fproduct_brand&post=46790"},{"taxonomy":"product_cat","embeddable":true,"href":"https:\/\/www.deporteseli.com\/index.php?rest_route=%2Fwp%2Fv2%2Fproduct_cat&post=46790"},{"taxonomy":"product_tag","embeddable":true,"href":"https:\/\/www.deporteseli.com\/index.php?rest_route=%2Fwp%2Fv2%2Fproduct_tag&post=46790"}],"curies":[{"name":"wp","href":"https:\/\/api.w.org\/{rel}","templated":true}]}}