{"id":46788,"date":"2026-01-27T21:23:53","date_gmt":"2026-01-27T21:23:53","guid":{"rendered":"https:\/\/www.deporteseli.com\/?product=counter-veron"},"modified":"2026-04-04T09:33:26","modified_gmt":"2026-04-04T09:33:26","slug":"counter-veron","status":"publish","type":"product","link":"https:\/\/www.deporteseli.com\/?product=counter-veron","title":{"rendered":"COUNTER VERON"},"content":{"rendered":"<p>Descripci\u00f3n  Todos queremos marcar puntos\u2026  Todos somos ATACANTES!    Nuestra observaci\u00f3n del juego y de los jugadores nos ha llevado a identificar varios perfiles de jugadores. Uno de ellos, el contraatacante quiere ser una muralla y controlar el juego con paciencia, esperando la bola perfecta para rematar.    La Counter Veron ha sido desarrollada con el fin de aportar la precisi\u00f3n necesaria para aguantar los golpes de los adversarios y tolerancia para acabar el punto.    Prep\u00e1rate para agotar a tus adversarios con esta pala que te ayudar\u00e1 a darle la vuelta al juego y revelar tu verdadera identidad:  un COUNTER STRIKER!    Beneficios  PRECISI\u00d3N  Para controlar el juego y ser un COUNTER STRIKER, la precisi\u00f3n es clave. Lo sabemos y es por eso que hemos desarrollado una nueva forma de pala con un punto dulce m\u00e1s grande. Prep\u00e1rate para devolver las bolas m\u00e1s dif\u00edciles y as\u00ed volver a dominar el juego.    JUGABILIDAD  \u00bfQuieres jugar con una pala de carbono pero siempre te resulta muy dura? \u00bfNo consigues optimizar la explosividad del carbono? Para ayudarte, hemos desarrollado esta pala con la tecnolog\u00eda \u00fanica CARBON FLEX. Pru\u00e9bala y descubrir\u00e1s una sensaci\u00f3n completamente nueva. Ahora t\u00fa tambi\u00e9n puedes beneficiarte de la reactividad del carbono y el confort de la fibra de vidrio.    CONFORT  El p\u00e1del es ante todo un juego al que deber\u00edas poder jugar sin ning\u00fan tipo de aprensi\u00f3n. Sabemos que la rigidez de las palas puede provocar incomodidad para el brazo de algunos jugadores. Por ello, nuestro equipo de I D ha trabajado para reducir riesgos de lesiones. La nueva tecnolog\u00eda VIBRABSORB SYSTEM\u00b2, Powered by SMAC, permite una absorci\u00f3n \u00f3ptima de las vibraciones gracias a una combinaci\u00f3n de elast\u00f3meros, integrados en las fibras de carbono, a nivel del coraz\u00f3n y del mango de la pala.                                                                                                                                                                                                                                                                                                                                                                                                                                                                                                                                                                                                                                                                                                                                                                                                                                                                                                                                                                                                                                        <\/p>\n","protected":false},"excerpt":{"rendered":"<p>COUNTER VERON<\/p>\n","protected":false},"featured_media":59333,"template":"","meta":[],"product_brand":[],"product_cat":[353],"product_tag":[84],"class_list":{"0":"post-46788","1":"product","2":"type-product","3":"status-publish","4":"has-post-thumbnail","6":"product_cat-padel_y_tenis_palas","7":"product_tag-babolat","8":"pa_color-unico","9":"pa_talla-unica","10":"thunk-woo-product-list","11":"opn-qv-enable","12":"open-woo-hover-","13":"open-single-product-tab-horizontal","14":"open-shadow-","15":"open-shadow-hover-","17":"first","18":"instock","19":"sale","20":"shipping-taxable","21":"purchasable","22":"product-type-variable"},"jetpack_sharing_enabled":true,"_links":{"self":[{"href":"https:\/\/www.deporteseli.com\/index.php?rest_route=\/wp\/v2\/product\/46788","targetHints":{"allow":["GET"]}}],"collection":[{"href":"https:\/\/www.deporteseli.com\/index.php?rest_route=\/wp\/v2\/product"}],"about":[{"href":"https:\/\/www.deporteseli.com\/index.php?rest_route=\/wp\/v2\/types\/product"}],"wp:featuredmedia":[{"embeddable":true,"href":"https:\/\/www.deporteseli.com\/index.php?rest_route=\/wp\/v2\/media\/59333"}],"wp:attachment":[{"href":"https:\/\/www.deporteseli.com\/index.php?rest_route=%2Fwp%2Fv2%2Fmedia&parent=46788"}],"wp:term":[{"taxonomy":"product_brand","embeddable":true,"href":"https:\/\/www.deporteseli.com\/index.php?rest_route=%2Fwp%2Fv2%2Fproduct_brand&post=46788"},{"taxonomy":"product_cat","embeddable":true,"href":"https:\/\/www.deporteseli.com\/index.php?rest_route=%2Fwp%2Fv2%2Fproduct_cat&post=46788"},{"taxonomy":"product_tag","embeddable":true,"href":"https:\/\/www.deporteseli.com\/index.php?rest_route=%2Fwp%2Fv2%2Fproduct_tag&post=46788"}],"curies":[{"name":"wp","href":"https:\/\/api.w.org\/{rel}","templated":true}]}}