{"id":46786,"date":"2026-01-27T21:23:50","date_gmt":"2026-01-27T21:23:50","guid":{"rendered":"https:\/\/www.deporteseli.com\/?product=air-veron"},"modified":"2026-04-04T09:43:04","modified_gmt":"2026-04-04T09:43:04","slug":"air-veron","status":"publish","type":"product","link":"https:\/\/www.deporteseli.com\/?product=air-veron","title":{"rendered":"AIR VERON"},"content":{"rendered":"<p>Descripci\u00f3n  Todos queremos marcar puntos\u2026  Todos somos ATACANTES!    Analizando el juego, hemos identificado distintos perfiles de jugadores. Entre ellos, el atacante a\u00e9reo es s\u00faper din\u00e1mico, aprovecha cada oportunidad para subir a la red y utiliza su velocidad para generar potencia.    Para expresar lo mejor de su juego, hemos mejorado la Air Veron que ofrece gran manejabilidad con una jugabilidad extrema.    Esta nueva versi\u00f3n de la Air Veron te proporcionar\u00e1 mayor sensaci\u00f3n de potencia y tolerancia gracias a la nueva forma de la pala.    Tambi\u00e9n hemos querido dar mayor estabilidad en la pegada con su nueva forma con mayor superficie en la cara de la pala que ayudar\u00e1 a golpear con mayor firmeza manteniendo la ligereza que la Air Veron tiene como una de sus principales caracter\u00edsticas.     Esta pala te ayudar\u00e1 a atacar apareciendo por todas partes para superar a tus adversarios.  Demuestra el AIR STRIKER que eres!    Beneficios  MANEJABILIDAD  Usando tu velocidad para marcar la diferencia, \u00bfqu\u00e9 dir\u00edas si pudieras tener una pala extremadamente manejable? Pensar\u00edas probablemente que es imposible\u2026  Pero lo hemos hecho! Gracias a su nueva forma h\u00edbrida y su peso ligero, te podr\u00e1s mover a\u00fan m\u00e1s r\u00e1pido y generar potencia. Ahora puedes ser el AIR STRIKER que quieres ser.    JUGABILIDAD  \u00bfQuieres jugar con una pala de carbono pero siempre te resulta muy dura? \u00bfNo consigues optimizar la explosividad del carbono? Para ayudarte, hemos desarrollado esta pala con la tecnolog\u00eda \u00fanica CARBON FLEX. Pru\u00e9bala y descubrir\u00e1s una sensaci\u00f3n completamente nueva. Ahora t\u00fa tambi\u00e9n puedes beneficiarte de la reactividad del carbono y el confort de la fibra de vidrio.    CONFORT  El p\u00e1del es ante todo un juego al que deber\u00edas poder jugar sin ning\u00fan tipo de aprensi\u00f3n. Sabemos que la rigidez de las palas puede provocar incomodidad para el brazo de algunos jugadores. Por ello, nuestro equipo de I D ha trabajado para reducir riesgos de lesiones. La nueva tecnolog\u00eda VIBRABSORB SYSTEM\u00b2, Powered by SMAC, permite una absorci\u00f3n \u00f3ptima de las vibraciones gracias a una combinaci\u00f3n de elast\u00f3meros, integrados en las fibras de carbono, a nivel del coraz\u00f3n y del mango de la pala.                                                                                                                                                                                                                                                                                                                                                                                                                                                                                                                                                                                                                                                                                                                                                                                                                                                                                                                                                                                                                                        <\/p>\n","protected":false},"excerpt":{"rendered":"<p>AIR VERON<\/p>\n","protected":false},"featured_media":59329,"template":"","meta":[],"product_brand":[],"product_cat":[353],"product_tag":[84],"class_list":{"0":"post-46786","1":"product","2":"type-product","3":"status-publish","4":"has-post-thumbnail","6":"product_cat-padel_y_tenis_palas","7":"product_tag-babolat","8":"pa_color-unico","9":"pa_talla-unica","10":"thunk-woo-product-list","11":"opn-qv-enable","12":"open-woo-hover-","13":"open-single-product-tab-horizontal","14":"open-shadow-","15":"open-shadow-hover-","17":"first","18":"instock","19":"sale","20":"shipping-taxable","21":"purchasable","22":"product-type-variable"},"jetpack_sharing_enabled":true,"_links":{"self":[{"href":"https:\/\/www.deporteseli.com\/index.php?rest_route=\/wp\/v2\/product\/46786","targetHints":{"allow":["GET"]}}],"collection":[{"href":"https:\/\/www.deporteseli.com\/index.php?rest_route=\/wp\/v2\/product"}],"about":[{"href":"https:\/\/www.deporteseli.com\/index.php?rest_route=\/wp\/v2\/types\/product"}],"wp:featuredmedia":[{"embeddable":true,"href":"https:\/\/www.deporteseli.com\/index.php?rest_route=\/wp\/v2\/media\/59329"}],"wp:attachment":[{"href":"https:\/\/www.deporteseli.com\/index.php?rest_route=%2Fwp%2Fv2%2Fmedia&parent=46786"}],"wp:term":[{"taxonomy":"product_brand","embeddable":true,"href":"https:\/\/www.deporteseli.com\/index.php?rest_route=%2Fwp%2Fv2%2Fproduct_brand&post=46786"},{"taxonomy":"product_cat","embeddable":true,"href":"https:\/\/www.deporteseli.com\/index.php?rest_route=%2Fwp%2Fv2%2Fproduct_cat&post=46786"},{"taxonomy":"product_tag","embeddable":true,"href":"https:\/\/www.deporteseli.com\/index.php?rest_route=%2Fwp%2Fv2%2Fproduct_tag&post=46786"}],"curies":[{"name":"wp","href":"https:\/\/api.w.org\/{rel}","templated":true}]}}