{"id":46784,"date":"2026-01-27T21:23:47","date_gmt":"2026-01-27T21:23:47","guid":{"rendered":"https:\/\/www.deporteseli.com\/?product=technical-veron"},"modified":"2026-04-04T09:45:13","modified_gmt":"2026-04-04T09:45:13","slug":"technical-veron","status":"publish","type":"product","link":"https:\/\/www.deporteseli.com\/?product=technical-veron","title":{"rendered":"TECHNICAL VERON"},"content":{"rendered":"<p>Descripci\u00f3n  Todos queremos marcar puntos\u2026  Todos somos ATACANTES!    Es una de las conclusiones de nuestro estudio que nos ha permitido identificar diferentes perfiles de jugadores. Entre ellos, el atacante t\u00e9cnico, que quiere dirigir el punto y utilizar su t\u00e9cnica y su fuerza para marcar la diferencia.    Para satisfacer perfectamente las necesidades de este jugador, hemos desarrollado la Technical Veron que proporciona gran potencia y jugabilidad a la vez en los golpes de ataque.     Esta pala te ayudar\u00e1 a rematarla por 3 y ser el TECHNICAL STRIKER que quieres ser.    Haga clic aqu\u00ed para ver las instrucciones.    Beneficios  POTENCIA  \u00bfQuieres jugar con una pala de carbono pero siempre te resulta muy dura? \u00bfNo consigues optimizar la explosividad del carbono? Gracias a su patr\u00f3n de agujeros adaptado a su forma de diamante, esta pala har\u00e1 que tus golpes sean ultra decisivos.     JUGABILIDAD  El TECHNICAL STRIKER tiene que ser decisivo en cada golpe de ataque. Para esto, la jugabilidad es imprescindible. Con una tecnolog\u00eda \u00fanica CARBON FLEX. Pru\u00e9bala y descubrir\u00e1s una sensaci\u00f3n completamente nueva. Ahora t\u00fa tambi\u00e9n puedes beneficiarte de la reactividad del carbono y el confort de la fibra de vidrio    CONFORT  El p\u00e1del es ante todo un juego al que deber\u00edas poder jugar sin ning\u00fan tipo de aprensi\u00f3n. Sabemos que la rigidez de las palas puede provocar incomodidad para el brazo de algunos jugadores. Por ello, nuestro equipo de I D ha trabajado para reducir riesgos de lesiones. La nueva tecnolog\u00eda VIBRABSORB SYSTEM\u00b2, Powered by SMAC, permite una absorci\u00f3n \u00f3ptima de las vibraciones gracias a una combinaci\u00f3n de elast\u00f3meros, integrados en las fibras de carbono, a nivel del coraz\u00f3n y del mango de la pala.                                                                                                                                                                                                                                                                                                                                                                                                                                                                                                                                                                                                                                                                                                                                                                                                                                                                                                                                                                                                                                        <\/p>\n","protected":false},"excerpt":{"rendered":"<p>TECHNICAL VERON<\/p>\n","protected":false},"featured_media":59325,"template":"","meta":[],"product_brand":[],"product_cat":[353],"product_tag":[84],"class_list":{"0":"post-46784","1":"product","2":"type-product","3":"status-publish","4":"has-post-thumbnail","6":"product_cat-padel_y_tenis_palas","7":"product_tag-babolat","8":"pa_color-unico","9":"pa_talla-unica","10":"thunk-woo-product-list","11":"opn-qv-enable","12":"open-woo-hover-","13":"open-single-product-tab-horizontal","14":"open-shadow-","15":"open-shadow-hover-","17":"first","18":"instock","19":"sale","20":"shipping-taxable","21":"purchasable","22":"product-type-variable"},"jetpack_sharing_enabled":true,"_links":{"self":[{"href":"https:\/\/www.deporteseli.com\/index.php?rest_route=\/wp\/v2\/product\/46784","targetHints":{"allow":["GET"]}}],"collection":[{"href":"https:\/\/www.deporteseli.com\/index.php?rest_route=\/wp\/v2\/product"}],"about":[{"href":"https:\/\/www.deporteseli.com\/index.php?rest_route=\/wp\/v2\/types\/product"}],"wp:featuredmedia":[{"embeddable":true,"href":"https:\/\/www.deporteseli.com\/index.php?rest_route=\/wp\/v2\/media\/59325"}],"wp:attachment":[{"href":"https:\/\/www.deporteseli.com\/index.php?rest_route=%2Fwp%2Fv2%2Fmedia&parent=46784"}],"wp:term":[{"taxonomy":"product_brand","embeddable":true,"href":"https:\/\/www.deporteseli.com\/index.php?rest_route=%2Fwp%2Fv2%2Fproduct_brand&post=46784"},{"taxonomy":"product_cat","embeddable":true,"href":"https:\/\/www.deporteseli.com\/index.php?rest_route=%2Fwp%2Fv2%2Fproduct_cat&post=46784"},{"taxonomy":"product_tag","embeddable":true,"href":"https:\/\/www.deporteseli.com\/index.php?rest_route=%2Fwp%2Fv2%2Fproduct_tag&post=46784"}],"curies":[{"name":"wp","href":"https:\/\/api.w.org\/{rel}","templated":true}]}}