{"id":46782,"date":"2026-01-27T21:23:44","date_gmt":"2026-01-27T21:23:44","guid":{"rendered":"https:\/\/www.deporteseli.com\/?product=counter-viper"},"modified":"2026-04-04T09:58:36","modified_gmt":"2026-04-04T09:58:36","slug":"counter-viper","status":"publish","type":"product","link":"https:\/\/www.deporteseli.com\/?product=counter-viper","title":{"rendered":"COUNTER VIPER"},"content":{"rendered":"<p>Descripci\u00f3n  Precisi\u00f3n y tolerancia: exactamente lo que necesitas para ser un muro y controlar el juego con paciencia mientras esperas la bola perfecta para rematar. Dicho de otro modo, un contraatacante. Adem\u00e1s hemos incorporado un acabado extra rugoso que te permitir\u00e1 dar unos efectos incre\u00edbles a la bola.    Ser\u00e1s un COUNTER STRIKER. Agota a tus adversarios antes de rematar la pelota para ganar el punto.    Los jugadores profesionnales del team babolat pueden jugar con un modelo personalizado o diferente del equipamento presente.    Haga clic aqu\u00ed para ver las instrucciones.    Beneficios  PRECISI\u00d3N  Gran precisi\u00f3n con la m\u00e1xima intensidad, gracias a la combinaci\u00f3n de su superficie de carbono y su tecnolog\u00eda X-EVA, y su forma m\u00e1s redonda con el punto dulce m\u00e1s grande vas a descubrir una precisi\u00f3n nunca antes experimentada. Marca la diferencia y supera a tus adversarios.    REACTIVIDAD  Para controlar el juego y ser un COUNTER STRIKER, la reactividad es clave. \u00bfQu\u00e9 dir\u00edas si pudieras tener una pala extremadamente precisa y con gran reactividad? Lo sabemos y es por eso que hemos desarrollado esta pala con gran superficie de pegada y 100% carbono. Prep\u00e1rate para devolver las bolas m\u00e1s dif\u00edciles y as\u00ed volver a dominar el juego.    CONFORT  El p\u00e1del es ante todo un juego al que deber\u00edas poder jugar sin ning\u00fan tipo de aprensi\u00f3n. Sabemos que la rigidez de las palas puede provocar incomodidad para el brazo de algunos jugadores. Por ello, nuestro equipo de I D ha trabajado para reducir riesgos de lesiones. La nueva tecnolog\u00eda VIBRABSORB SYSTEM\u00b2, Powered by SMAC, permite una absorci\u00f3n \u00f3ptima de las vibraciones gracias a una combinaci\u00f3n de elast\u00f3meros, integrados en las fibras de carbono, a nivel del coraz\u00f3n y del mango de la pala.                                                                                                                                                                                                                                                                                                                                                                                                                                                                                                                                                                                                                                                                                                                                                                                                                                                                                                                                                                                                                                        <\/p>\n","protected":false},"excerpt":{"rendered":"<p>COUNTER VIPER<\/p>\n","protected":false},"featured_media":59321,"template":"","meta":[],"product_brand":[],"product_cat":[353],"product_tag":[84],"class_list":{"0":"post-46782","1":"product","2":"type-product","3":"status-publish","4":"has-post-thumbnail","6":"product_cat-padel_y_tenis_palas","7":"product_tag-babolat","8":"pa_color-unico","9":"pa_talla-unica","10":"thunk-woo-product-list","11":"opn-qv-enable","12":"open-woo-hover-","13":"open-single-product-tab-horizontal","14":"open-shadow-","15":"open-shadow-hover-","17":"first","18":"instock","19":"sale","20":"shipping-taxable","21":"purchasable","22":"product-type-variable"},"jetpack_sharing_enabled":true,"_links":{"self":[{"href":"https:\/\/www.deporteseli.com\/index.php?rest_route=\/wp\/v2\/product\/46782","targetHints":{"allow":["GET"]}}],"collection":[{"href":"https:\/\/www.deporteseli.com\/index.php?rest_route=\/wp\/v2\/product"}],"about":[{"href":"https:\/\/www.deporteseli.com\/index.php?rest_route=\/wp\/v2\/types\/product"}],"wp:featuredmedia":[{"embeddable":true,"href":"https:\/\/www.deporteseli.com\/index.php?rest_route=\/wp\/v2\/media\/59321"}],"wp:attachment":[{"href":"https:\/\/www.deporteseli.com\/index.php?rest_route=%2Fwp%2Fv2%2Fmedia&parent=46782"}],"wp:term":[{"taxonomy":"product_brand","embeddable":true,"href":"https:\/\/www.deporteseli.com\/index.php?rest_route=%2Fwp%2Fv2%2Fproduct_brand&post=46782"},{"taxonomy":"product_cat","embeddable":true,"href":"https:\/\/www.deporteseli.com\/index.php?rest_route=%2Fwp%2Fv2%2Fproduct_cat&post=46782"},{"taxonomy":"product_tag","embeddable":true,"href":"https:\/\/www.deporteseli.com\/index.php?rest_route=%2Fwp%2Fv2%2Fproduct_tag&post=46782"}],"curies":[{"name":"wp","href":"https:\/\/api.w.org\/{rel}","templated":true}]}}