{"id":46776,"date":"2026-01-27T21:23:35","date_gmt":"2026-01-27T21:23:35","guid":{"rendered":"https:\/\/www.deporteseli.com\/?product=pala-babolat-dyna-spirit"},"modified":"2026-04-04T09:37:03","modified_gmt":"2026-04-04T09:37:03","slug":"pala-babolat-dyna-spirit","status":"publish","type":"product","link":"https:\/\/www.deporteseli.com\/?product=pala-babolat-dyna-spirit","title":{"rendered":"PALA BABOLAT DYNA SPIRIT"},"content":{"rendered":"<p>Descripci\u00f3n  Te hemos observado y preguntado para aportarte una respuesta 100 % adaptada: la gama de raquetas m\u00e1s ligera que hemos desarrollado nunca. Entre estas palas, la Dyna Spirit te ofrecer\u00e1 a la vez confort, manejabilidad extrema y facilidad de movimiento. Si\u00e9ntete libre y atr\u00e9vete a marcar la diferencia. Tu pala de p\u00e1del deber\u00eda responder plenamente a tus necesidades. Eres distinta de los hombres y lo sabemos.    Los jugadores profesionales del team BABOLAT pueden jugar con un modelo personalizado o diferente del equipamiento presente.  Beneficios  LIGEREZA  Nuestras observaciones del juego han detectado que la ligereza es una ventaja clave a la hora de ofrecerte palas 100 % adaptadas. Gracias a una construcci\u00f3n especial, un grosor de 36 mm y la exclusiva tecnolog\u00eda MICROPERF, esta es una de las palas m\u00e1s ligeras que hemos desarrollado. Su extrema ligereza te facilitar\u00e1 la ejecuci\u00f3n de golpes en todas las situaciones, lo que mejorar\u00e1 todos los aspectos del juego.  CONFORT  El confort del juego es una ventaja clave a la hora de elegir una raqueta. Para garantizarte el disfrute que buscas, hemos desarrollado esta pala con un peso extremadamente ligero y materiales m\u00e1s flexibles, lo que permite reducir el cansancio del brazo para mayor resistencia y confort.  POTENCIA F\u00c1CIL  La potencia de una pala depende del jugador que la usa. Esto es una realidad y es por esto hemos utilizado materiales blandos para que te puedas beneficiar de la elasticidad de la superficie de la pala. Tendr\u00e1s una potencia sin esfuerzo que te ayudar\u00e1 a dar lo mejor de tu juego.                                                                                                                                                                                                                                                                                                                                                                                                                                                                                                                                                                                                                                                                                                                                                                                                                                                                                                                                                                                                                                        <\/p>\n","protected":false},"excerpt":{"rendered":"<p>PALA BABOLAT DYNA SPIRIT<\/p>\n","protected":false},"featured_media":59310,"template":"","meta":[],"product_brand":[],"product_cat":[353],"product_tag":[84],"class_list":{"0":"post-46776","1":"product","2":"type-product","3":"status-publish","4":"has-post-thumbnail","6":"product_cat-padel_y_tenis_palas","7":"product_tag-babolat","8":"pa_color-unico","9":"pa_talla-unica","10":"thunk-woo-product-list","11":"opn-qv-enable","12":"open-woo-hover-","13":"open-single-product-tab-horizontal","14":"open-shadow-","15":"open-shadow-hover-","17":"first","18":"instock","19":"sale","20":"shipping-taxable","21":"purchasable","22":"product-type-variable"},"jetpack_sharing_enabled":true,"_links":{"self":[{"href":"https:\/\/www.deporteseli.com\/index.php?rest_route=\/wp\/v2\/product\/46776","targetHints":{"allow":["GET"]}}],"collection":[{"href":"https:\/\/www.deporteseli.com\/index.php?rest_route=\/wp\/v2\/product"}],"about":[{"href":"https:\/\/www.deporteseli.com\/index.php?rest_route=\/wp\/v2\/types\/product"}],"wp:featuredmedia":[{"embeddable":true,"href":"https:\/\/www.deporteseli.com\/index.php?rest_route=\/wp\/v2\/media\/59310"}],"wp:attachment":[{"href":"https:\/\/www.deporteseli.com\/index.php?rest_route=%2Fwp%2Fv2%2Fmedia&parent=46776"}],"wp:term":[{"taxonomy":"product_brand","embeddable":true,"href":"https:\/\/www.deporteseli.com\/index.php?rest_route=%2Fwp%2Fv2%2Fproduct_brand&post=46776"},{"taxonomy":"product_cat","embeddable":true,"href":"https:\/\/www.deporteseli.com\/index.php?rest_route=%2Fwp%2Fv2%2Fproduct_cat&post=46776"},{"taxonomy":"product_tag","embeddable":true,"href":"https:\/\/www.deporteseli.com\/index.php?rest_route=%2Fwp%2Fv2%2Fproduct_tag&post=46776"}],"curies":[{"name":"wp","href":"https:\/\/api.w.org\/{rel}","templated":true}]}}