{"id":46774,"date":"2026-01-27T21:23:32","date_gmt":"2026-01-27T21:23:32","guid":{"rendered":"https:\/\/www.deporteseli.com\/?product=pala-babolat-dyna-energy"},"modified":"2026-04-04T09:38:29","modified_gmt":"2026-04-04T09:38:29","slug":"pala-babolat-dyna-energy","status":"publish","type":"product","link":"https:\/\/www.deporteseli.com\/?product=pala-babolat-dyna-energy","title":{"rendered":"PALA BABOLAT DYNA ENERGY"},"content":{"rendered":"<p>Descripci\u00f3n  Tu pala de p\u00e1del deber\u00eda responder plenamente a tus necesidades. Eres distinta de los hombres y lo sabemos. Te hemos observado y preguntado para aportarte una respuesta 100 % adaptada: la gama de palas m\u00e1s ligera que hemos desarrollado nunca. Entre estas palas, la Dyna Energy te aportar\u00e1 una gran manejabilidad y una facilidad de movimiento excepcional. Resiste a cada golpe. Agota a tus adversarios para ganar el punto.    Los jugadores profesionales del team BABOLAT pueden jugar con un modelo personalizado o diferente del equipamiento presente.    Beneficios  LIGEREZA  Nuestras observaciones del juego han detectado que la ligereza es una ventaja clave a la hora de ofrecerte palas 100 % adaptadas. Gracias a una construcci\u00f3n especial, un grosor de 36 mm y la exclusiva tecnolog\u00eda MICROPERF, esta es una de las palas m\u00e1s ligeras que hemos desarrollado. Su extrema ligereza te facilitar\u00e1 la ejecuci\u00f3n de golpes en todas las situaciones, lo que mejorar\u00e1 todos los aspectos del juego.  POTENCIA DIN\u00c1MICA  \u00bfQuieres jugar con una pala de carbono pero siempre te resulta muy dura? \u00bfNo consigues optimizar la explosividad del carbono? Para ayudarte, hemos desarrollado esta pala con la tecnolog\u00eda \u00fanica CARBON FLEX. Pru\u00e9bala y descubrir\u00e1s una sensaci\u00f3n completamente nueva llamada potencia din\u00e1mica. Ahora t\u00fa tambi\u00e9n puedes beneficiarte de la potencia del carbono.    CONFORT  El confort del juego es una ventaja clave a la hora de elegir una pala. Para garantizarte el disfrute que buscas, hemos desarrollado esta pala con un peso extremadamente ligero y materiales m\u00e1s flexibles, lo que permite reducir el cansancio del brazo para mayor resistencia y confort.                                                                                                                                                                                                                                                                                                                                                                                                                                                                                                                                                                                                                                                                                                                                                                                                                                                                                                                                                                                                                                        <\/p>\n","protected":false},"excerpt":{"rendered":"<p>PALA BABOLAT DYNA ENERGY<\/p>\n","protected":false},"featured_media":59307,"template":"","meta":[],"product_brand":[],"product_cat":[353],"product_tag":[84],"class_list":{"0":"post-46774","1":"product","2":"type-product","3":"status-publish","4":"has-post-thumbnail","6":"product_cat-padel_y_tenis_palas","7":"product_tag-babolat","8":"pa_color-unico","9":"pa_talla-unica","10":"thunk-woo-product-list","11":"opn-qv-enable","12":"open-woo-hover-","13":"open-single-product-tab-horizontal","14":"open-shadow-","15":"open-shadow-hover-","17":"first","18":"instock","19":"sale","20":"shipping-taxable","21":"purchasable","22":"product-type-variable"},"jetpack_sharing_enabled":true,"_links":{"self":[{"href":"https:\/\/www.deporteseli.com\/index.php?rest_route=\/wp\/v2\/product\/46774","targetHints":{"allow":["GET"]}}],"collection":[{"href":"https:\/\/www.deporteseli.com\/index.php?rest_route=\/wp\/v2\/product"}],"about":[{"href":"https:\/\/www.deporteseli.com\/index.php?rest_route=\/wp\/v2\/types\/product"}],"wp:featuredmedia":[{"embeddable":true,"href":"https:\/\/www.deporteseli.com\/index.php?rest_route=\/wp\/v2\/media\/59307"}],"wp:attachment":[{"href":"https:\/\/www.deporteseli.com\/index.php?rest_route=%2Fwp%2Fv2%2Fmedia&parent=46774"}],"wp:term":[{"taxonomy":"product_brand","embeddable":true,"href":"https:\/\/www.deporteseli.com\/index.php?rest_route=%2Fwp%2Fv2%2Fproduct_brand&post=46774"},{"taxonomy":"product_cat","embeddable":true,"href":"https:\/\/www.deporteseli.com\/index.php?rest_route=%2Fwp%2Fv2%2Fproduct_cat&post=46774"},{"taxonomy":"product_tag","embeddable":true,"href":"https:\/\/www.deporteseli.com\/index.php?rest_route=%2Fwp%2Fv2%2Fproduct_tag&post=46774"}],"curies":[{"name":"wp","href":"https:\/\/api.w.org\/{rel}","templated":true}]}}