{"id":46770,"date":"2026-01-27T21:23:27","date_gmt":"2026-01-27T21:23:27","guid":{"rendered":"https:\/\/www.deporteseli.com\/?product=raqueta-babolat-110482-25"},"modified":"2026-04-18T04:19:19","modified_gmt":"2026-04-18T04:19:19","slug":"raqueta-babolat-110482-25","status":"publish","type":"product","link":"https:\/\/www.deporteseli.com\/?product=raqueta-babolat-110482-25","title":{"rendered":"RAQUETA BABOLAT 110482 25"},"content":{"rendered":"<p>Descripci\u00f3n  Es cierto, el tenis es uno de los deportes m\u00e1s dif\u00edciles para principiantes.  \u00bfNuestra misi\u00f3n? Facilitar el aprendizaje del tenis para que tu hijo progrese r\u00e1pidamente mientras se divierte en la pista.  Gracias a la estrecha colaboraci\u00f3n con socios especializados, hemos conseguido dise\u00f1ar una raqueta que se adapta perfectamente a la morfolog\u00eda de tu hijo.  As\u00ed, la raqueta Ballfighter 25 es m\u00e1s ligera, manejable y tolerante.  Gracias a su divertido y colorido dise\u00f1o, esta raqueta har\u00e1 feliz a tu futuro campe\u00f3n.  Para facilitar a\u00fan m\u00e1s el aprendizaje, hemos integrado herramientas did\u00e1cticas en la propia raqueta para ayudar a los ni\u00f1os a dominar las bases del tenis.  No es casualidad que 6000 entrenadores de todo el mundo recomienden la raqueta Ballfighter.  La raqueta Ballfighter 25 es para jugadores con una estatura entre 135 y 145 cm.  Beneficios  PEDAGOG\u00cdA  Hemos intentado entender c\u00f3mo pod\u00edamos facilitar a los ni\u00f1os el aprendizaje del tenis.  \u00bfC\u00f3mo debo colocar las manos? \u00bfC\u00f3mo debo sostener la raqueta para recibir el servicio? Son preguntas frecuentes entre los principiantes. Por esta raz\u00f3n esta raqueta cuenta con un grip de aprendizaje y algunas ayudas visuales en el marco. Quer\u00edamos ayudar a los ni\u00f1os de una manera f\u00e1cil y divertida a colocar las manos en el mango y a adoptar la actitud correcta en la pista. \u00bfNo es genial?  MANEJABILIDAD  Es posible que hayas dejado de jugar al tenis de peque\u00f1o porque te parec\u00eda demasiado complicado. Eso es pasado. Hoy en d\u00eda, tu hijo puede disfrutar de los \u00faltimos materiales e innovaciones dise\u00f1ados espec\u00edficamente para los j\u00f3venes jugadores. Nuestras raquetas Ballfighter de aluminio son ligeras y cuentan con un tamiz m\u00e1s grande y un tama\u00f1o de grip que se adapta perfectamente a la morfolog\u00eda de los ni\u00f1os para que el aprendizaje del tenis sea m\u00e1s f\u00e1cil y menos traumatizante para el cuerpo de tu futuro campe\u00f3n.                                                                                                                                                                                                                                                                                                                                                                                                                                                                                                                                                                                                                                                                                                                                                                                                                                                                                                                                                                                                                                        <\/p>\n","protected":false},"excerpt":{"rendered":"<p>RAQUETA BABOLAT 110482 25<\/p>\n","protected":false},"featured_media":59298,"template":"","meta":[],"product_brand":[],"product_cat":[348],"product_tag":[84],"class_list":{"0":"post-46770","1":"product","2":"type-product","3":"status-publish","4":"has-post-thumbnail","6":"product_cat-deportes_tenis","7":"product_tag-babolat","8":"pa_color-unico","9":"pa_talla-unica","10":"thunk-woo-product-list","11":"opn-qv-enable","12":"open-woo-hover-","13":"open-single-product-tab-horizontal","14":"open-shadow-","15":"open-shadow-hover-","17":"first","18":"instock","19":"shipping-taxable","20":"purchasable","21":"product-type-variable"},"jetpack_sharing_enabled":true,"_links":{"self":[{"href":"https:\/\/www.deporteseli.com\/index.php?rest_route=\/wp\/v2\/product\/46770","targetHints":{"allow":["GET"]}}],"collection":[{"href":"https:\/\/www.deporteseli.com\/index.php?rest_route=\/wp\/v2\/product"}],"about":[{"href":"https:\/\/www.deporteseli.com\/index.php?rest_route=\/wp\/v2\/types\/product"}],"wp:featuredmedia":[{"embeddable":true,"href":"https:\/\/www.deporteseli.com\/index.php?rest_route=\/wp\/v2\/media\/59298"}],"wp:attachment":[{"href":"https:\/\/www.deporteseli.com\/index.php?rest_route=%2Fwp%2Fv2%2Fmedia&parent=46770"}],"wp:term":[{"taxonomy":"product_brand","embeddable":true,"href":"https:\/\/www.deporteseli.com\/index.php?rest_route=%2Fwp%2Fv2%2Fproduct_brand&post=46770"},{"taxonomy":"product_cat","embeddable":true,"href":"https:\/\/www.deporteseli.com\/index.php?rest_route=%2Fwp%2Fv2%2Fproduct_cat&post=46770"},{"taxonomy":"product_tag","embeddable":true,"href":"https:\/\/www.deporteseli.com\/index.php?rest_route=%2Fwp%2Fv2%2Fproduct_tag&post=46770"}],"curies":[{"name":"wp","href":"https:\/\/api.w.org\/{rel}","templated":true}]}}