{"id":46762,"date":"2026-01-27T21:23:15","date_gmt":"2026-01-27T21:23:15","guid":{"rendered":"https:\/\/www.deporteseli.com\/?product=chandal-puma-686280"},"modified":"2026-03-07T06:28:43","modified_gmt":"2026-03-07T06:28:43","slug":"chandal-puma-686280","status":"publish","type":"product","link":"https:\/\/www.deporteseli.com\/?product=chandal-puma-686280","title":{"rendered":"CHANDAL PUMA 686280"},"content":{"rendered":"<p>Dise\u00f1ado para la comodidad, el estilo y la sostenibilidad, este ch\u00e1ndal Puma de la colecci\u00f3n infantil de oto\u00f1o\/invierno es la opci\u00f3n perfecta para que los peque\u00f1os lo usen en los d\u00edas m\u00e1s fr\u00edos. El conjunto est\u00e1 confeccionado con una mezcla suave pero duradera de materiales ecol\u00f3gicos: 42 % algod\u00f3n, 32 % poli\u00e9ster reciclado y 26 % algod\u00f3n reciclado.    La chaqueta de manga larga est\u00e1 realzada con estampados de goma con el logo de Puma n.\u00ba 1. Los pu\u00f1os acanalados mejoran el ajuste y ofrecen mayor protecci\u00f3n contra el fr\u00edo. Los pantalones cuentan con bajos estrechos y cordones internos ajustables para un ajuste c\u00f3modo y seguro, mientras que los bolsillos laterales son pr\u00e1cticos para el d\u00eda a d\u00eda.                                                                                                                                                                                                                                                                                                                                                                                                                                                                                                                                                                                                                                                                                                                                                                                                                                                                                                                                                                                                                                        <\/p>\n","protected":false},"excerpt":{"rendered":"<p>CHANDAL PUMA 686280<\/p>\n","protected":false},"featured_media":59291,"template":"","meta":[],"product_brand":[],"product_cat":[298],"product_tag":[32],"class_list":{"0":"post-46762","1":"product","2":"type-product","3":"status-publish","4":"has-post-thumbnail","6":"product_cat-nino_textil_chandals","7":"product_tag-puma","8":"pa_color-unico","9":"pa_talla-18-meses","10":"pa_talla-103","11":"pa_talla-167","12":"thunk-woo-product-list","13":"opn-qv-enable","14":"open-woo-hover-","15":"open-single-product-tab-horizontal","16":"open-shadow-","17":"open-shadow-hover-","19":"first","20":"instock","21":"shipping-taxable","22":"purchasable","23":"product-type-variable"},"jetpack_sharing_enabled":true,"_links":{"self":[{"href":"https:\/\/www.deporteseli.com\/index.php?rest_route=\/wp\/v2\/product\/46762","targetHints":{"allow":["GET"]}}],"collection":[{"href":"https:\/\/www.deporteseli.com\/index.php?rest_route=\/wp\/v2\/product"}],"about":[{"href":"https:\/\/www.deporteseli.com\/index.php?rest_route=\/wp\/v2\/types\/product"}],"wp:featuredmedia":[{"embeddable":true,"href":"https:\/\/www.deporteseli.com\/index.php?rest_route=\/wp\/v2\/media\/59291"}],"wp:attachment":[{"href":"https:\/\/www.deporteseli.com\/index.php?rest_route=%2Fwp%2Fv2%2Fmedia&parent=46762"}],"wp:term":[{"taxonomy":"product_brand","embeddable":true,"href":"https:\/\/www.deporteseli.com\/index.php?rest_route=%2Fwp%2Fv2%2Fproduct_brand&post=46762"},{"taxonomy":"product_cat","embeddable":true,"href":"https:\/\/www.deporteseli.com\/index.php?rest_route=%2Fwp%2Fv2%2Fproduct_cat&post=46762"},{"taxonomy":"product_tag","embeddable":true,"href":"https:\/\/www.deporteseli.com\/index.php?rest_route=%2Fwp%2Fv2%2Fproduct_tag&post=46762"}],"curies":[{"name":"wp","href":"https:\/\/api.w.org\/{rel}","templated":true}]}}