{"id":46756,"date":"2026-01-27T21:23:07","date_gmt":"2026-01-27T21:23:07","guid":{"rendered":"https:\/\/www.deporteseli.com\/?product=tenis-puma-311523-3"},"modified":"2026-04-06T09:17:18","modified_gmt":"2026-04-06T09:17:18","slug":"tenis-puma-311523-3","status":"publish","type":"product","link":"https:\/\/www.deporteseli.com\/?product=tenis-puma-311523-3","title":{"rendered":"TENIS PUMA 311523"},"content":{"rendered":"<p>La Puma FlexFocus Modern es el modelo nuevo m\u00e1s r\u00e1pido de la oferta PUMA. Este calzado est\u00e1 dise\u00f1ado para brindar comodidad liviana. La parte superior se destaca por una ejecuci\u00f3n de marca elevada y una divisi\u00f3n de material de primera calidad para transmitir nuestro lenguaje de dise\u00f1o progresivo.                                                                                                                                                                                                                                                                                                                                                                                                                                                                                                                                                                                                                                                                                                                                                                                                                                                                                                                                                                                                                                        <\/p>\n","protected":false},"excerpt":{"rendered":"<p>TENIS PUMA 311523<\/p>\n","protected":false},"featured_media":59286,"template":"","meta":[],"product_brand":[],"product_cat":[390],"product_tag":[32],"class_list":{"0":"post-46756","1":"product","2":"type-product","3":"status-publish","4":"has-post-thumbnail","6":"product_cat-ninas_calzado_running","7":"product_tag-puma","8":"pa_color-unico","9":"pa_talla-113","10":"pa_talla-115","11":"pa_talla-117","12":"pa_talla-119","13":"pa_talla-121","14":"pa_talla-123","15":"pa_talla-t-21","16":"thunk-woo-product-list","17":"opn-qv-enable","18":"open-woo-hover-","19":"open-single-product-tab-horizontal","20":"open-shadow-","21":"open-shadow-hover-","23":"first","24":"instock","25":"shipping-taxable","26":"purchasable","27":"product-type-variable"},"jetpack_sharing_enabled":true,"_links":{"self":[{"href":"https:\/\/www.deporteseli.com\/index.php?rest_route=\/wp\/v2\/product\/46756","targetHints":{"allow":["GET"]}}],"collection":[{"href":"https:\/\/www.deporteseli.com\/index.php?rest_route=\/wp\/v2\/product"}],"about":[{"href":"https:\/\/www.deporteseli.com\/index.php?rest_route=\/wp\/v2\/types\/product"}],"wp:featuredmedia":[{"embeddable":true,"href":"https:\/\/www.deporteseli.com\/index.php?rest_route=\/wp\/v2\/media\/59286"}],"wp:attachment":[{"href":"https:\/\/www.deporteseli.com\/index.php?rest_route=%2Fwp%2Fv2%2Fmedia&parent=46756"}],"wp:term":[{"taxonomy":"product_brand","embeddable":true,"href":"https:\/\/www.deporteseli.com\/index.php?rest_route=%2Fwp%2Fv2%2Fproduct_brand&post=46756"},{"taxonomy":"product_cat","embeddable":true,"href":"https:\/\/www.deporteseli.com\/index.php?rest_route=%2Fwp%2Fv2%2Fproduct_cat&post=46756"},{"taxonomy":"product_tag","embeddable":true,"href":"https:\/\/www.deporteseli.com\/index.php?rest_route=%2Fwp%2Fv2%2Fproduct_tag&post=46756"}],"curies":[{"name":"wp","href":"https:\/\/api.w.org\/{rel}","templated":true}]}}