{"id":46749,"date":"2026-01-27T21:22:57","date_gmt":"2026-01-27T21:22:57","guid":{"rendered":"https:\/\/www.deporteseli.com\/?product=canillera-puma-030995-2"},"modified":"2026-04-23T04:18:00","modified_gmt":"2026-04-23T04:18:00","slug":"canillera-puma-030995-2","status":"publish","type":"product","link":"https:\/\/www.deporteseli.com\/?product=canillera-puma-030995-2","title":{"rendered":"CANILLERA PUMA 030995"},"content":{"rendered":"<p>Descripci\u00f3n  Las espinilleras de f\u00fatbol Puma Attacanto Sleeve en negro son el complemento ideal para cualquier jugador. Dise\u00f1adas espec\u00edficamente para hombres, ofrecen protecci\u00f3n y comodidad durante el juego.    Su innovadora tecnolog\u00eda NITROFOAM proporciona una amortiguaci\u00f3n excepcional, garantizando una pisada suave y energ\u00e9tica en cada jugada.    Adem\u00e1s, su suela PUMAGRIP asegura una durabilidad y un agarre sobresaliente en el terreno de juego, permitiendo realizar movimientos \u00e1giles sin preocupaciones.    La parte superior de malla ligera proporciona una ventilaci\u00f3n \u00f3ptima, manteniendo los pies frescos y c\u00f3modos durante todo el partido.    Estas espinilleras son perfectas para quienes buscan el equilibrio entre protecci\u00f3n, confort y desempe\u00f1o.  No te quedes sin ellas!    Caracter\u00edsticas  Tipo de calzado: Zapatillas de running para carretera.  Amortiguaci\u00f3n: Incorpora NITROFOAM para una pisada suave y energ\u00e9tica.  Suela: Suela PUMAGRIP que proporciona durabilidad y agarre excepcional.  Parte superior: Construcci\u00f3n de malla ligera para una ventilaci\u00f3n \u00f3ptima                                                                                                                                                                                                                                                                                                                                                                                                                                                                                                                                                                                                                                                                                                                                                                                                                                                                                                                                                                                                                                        <\/p>\n","protected":false},"excerpt":{"rendered":"<p>CANILLERA PUMA 030995<\/p>\n","protected":false},"featured_media":59280,"template":"","meta":[],"product_brand":[],"product_cat":[324],"product_tag":[32],"class_list":{"0":"post-46749","1":"product","2":"type-product","3":"status-publish","4":"has-post-thumbnail","6":"product_cat-deportes_futbol_canilleras","7":"product_tag-puma","8":"pa_color-unico","9":"pa_talla-l","10":"pa_talla-m","11":"pa_talla-s","12":"thunk-woo-product-list","13":"opn-qv-enable","14":"open-woo-hover-","15":"open-single-product-tab-horizontal","16":"open-shadow-","17":"open-shadow-hover-","19":"first","20":"instock","21":"shipping-taxable","22":"purchasable","23":"product-type-variable"},"jetpack_sharing_enabled":true,"_links":{"self":[{"href":"https:\/\/www.deporteseli.com\/index.php?rest_route=\/wp\/v2\/product\/46749","targetHints":{"allow":["GET"]}}],"collection":[{"href":"https:\/\/www.deporteseli.com\/index.php?rest_route=\/wp\/v2\/product"}],"about":[{"href":"https:\/\/www.deporteseli.com\/index.php?rest_route=\/wp\/v2\/types\/product"}],"wp:featuredmedia":[{"embeddable":true,"href":"https:\/\/www.deporteseli.com\/index.php?rest_route=\/wp\/v2\/media\/59280"}],"wp:attachment":[{"href":"https:\/\/www.deporteseli.com\/index.php?rest_route=%2Fwp%2Fv2%2Fmedia&parent=46749"}],"wp:term":[{"taxonomy":"product_brand","embeddable":true,"href":"https:\/\/www.deporteseli.com\/index.php?rest_route=%2Fwp%2Fv2%2Fproduct_brand&post=46749"},{"taxonomy":"product_cat","embeddable":true,"href":"https:\/\/www.deporteseli.com\/index.php?rest_route=%2Fwp%2Fv2%2Fproduct_cat&post=46749"},{"taxonomy":"product_tag","embeddable":true,"href":"https:\/\/www.deporteseli.com\/index.php?rest_route=%2Fwp%2Fv2%2Fproduct_tag&post=46749"}],"curies":[{"name":"wp","href":"https:\/\/api.w.org\/{rel}","templated":true}]}}