{"id":46740,"date":"2026-01-27T21:22:46","date_gmt":"2026-01-27T21:22:46","guid":{"rendered":"https:\/\/www.deporteseli.com\/?product=short-hummel-213925-2"},"modified":"2026-03-07T06:28:36","modified_gmt":"2026-03-07T06:28:36","slug":"short-hummel-213925-2","status":"publish","type":"product","link":"https:\/\/www.deporteseli.com\/?product=short-hummel-213925-2","title":{"rendered":"SHORT HUMMEL 213925"},"content":{"rendered":"<p>Dise\u00f1ados para una comodidad y flexibilidad \u00f3ptimas, los shorts hmlCORE VOLLEY COTTON HIPSTER WO est\u00e1n confeccionados en tejido de jersey para garantizar la m\u00e1xima transpirabilidad, regulaci\u00f3n de la humedad y elasticidad. Con un corte ce\u00f1ido y cintura hipster, estos shorts hummel\u00ae no interrumpir\u00e1n tu juego y le dar\u00e1n un toque estilizado a tu look.                                                                                                                                                                                                                                                                                                                                                                                                                                                                                                                                                                                                                                                                                                                                                                                                                                                                                                                                                                                                                                        <\/p>\n","protected":false},"excerpt":{"rendered":"<p>SHORT HUMMEL 213925<\/p>\n","protected":false},"featured_media":59276,"template":"","meta":[],"product_brand":[],"product_cat":[277],"product_tag":[55],"class_list":{"0":"post-46740","1":"product","2":"type-product","3":"status-publish","4":"has-post-thumbnail","6":"product_cat-mujer_textil_shorts","7":"product_tag-hummel","8":"pa_color-unico","9":"pa_talla-l","10":"pa_talla-m","11":"pa_talla-s","12":"pa_talla-xs","13":"thunk-woo-product-list","14":"opn-qv-enable","15":"open-woo-hover-","16":"open-single-product-tab-horizontal","17":"open-shadow-","18":"open-shadow-hover-","20":"first","21":"instock","22":"shipping-taxable","23":"purchasable","24":"product-type-variable"},"jetpack_sharing_enabled":true,"_links":{"self":[{"href":"https:\/\/www.deporteseli.com\/index.php?rest_route=\/wp\/v2\/product\/46740","targetHints":{"allow":["GET"]}}],"collection":[{"href":"https:\/\/www.deporteseli.com\/index.php?rest_route=\/wp\/v2\/product"}],"about":[{"href":"https:\/\/www.deporteseli.com\/index.php?rest_route=\/wp\/v2\/types\/product"}],"wp:featuredmedia":[{"embeddable":true,"href":"https:\/\/www.deporteseli.com\/index.php?rest_route=\/wp\/v2\/media\/59276"}],"wp:attachment":[{"href":"https:\/\/www.deporteseli.com\/index.php?rest_route=%2Fwp%2Fv2%2Fmedia&parent=46740"}],"wp:term":[{"taxonomy":"product_brand","embeddable":true,"href":"https:\/\/www.deporteseli.com\/index.php?rest_route=%2Fwp%2Fv2%2Fproduct_brand&post=46740"},{"taxonomy":"product_cat","embeddable":true,"href":"https:\/\/www.deporteseli.com\/index.php?rest_route=%2Fwp%2Fv2%2Fproduct_cat&post=46740"},{"taxonomy":"product_tag","embeddable":true,"href":"https:\/\/www.deporteseli.com\/index.php?rest_route=%2Fwp%2Fv2%2Fproduct_tag&post=46740"}],"curies":[{"name":"wp","href":"https:\/\/api.w.org\/{rel}","templated":true}]}}