{"id":46713,"date":"2026-01-27T21:22:08","date_gmt":"2026-01-27T21:22:08","guid":{"rendered":"https:\/\/www.deporteseli.com\/?product=tenis-adidas-jr0744"},"modified":"2026-03-22T05:19:04","modified_gmt":"2026-03-22T05:19:04","slug":"tenis-adidas-jr0744","status":"publish","type":"product","link":"https:\/\/www.deporteseli.com\/?product=tenis-adidas-jr0744","title":{"rendered":"TENIS ADIDAS JR0744"},"content":{"rendered":"<p>Adu\u00e9\u00f1ate de la pista  Domina el partido en pista cubierta con esta zapatilla adidas para j\u00f3venes deportistas. Ya sea para jugar al voleibol o al balonmano, la Ligra 8 se ha dise\u00f1ado para seguirte el ritmo. Presenta un empeine de malla transpirable con refuerzos sint\u00e9ticos que la hacen m\u00e1s resistente al desgaste. La mediasuela con amortiguaci\u00f3n te ofrece una pisada m\u00e1s c\u00f3moda y estable, mientras que la suela de goma te proporciona el agarre que necesitas en los cambios de direcci\u00f3n r\u00e1pidos y las paradas repentinas.    Este producto contiene al menos un 20% de materiales reciclados. Utilizando materiales reciclados, reducimos los residuos, nuestra dependencia de los recursos finitos y la huella que generan los productos que fabricamos.  Horma cl\u00e1sica  Empeine textil y sint\u00e9tico  Suela de goma  Contiene al menos un 20% de material reciclado  Color del art\u00edculo: Core Black \/ Cloud White \/ Core Black  N\u00famero de art\u00edculo: JR0744                                                                                                                                                                                                                                                                                                                                                                                                                                                                                                                                                                                                                                                                                                                                                                                                                                                                                                                                                                                                                                        <\/p>\n","protected":false},"excerpt":{"rendered":"<p>TENIS ADIDAS JR0744<\/p>\n","protected":false},"featured_media":59258,"template":"","meta":[],"product_brand":[],"product_cat":[345],"product_tag":[18],"class_list":{"0":"post-46713","1":"product","2":"type-product","3":"status-publish","4":"has-post-thumbnail","6":"product_cat-deportes_balonmano","7":"product_tag-adidas","8":"pa_color-unico","9":"pa_talla-35-5","10":"pa_talla-141","11":"pa_talla-36-5","12":"pa_talla-37-5","13":"pa_talla-145","14":"pa_talla-38-5","15":"thunk-woo-product-list","16":"opn-qv-enable","17":"open-woo-hover-","18":"open-single-product-tab-horizontal","19":"open-shadow-","20":"open-shadow-hover-","22":"first","23":"instock","24":"sale","25":"shipping-taxable","26":"purchasable","27":"product-type-variable"},"jetpack_sharing_enabled":true,"_links":{"self":[{"href":"https:\/\/www.deporteseli.com\/index.php?rest_route=\/wp\/v2\/product\/46713","targetHints":{"allow":["GET"]}}],"collection":[{"href":"https:\/\/www.deporteseli.com\/index.php?rest_route=\/wp\/v2\/product"}],"about":[{"href":"https:\/\/www.deporteseli.com\/index.php?rest_route=\/wp\/v2\/types\/product"}],"wp:featuredmedia":[{"embeddable":true,"href":"https:\/\/www.deporteseli.com\/index.php?rest_route=\/wp\/v2\/media\/59258"}],"wp:attachment":[{"href":"https:\/\/www.deporteseli.com\/index.php?rest_route=%2Fwp%2Fv2%2Fmedia&parent=46713"}],"wp:term":[{"taxonomy":"product_brand","embeddable":true,"href":"https:\/\/www.deporteseli.com\/index.php?rest_route=%2Fwp%2Fv2%2Fproduct_brand&post=46713"},{"taxonomy":"product_cat","embeddable":true,"href":"https:\/\/www.deporteseli.com\/index.php?rest_route=%2Fwp%2Fv2%2Fproduct_cat&post=46713"},{"taxonomy":"product_tag","embeddable":true,"href":"https:\/\/www.deporteseli.com\/index.php?rest_route=%2Fwp%2Fv2%2Fproduct_tag&post=46713"}],"curies":[{"name":"wp","href":"https:\/\/api.w.org\/{rel}","templated":true}]}}