{"id":46705,"date":"2026-01-27T21:21:57","date_gmt":"2026-01-27T21:21:57","guid":{"rendered":"https:\/\/www.deporteseli.com\/?product=tenis-adidas-jp7272"},"modified":"2026-04-05T04:18:00","modified_gmt":"2026-04-05T04:18:00","slug":"tenis-adidas-jp7272","status":"publish","type":"product","link":"https:\/\/www.deporteseli.com\/?product=tenis-adidas-jp7272","title":{"rendered":"TENIS ADIDAS JP7272"},"content":{"rendered":"<p>Vuela sobre la pista  Prep\u00e1rate para despegar. Revoluciona tu juego en pista cubierta con esta zapatilla adidas. Presenta un empeine suave, una leng\u00fceta acolchada y un panel alrededor del tobillo que envuelven el pie en comodidad, permiti\u00e9ndote concentrarte en un \u00fanico objetivo: la victoria. La mediasuela de EVA te proporciona una amortiguaci\u00f3n ligera y mayor sujeci\u00f3n en los saltos y movimientos laterales r\u00e1pidos. El tal\u00f3n con tecnolog\u00eda Lightstrike absorbe los impactos y te garantiza una gran capacidad de respuesta, impuls\u00e1ndote a cada paso. La suela de goma Adiwear no deja marcas y te brinda un excelente agarre para un control m\u00e1s preciso.    Este producto contiene al menos un 20% de materiales reciclados. Utilizando materiales reciclados, reducimos los residuos, nuestra dependencia de los recursos finitos y la huella que generan los productos que fabricamos.  Horma cl\u00e1sica  Cierre de cordones  Empeine textil  Paneles acolchados en la leng\u00fceta y alrededor del tobillo  Mediasuela de EVA  Amortiguaci\u00f3n Lightstrike en el tal\u00f3n  Suela Adiwear que no deja marcas  Contiene al menos un 20% de material reciclado  Color del art\u00edculo: Team Solar Orange \/ Zero Metalic \/ Bright Royal  N\u00famero de art\u00edculo: JP7272                                                                                                                                                                                                                                                                                                                                                                                                                                                                                                                                                                                                                                                                                                                                                                                                                                                                                                                                                                                                                                        <\/p>\n","protected":false},"excerpt":{"rendered":"<p>TENIS ADIDAS JP7272<\/p>\n","protected":false},"featured_media":59253,"template":"","meta":[],"product_brand":[],"product_cat":[345],"product_tag":[18],"class_list":{"0":"post-46705","1":"product","2":"type-product","3":"status-publish","4":"has-post-thumbnail","6":"product_cat-deportes_balonmano","7":"product_tag-adidas","8":"pa_color-unico","9":"pa_talla-149","10":"pa_talla-40-5","11":"pa_talla-153","12":"pa_talla-42-5","13":"pa_talla-43-5","14":"pa_talla-157","15":"pa_talla-44-5","16":"pa_talla-161","17":"thunk-woo-product-list","18":"opn-qv-enable","19":"open-woo-hover-","20":"open-single-product-tab-horizontal","21":"open-shadow-","22":"open-shadow-hover-","24":"first","25":"instock","26":"sale","27":"shipping-taxable","28":"purchasable","29":"product-type-variable"},"jetpack_sharing_enabled":true,"_links":{"self":[{"href":"https:\/\/www.deporteseli.com\/index.php?rest_route=\/wp\/v2\/product\/46705","targetHints":{"allow":["GET"]}}],"collection":[{"href":"https:\/\/www.deporteseli.com\/index.php?rest_route=\/wp\/v2\/product"}],"about":[{"href":"https:\/\/www.deporteseli.com\/index.php?rest_route=\/wp\/v2\/types\/product"}],"wp:featuredmedia":[{"embeddable":true,"href":"https:\/\/www.deporteseli.com\/index.php?rest_route=\/wp\/v2\/media\/59253"}],"wp:attachment":[{"href":"https:\/\/www.deporteseli.com\/index.php?rest_route=%2Fwp%2Fv2%2Fmedia&parent=46705"}],"wp:term":[{"taxonomy":"product_brand","embeddable":true,"href":"https:\/\/www.deporteseli.com\/index.php?rest_route=%2Fwp%2Fv2%2Fproduct_brand&post=46705"},{"taxonomy":"product_cat","embeddable":true,"href":"https:\/\/www.deporteseli.com\/index.php?rest_route=%2Fwp%2Fv2%2Fproduct_cat&post=46705"},{"taxonomy":"product_tag","embeddable":true,"href":"https:\/\/www.deporteseli.com\/index.php?rest_route=%2Fwp%2Fv2%2Fproduct_tag&post=46705"}],"curies":[{"name":"wp","href":"https:\/\/api.w.org\/{rel}","templated":true}]}}