{"id":46695,"date":"2026-01-27T21:21:44","date_gmt":"2026-01-27T21:21:44","guid":{"rendered":"https:\/\/www.deporteseli.com\/?product=rodillera-adidas-jj2469"},"modified":"2026-01-27T21:21:47","modified_gmt":"2026-01-27T21:21:47","slug":"rodillera-adidas-jj2469","status":"publish","type":"product","link":"https:\/\/www.deporteseli.com\/?product=rodillera-adidas-jj2469","title":{"rendered":"RODILLERA ADIDAS JJ2469"},"content":{"rendered":"<p>Descripci\u00f3n  Estas rodilleras Elite junior adidas te dan toda la confianza que necesitas para brillar en la cancha de voleibol. Ligeras pero resistentes, ofrecen una protecci\u00f3n \u00f3ptima sin pesado. La construcci\u00f3n ajustada y sin costuras proporciona un confort perfecto mientras las mantiene bien en su lugar. Este producto est\u00e1 hecho con al menos un 50 % de materiales reciclados. Al reutilizar materiales que ya se han creado, ayudamos a reducir los residuos y nuestra dependencia de recursos limitados, con el fin de disminuir la huella ecol\u00f3gica de los productos que fabricamos.                                                                                                                                                                                                                                                                                                                                                                                                                                                                                                                                                                                                                                                                                                                                                                                                                                                                                                                                                                                                                                        <\/p>\n","protected":false},"excerpt":{"rendered":"<p>RODILLERA ADIDAS JJ2469<\/p>\n","protected":false},"featured_media":59246,"template":"","meta":[],"product_brand":[],"product_cat":[349],"product_tag":[18],"class_list":{"0":"post-46695","1":"product","2":"type-product","3":"status-publish","4":"has-post-thumbnail","6":"product_cat-deportes_volley","7":"product_tag-adidas","8":"pa_color-unico","9":"pa_talla-l","10":"pa_talla-m","11":"thunk-woo-product-list","12":"opn-qv-enable","13":"open-woo-hover-","14":"open-single-product-tab-horizontal","15":"open-shadow-","16":"open-shadow-hover-","18":"first","19":"instock","20":"shipping-taxable","21":"purchasable","22":"product-type-variable"},"jetpack_sharing_enabled":true,"_links":{"self":[{"href":"https:\/\/www.deporteseli.com\/index.php?rest_route=\/wp\/v2\/product\/46695","targetHints":{"allow":["GET"]}}],"collection":[{"href":"https:\/\/www.deporteseli.com\/index.php?rest_route=\/wp\/v2\/product"}],"about":[{"href":"https:\/\/www.deporteseli.com\/index.php?rest_route=\/wp\/v2\/types\/product"}],"wp:featuredmedia":[{"embeddable":true,"href":"https:\/\/www.deporteseli.com\/index.php?rest_route=\/wp\/v2\/media\/59246"}],"wp:attachment":[{"href":"https:\/\/www.deporteseli.com\/index.php?rest_route=%2Fwp%2Fv2%2Fmedia&parent=46695"}],"wp:term":[{"taxonomy":"product_brand","embeddable":true,"href":"https:\/\/www.deporteseli.com\/index.php?rest_route=%2Fwp%2Fv2%2Fproduct_brand&post=46695"},{"taxonomy":"product_cat","embeddable":true,"href":"https:\/\/www.deporteseli.com\/index.php?rest_route=%2Fwp%2Fv2%2Fproduct_cat&post=46695"},{"taxonomy":"product_tag","embeddable":true,"href":"https:\/\/www.deporteseli.com\/index.php?rest_route=%2Fwp%2Fv2%2Fproduct_tag&post=46695"}],"curies":[{"name":"wp","href":"https:\/\/api.w.org\/{rel}","templated":true}]}}