{"id":46655,"date":"2026-01-27T21:20:52","date_gmt":"2026-01-27T21:20:52","guid":{"rendered":"https:\/\/www.deporteseli.com\/?product=adidas-courtjam"},"modified":"2026-04-07T04:18:05","modified_gmt":"2026-04-07T04:18:05","slug":"adidas-courtjam","status":"publish","type":"product","link":"https:\/\/www.deporteseli.com\/?product=adidas-courtjam","title":{"rendered":"ADIDAS COURTJAM"},"content":{"rendered":"<p>Mejora tu juego con estas zapatillas de tenis para mujer impulsadas por el rendimiento. Dise\u00f1ados para ofrecer una estabilidad inigualable y el m\u00e1ximo control, los zapatos ofrecen una entresuela liviana y un sistema de cordones ghillie para un ajusteseguro. La goma Adiwear duradera proporciona una tracci\u00f3n excepcional, mientras que la amortiguaci\u00f3n Adiprene te mantiene c\u00f3modo mientras te mueves por la cancha.    Zapatillas Courtjam Control W                                                                                                                                                                                                                                                                                                                                                                                                                                                                                                                                                                                                                                                                                                                                                                                                                                                                                                                                                                                                                                        <\/p>\n","protected":false},"excerpt":{"rendered":"<p>ADIDAS COURTJAM<\/p>\n","protected":false},"featured_media":59212,"template":"","meta":[],"product_brand":[],"product_cat":[371],"product_tag":[18],"class_list":{"0":"post-46655","1":"product","2":"type-product","3":"status-publish","4":"has-post-thumbnail","6":"product_cat-padel_y_tenis_calzado","7":"product_tag-adidas","8":"pa_color-unico","9":"pa_talla-145","10":"pa_talla-38-5","11":"pa_talla-39-5","12":"pa_talla-149","13":"pa_talla-40-5","14":"pa_talla-41-5","15":"thunk-woo-product-list","16":"opn-qv-enable","17":"open-woo-hover-","18":"open-single-product-tab-horizontal","19":"open-shadow-","20":"open-shadow-hover-","22":"first","23":"instock","24":"sale","25":"shipping-taxable","26":"purchasable","27":"product-type-variable"},"jetpack_sharing_enabled":true,"_links":{"self":[{"href":"https:\/\/www.deporteseli.com\/index.php?rest_route=\/wp\/v2\/product\/46655","targetHints":{"allow":["GET"]}}],"collection":[{"href":"https:\/\/www.deporteseli.com\/index.php?rest_route=\/wp\/v2\/product"}],"about":[{"href":"https:\/\/www.deporteseli.com\/index.php?rest_route=\/wp\/v2\/types\/product"}],"wp:featuredmedia":[{"embeddable":true,"href":"https:\/\/www.deporteseli.com\/index.php?rest_route=\/wp\/v2\/media\/59212"}],"wp:attachment":[{"href":"https:\/\/www.deporteseli.com\/index.php?rest_route=%2Fwp%2Fv2%2Fmedia&parent=46655"}],"wp:term":[{"taxonomy":"product_brand","embeddable":true,"href":"https:\/\/www.deporteseli.com\/index.php?rest_route=%2Fwp%2Fv2%2Fproduct_brand&post=46655"},{"taxonomy":"product_cat","embeddable":true,"href":"https:\/\/www.deporteseli.com\/index.php?rest_route=%2Fwp%2Fv2%2Fproduct_cat&post=46655"},{"taxonomy":"product_tag","embeddable":true,"href":"https:\/\/www.deporteseli.com\/index.php?rest_route=%2Fwp%2Fv2%2Fproduct_tag&post=46655"}],"curies":[{"name":"wp","href":"https:\/\/api.w.org\/{rel}","templated":true}]}}