{"id":46621,"date":"2026-01-27T21:20:07","date_gmt":"2026-01-27T21:20:07","guid":{"rendered":"https:\/\/www.deporteseli.com\/?product=short-asics-2041a350"},"modified":"2026-03-07T06:27:37","modified_gmt":"2026-03-07T06:27:37","slug":"short-asics-2041a350","status":"publish","type":"product","link":"https:\/\/www.deporteseli.com\/?product=short-asics-2041a350","title":{"rendered":"SHORT ASICS 2041A350"},"content":{"rendered":"<p>Descripci\u00f3n  Dise\u00f1o para el juego diario.    El pantal\u00f3n corto PADEL COURT 7IN SHORT presenta un dise\u00f1o cl\u00e1sico y atemporal de p\u00e1del y es ideal para disputar partidos y entrenar.    Dise\u00f1ado con tejido el\u00e1stico ligero.    Con amplios bolsillos para dos pelotas de tenis.    Como m\u00ednimo el 50 % del material principal de la prenda se ha fabricado con material reciclado, reduciendo as\u00ed los residuos y las emisiones de carbono.                                                                                                                                                                                                                                                                                                                                                                                                                                                                                                                                                                                                                                                                                                                                                                                                                                                                                                                                                                                                                                        <\/p>\n","protected":false},"excerpt":{"rendered":"<p>SHORT ASICS 2041A350<\/p>\n","protected":false},"featured_media":59191,"template":"","meta":[],"product_brand":[],"product_cat":[365],"product_tag":[19],"class_list":{"0":"post-46621","1":"product","2":"type-product","3":"status-publish","4":"has-post-thumbnail","6":"product_cat-padel_y_tenis_textil_shorts","7":"product_tag-asics","8":"pa_color-unico","9":"pa_talla-l","10":"pa_talla-m","11":"thunk-woo-product-list","12":"opn-qv-enable","13":"open-woo-hover-","14":"open-single-product-tab-horizontal","15":"open-shadow-","16":"open-shadow-hover-","18":"first","19":"instock","20":"shipping-taxable","21":"purchasable","22":"product-type-variable"},"jetpack_sharing_enabled":true,"_links":{"self":[{"href":"https:\/\/www.deporteseli.com\/index.php?rest_route=\/wp\/v2\/product\/46621","targetHints":{"allow":["GET"]}}],"collection":[{"href":"https:\/\/www.deporteseli.com\/index.php?rest_route=\/wp\/v2\/product"}],"about":[{"href":"https:\/\/www.deporteseli.com\/index.php?rest_route=\/wp\/v2\/types\/product"}],"wp:featuredmedia":[{"embeddable":true,"href":"https:\/\/www.deporteseli.com\/index.php?rest_route=\/wp\/v2\/media\/59191"}],"wp:attachment":[{"href":"https:\/\/www.deporteseli.com\/index.php?rest_route=%2Fwp%2Fv2%2Fmedia&parent=46621"}],"wp:term":[{"taxonomy":"product_brand","embeddable":true,"href":"https:\/\/www.deporteseli.com\/index.php?rest_route=%2Fwp%2Fv2%2Fproduct_brand&post=46621"},{"taxonomy":"product_cat","embeddable":true,"href":"https:\/\/www.deporteseli.com\/index.php?rest_route=%2Fwp%2Fv2%2Fproduct_cat&post=46621"},{"taxonomy":"product_tag","embeddable":true,"href":"https:\/\/www.deporteseli.com\/index.php?rest_route=%2Fwp%2Fv2%2Fproduct_tag&post=46621"}],"curies":[{"name":"wp","href":"https:\/\/api.w.org\/{rel}","templated":true}]}}