{"id":46603,"date":"2026-01-27T21:19:46","date_gmt":"2026-01-27T21:19:46","guid":{"rendered":"https:\/\/www.deporteseli.com\/?product=solution-swift-ff-2"},"modified":"2026-02-27T05:18:44","modified_gmt":"2026-02-27T05:18:44","slug":"solution-swift-ff-2","status":"publish","type":"product","link":"https:\/\/www.deporteseli.com\/?product=solution-swift-ff-2","title":{"rendered":"SOLUTION SWIFT FF 2"},"content":{"rendered":"<p>Descripci\u00f3n  La zapatilla de tenis SOLUTION SWIFT\u2122 FF 2 presenta un dise\u00f1o que ofrece mayor velocidad y flexibilidad para que sientas la m\u00e1xima energ\u00eda en pistas de tierra batida. Es la opci\u00f3n ideal para jugadores que se mueven por toda la pista y que buscan una zapatilla r\u00e1pida y flexible.    La tecnolog\u00eda ligera SPEEDTRUSS\u2122 en la zapatilla acelera los movimientos hacia delante. Hemos a\u00f1adido una nueva suela PRECISION-SOLE\u2122 de dos piezas para ofrecer una sensaci\u00f3n m\u00e1s ligera y flexible. Tambi\u00e9n hemos incluido nuestra tecnolog\u00eda FLYTEFOAM\u2122 ligera para favorecer un juego de pies r\u00e1pido.    \u00bfC\u00f3mo consigue la zapatilla SOLUTION SWIFT\u2122 FF 2 aumentar la flexibilidad y agilizar los movimientos?    La tecnolog\u00eda SPEEDTRUSS\u2122 es ligera y acelera los movimientos hacia delante.  La nueva suela PRECISION-SOLE\u2122 garantiza la mejor combinaci\u00f3n de agarre y flexibilidad, lo que te ayuda a moverte con facilidad por toda la pista.  La tecnolog\u00eda FLYTEFOAM\u2122 en la mediasuela aligera el peso de la zapatilla para permitir movimientos m\u00e1s r\u00e1pidos y fluidos.  \u00bfPor qu\u00e9 otras cualidades es la zapatilla SOLUTION SWIFT\u2122 FF 2 una gran opci\u00f3n?    El dise\u00f1o de esta zapatilla se centra en la flexibilidad y la velocidad. Hemos dedicado horas a probarla y perfeccionarla en nuestro Institute of Sport Science (ISS) en Jap\u00f3n. La zapatilla de tenis SOLUTION SWIFT\u2122 FF 2 incluye m\u00e1s caracter\u00edsticas para ayudarte en tus partidos. Puedes consultarlas en la secci\u00f3n  Caracter\u00edsticas t\u00e9cnicas .                                                                                                                                                                                                                                                                                                                                                                                                                                                                                                                                                                                                                                                                                                                                                                                                                                                                                                                                                                                                                                        <\/p>\n","protected":false},"excerpt":{"rendered":"<p>SOLUTION SWIFT FF 2<\/p>\n","protected":false},"featured_media":59176,"template":"","meta":[],"product_brand":[],"product_cat":[371],"product_tag":[19],"class_list":{"0":"post-46603","1":"product","2":"type-product","3":"status-publish","4":"has-post-thumbnail","6":"product_cat-padel_y_tenis_calzado","7":"product_tag-asics","8":"pa_color-unico","9":"pa_talla-41-5","10":"pa_talla-153","11":"pa_talla-42-5","12":"pa_talla-43-5","13":"pa_talla-159","14":"pa_talla-163","15":"thunk-woo-product-list","16":"opn-qv-enable","17":"open-woo-hover-","18":"open-single-product-tab-horizontal","19":"open-shadow-","20":"open-shadow-hover-","22":"first","23":"instock","24":"sale","25":"shipping-taxable","26":"purchasable","27":"product-type-variable"},"jetpack_sharing_enabled":true,"_links":{"self":[{"href":"https:\/\/www.deporteseli.com\/index.php?rest_route=\/wp\/v2\/product\/46603","targetHints":{"allow":["GET"]}}],"collection":[{"href":"https:\/\/www.deporteseli.com\/index.php?rest_route=\/wp\/v2\/product"}],"about":[{"href":"https:\/\/www.deporteseli.com\/index.php?rest_route=\/wp\/v2\/types\/product"}],"wp:featuredmedia":[{"embeddable":true,"href":"https:\/\/www.deporteseli.com\/index.php?rest_route=\/wp\/v2\/media\/59176"}],"wp:attachment":[{"href":"https:\/\/www.deporteseli.com\/index.php?rest_route=%2Fwp%2Fv2%2Fmedia&parent=46603"}],"wp:term":[{"taxonomy":"product_brand","embeddable":true,"href":"https:\/\/www.deporteseli.com\/index.php?rest_route=%2Fwp%2Fv2%2Fproduct_brand&post=46603"},{"taxonomy":"product_cat","embeddable":true,"href":"https:\/\/www.deporteseli.com\/index.php?rest_route=%2Fwp%2Fv2%2Fproduct_cat&post=46603"},{"taxonomy":"product_tag","embeddable":true,"href":"https:\/\/www.deporteseli.com\/index.php?rest_route=%2Fwp%2Fv2%2Fproduct_tag&post=46603"}],"curies":[{"name":"wp","href":"https:\/\/api.w.org\/{rel}","templated":true}]}}