{"id":46591,"date":"2026-01-27T21:19:31","date_gmt":"2026-01-27T21:19:31","guid":{"rendered":"https:\/\/www.deporteseli.com\/?product=gel-dedicate-8-padel-3"},"modified":"2026-04-01T04:18:07","modified_gmt":"2026-04-01T04:18:07","slug":"gel-dedicate-8-padel-3","status":"publish","type":"product","link":"https:\/\/www.deporteseli.com\/?product=gel-dedicate-8-padel-3","title":{"rendered":"GEL-DEDICATE 8 PADEL"},"content":{"rendered":"<p>Descripci\u00f3n  La zapatilla de p\u00e1del GEL-DEDICATE 8 ofrece una buena estabilidad y una sensaci\u00f3n de flexibilidad para que tu mente se centre durante el partido.    La parte superior de esta zapatilla se ha dise\u00f1ado con revestimientos de cuero sint\u00e9tico para mejorar el soporte. Mantiene tus pies firmes al cambiar de direcci\u00f3n y hacer jugadas desafiantes.    La unidad de sujeci\u00f3n TRUSSTIC y la suela envolvente mejoran la estabilidad y permiten que tus pies se muevan libremente. Mejora los cambios de direcci\u00f3n, sobre todo en movimientos de lado a lado.                                                                                                                                                                                                                                                                                                                                                                                                                                                                                                                                                                                                                                                                                                                                                                                                                                                                                                                                                                                                                                        <\/p>\n","protected":false},"excerpt":{"rendered":"<p>GEL-DEDICATE 8 PADEL<\/p>\n","protected":false},"featured_media":59167,"template":"","meta":[],"product_brand":[],"product_cat":[371],"product_tag":[19],"class_list":{"0":"post-46591","1":"product","2":"type-product","3":"status-publish","4":"has-post-thumbnail","6":"product_cat-padel_y_tenis_calzado","7":"product_tag-asics","8":"pa_color-unico","9":"pa_talla-41-5","10":"pa_talla-153","11":"pa_talla-42-5","12":"pa_talla-43-5","13":"pa_talla-157","14":"pa_talla-44-5","15":"pa_talla-159","16":"pa_talla-46-5","17":"thunk-woo-product-list","18":"opn-qv-enable","19":"open-woo-hover-","20":"open-single-product-tab-horizontal","21":"open-shadow-","22":"open-shadow-hover-","24":"first","25":"instock","26":"sale","27":"shipping-taxable","28":"purchasable","29":"product-type-variable"},"jetpack_sharing_enabled":true,"_links":{"self":[{"href":"https:\/\/www.deporteseli.com\/index.php?rest_route=\/wp\/v2\/product\/46591","targetHints":{"allow":["GET"]}}],"collection":[{"href":"https:\/\/www.deporteseli.com\/index.php?rest_route=\/wp\/v2\/product"}],"about":[{"href":"https:\/\/www.deporteseli.com\/index.php?rest_route=\/wp\/v2\/types\/product"}],"wp:featuredmedia":[{"embeddable":true,"href":"https:\/\/www.deporteseli.com\/index.php?rest_route=\/wp\/v2\/media\/59167"}],"wp:attachment":[{"href":"https:\/\/www.deporteseli.com\/index.php?rest_route=%2Fwp%2Fv2%2Fmedia&parent=46591"}],"wp:term":[{"taxonomy":"product_brand","embeddable":true,"href":"https:\/\/www.deporteseli.com\/index.php?rest_route=%2Fwp%2Fv2%2Fproduct_brand&post=46591"},{"taxonomy":"product_cat","embeddable":true,"href":"https:\/\/www.deporteseli.com\/index.php?rest_route=%2Fwp%2Fv2%2Fproduct_cat&post=46591"},{"taxonomy":"product_tag","embeddable":true,"href":"https:\/\/www.deporteseli.com\/index.php?rest_route=%2Fwp%2Fv2%2Fproduct_tag&post=46591"}],"curies":[{"name":"wp","href":"https:\/\/api.w.org\/{rel}","templated":true}]}}