{"id":46589,"date":"2026-01-27T21:19:29","date_gmt":"2026-01-27T21:19:29","guid":{"rendered":"https:\/\/www.deporteseli.com\/?product=gorra-adidas-kc3817"},"modified":"2026-02-16T07:59:43","modified_gmt":"2026-02-16T07:59:43","slug":"gorra-adidas-kc3817","status":"publish","type":"product","link":"https:\/\/www.deporteseli.com\/?product=gorra-adidas-kc3817","title":{"rendered":"GORRA ADIDAS KC3817"},"content":{"rendered":"<p>Descripci\u00f3n  El Real Madrid sabe c\u00f3mo marcar estilo. Ahora te toca a ti. Esta gorra de sarga de algod\u00f3n adidas, que presume de los colores del club y su escudo estampado, te permite demostrar tu pasi\u00f3n por el f\u00fatbol. No importa si quieres protegerte los ojos del sol o dar el toque final a tu look, con esta gorra lucir\u00e1s tu afici\u00f3n por el club.                                                                                                                                                                                                                                                                                                                                                                                                                                                                                                                                                                                                                                                                                                                                                                                                                                                                                                                                                                                                                                        <\/p>\n","protected":false},"excerpt":{"rendered":"<p>GORRA ADIDAS KC3817<\/p>\n","protected":false},"featured_media":59164,"template":"","meta":[],"product_brand":[],"product_cat":[399],"product_tag":[18],"class_list":{"0":"post-46589","1":"product","2":"type-product","3":"status-publish","4":"has-post-thumbnail","6":"product_cat-accesorios_gorras","7":"product_tag-adidas","8":"pa_color-unico","9":"pa_talla-s","10":"thunk-woo-product-list","11":"opn-qv-enable","12":"open-woo-hover-","13":"open-single-product-tab-horizontal","14":"open-shadow-","15":"open-shadow-hover-","17":"first","18":"instock","19":"shipping-taxable","20":"purchasable","21":"product-type-variable"},"jetpack_sharing_enabled":true,"_links":{"self":[{"href":"https:\/\/www.deporteseli.com\/index.php?rest_route=\/wp\/v2\/product\/46589","targetHints":{"allow":["GET"]}}],"collection":[{"href":"https:\/\/www.deporteseli.com\/index.php?rest_route=\/wp\/v2\/product"}],"about":[{"href":"https:\/\/www.deporteseli.com\/index.php?rest_route=\/wp\/v2\/types\/product"}],"wp:featuredmedia":[{"embeddable":true,"href":"https:\/\/www.deporteseli.com\/index.php?rest_route=\/wp\/v2\/media\/59164"}],"wp:attachment":[{"href":"https:\/\/www.deporteseli.com\/index.php?rest_route=%2Fwp%2Fv2%2Fmedia&parent=46589"}],"wp:term":[{"taxonomy":"product_brand","embeddable":true,"href":"https:\/\/www.deporteseli.com\/index.php?rest_route=%2Fwp%2Fv2%2Fproduct_brand&post=46589"},{"taxonomy":"product_cat","embeddable":true,"href":"https:\/\/www.deporteseli.com\/index.php?rest_route=%2Fwp%2Fv2%2Fproduct_cat&post=46589"},{"taxonomy":"product_tag","embeddable":true,"href":"https:\/\/www.deporteseli.com\/index.php?rest_route=%2Fwp%2Fv2%2Fproduct_tag&post=46589"}],"curies":[{"name":"wp","href":"https:\/\/api.w.org\/{rel}","templated":true}]}}