{"id":46582,"date":"2026-01-27T21:19:19","date_gmt":"2026-01-27T21:19:19","guid":{"rendered":"https:\/\/www.deporteseli.com\/?product=chandal-adidas-jc7518"},"modified":"2026-03-07T06:27:31","modified_gmt":"2026-03-07T06:27:31","slug":"chandal-adidas-jc7518","status":"publish","type":"product","link":"https:\/\/www.deporteseli.com\/?product=chandal-adidas-jc7518","title":{"rendered":"CHANDAL ADIDAS JC7518"},"content":{"rendered":"<p>Dise\u00f1ado para la acci\u00f3n  Este ch\u00e1ndal para j\u00f3venes deportistas te ofrece la comodidad que necesitas tanto para ir y volver del entrenamiento como para quedar con tus amigos. Se ha confeccionado en un suave tejido de punto con pu\u00f1os de canal\u00e9 que te resguardan del fr\u00edo. La tecnolog\u00eda CLIMACOOL aleja el sudor de la piel, manteni\u00e9ndola fresca y seca para minimizar las distracciones y optimizar tu rendimiento. Las combinaciones de colores en contraste y las emblem\u00e1ticas 3 bandas le imprimen el estilo inconfundible de adidas.    CLIMACOOL te ayuda a gestionar el sudor con materiales que expulsan la humedad r\u00e1pidamente. Sus fibras de secado r\u00e1pido te proporcionan una agradable sensaci\u00f3n de frescura.  Corte cl\u00e1sico con talle medio  Cierre de cremallera y cuello alzado  100% poli\u00e9ster (reciclado)  Tejido transpirable  CLIMACOOL  Chaqueta con bolsillos tipo canguro y pantal\u00f3n con bolsillos laterales  Pu\u00f1os y dobladillo de canal\u00e9  Cintura el\u00e1stica con cord\u00f3n  Dise\u00f1o con bloques de color  Color del art\u00edculo: Royal Blue \/ White \/ Glow Blue  N\u00famero de art\u00edculo: JC7518                                                                                                                                                                                                                                                                                                                                                                                                                                                                                                                                                                                                                                                                                                                                                                                                                                                                                                                                                                                                                                        <\/p>\n","protected":false},"excerpt":{"rendered":"<p>CHANDAL ADIDAS JC7518<\/p>\n","protected":false},"featured_media":59158,"template":"","meta":[],"product_brand":[],"product_cat":[298],"product_tag":[18],"class_list":{"0":"post-46582","1":"product","2":"type-product","3":"status-publish","4":"has-post-thumbnail","6":"product_cat-nino_textil_chandals","7":"product_tag-adidas","8":"pa_color-unico","9":"pa_talla-t-12","10":"pa_talla-t-14","11":"pa_talla-t-8","12":"thunk-woo-product-list","13":"opn-qv-enable","14":"open-woo-hover-","15":"open-single-product-tab-horizontal","16":"open-shadow-","17":"open-shadow-hover-","19":"first","20":"instock","21":"shipping-taxable","22":"purchasable","23":"product-type-variable"},"jetpack_sharing_enabled":true,"_links":{"self":[{"href":"https:\/\/www.deporteseli.com\/index.php?rest_route=\/wp\/v2\/product\/46582","targetHints":{"allow":["GET"]}}],"collection":[{"href":"https:\/\/www.deporteseli.com\/index.php?rest_route=\/wp\/v2\/product"}],"about":[{"href":"https:\/\/www.deporteseli.com\/index.php?rest_route=\/wp\/v2\/types\/product"}],"wp:featuredmedia":[{"embeddable":true,"href":"https:\/\/www.deporteseli.com\/index.php?rest_route=\/wp\/v2\/media\/59158"}],"wp:attachment":[{"href":"https:\/\/www.deporteseli.com\/index.php?rest_route=%2Fwp%2Fv2%2Fmedia&parent=46582"}],"wp:term":[{"taxonomy":"product_brand","embeddable":true,"href":"https:\/\/www.deporteseli.com\/index.php?rest_route=%2Fwp%2Fv2%2Fproduct_brand&post=46582"},{"taxonomy":"product_cat","embeddable":true,"href":"https:\/\/www.deporteseli.com\/index.php?rest_route=%2Fwp%2Fv2%2Fproduct_cat&post=46582"},{"taxonomy":"product_tag","embeddable":true,"href":"https:\/\/www.deporteseli.com\/index.php?rest_route=%2Fwp%2Fv2%2Fproduct_tag&post=46582"}],"curies":[{"name":"wp","href":"https:\/\/api.w.org\/{rel}","templated":true}]}}