{"id":46570,"date":"2026-01-27T21:19:03","date_gmt":"2026-01-27T21:19:03","guid":{"rendered":"https:\/\/www.deporteseli.com\/?product=calcetines-adidas-ht3448"},"modified":"2026-03-17T05:18:58","modified_gmt":"2026-03-17T05:18:58","slug":"calcetines-adidas-ht3448","status":"publish","type":"product","link":"https:\/\/www.deporteseli.com\/?product=calcetines-adidas-ht3448","title":{"rendered":"CALCETINES ADIDAS HT3448"},"content":{"rendered":"<p>Confort y estilo para tus pies  Cuando no quieras que tus calcetines se vean, este dise\u00f1o es perfecto. No asomar\u00e1 ni con tus zapatillas de ca\u00f1a baja ni en tus mocasines. Estos calcetines invisibles adidas se han confeccionado en una mezcla de algod\u00f3n y poli\u00e9ster muy suave y ligera y vienen en paquetes de dos pares. Su tejido mantiene los pies frescos y c\u00f3modos incluso en los d\u00edas m\u00e1s c\u00e1lidos.    Este producto contiene al menos un 50% de materiales reciclados y renovables.  Dise\u00f1o invisible  69% algod\u00f3n \/ 26% poli\u00e9ster reciclado \/ 3% nailon reciclado \/ 2% elast\u00e1n  Tejido fino y ligero  Dos pares por paquete  Color del art\u00edculo: White \/ Black  N\u00famero de art\u00edculo: HT3448                                                                                                                                                                                                                                                                                                                                                                                                                                                                                                                                                                                                                                                                                                                                                                                                                                                                                                                                                                                                                                        <\/p>\n","protected":false},"excerpt":{"rendered":"<p>CALCETINES ADIDAS HT3448<\/p>\n","protected":false},"featured_media":59143,"template":"","meta":[],"product_brand":[],"product_cat":[400],"product_tag":[18],"class_list":{"0":"post-46570","1":"product","2":"type-product","3":"status-publish","4":"has-post-thumbnail","6":"product_cat-accesorios_calcetines","7":"product_tag-adidas","8":"pa_color-unico","9":"pa_talla-l","10":"pa_talla-m","11":"pa_talla-s","12":"pa_talla-t-14","13":"pa_talla-xs","14":"thunk-woo-product-list","15":"opn-qv-enable","16":"open-woo-hover-","17":"open-single-product-tab-horizontal","18":"open-shadow-","19":"open-shadow-hover-","21":"first","22":"instock","23":"shipping-taxable","24":"purchasable","25":"product-type-variable"},"jetpack_sharing_enabled":true,"_links":{"self":[{"href":"https:\/\/www.deporteseli.com\/index.php?rest_route=\/wp\/v2\/product\/46570","targetHints":{"allow":["GET"]}}],"collection":[{"href":"https:\/\/www.deporteseli.com\/index.php?rest_route=\/wp\/v2\/product"}],"about":[{"href":"https:\/\/www.deporteseli.com\/index.php?rest_route=\/wp\/v2\/types\/product"}],"wp:featuredmedia":[{"embeddable":true,"href":"https:\/\/www.deporteseli.com\/index.php?rest_route=\/wp\/v2\/media\/59143"}],"wp:attachment":[{"href":"https:\/\/www.deporteseli.com\/index.php?rest_route=%2Fwp%2Fv2%2Fmedia&parent=46570"}],"wp:term":[{"taxonomy":"product_brand","embeddable":true,"href":"https:\/\/www.deporteseli.com\/index.php?rest_route=%2Fwp%2Fv2%2Fproduct_brand&post=46570"},{"taxonomy":"product_cat","embeddable":true,"href":"https:\/\/www.deporteseli.com\/index.php?rest_route=%2Fwp%2Fv2%2Fproduct_cat&post=46570"},{"taxonomy":"product_tag","embeddable":true,"href":"https:\/\/www.deporteseli.com\/index.php?rest_route=%2Fwp%2Fv2%2Fproduct_tag&post=46570"}],"curies":[{"name":"wp","href":"https:\/\/api.w.org\/{rel}","templated":true}]}}