{"id":46566,"date":"2026-01-27T21:18:58","date_gmt":"2026-01-27T21:18:58","guid":{"rendered":"https:\/\/www.deporteseli.com\/?product=tenis-j-smith-wave"},"modified":"2026-03-21T05:19:49","modified_gmt":"2026-03-21T05:19:49","slug":"tenis-j-smith-wave","status":"publish","type":"product","link":"https:\/\/www.deporteseli.com\/?product=tenis-j-smith-wave","title":{"rendered":"TENIS J.SMITH WAVE"},"content":{"rendered":"<p>Zapatilla concebida para ser usada en entornos laborales. s    Adem\u00e1s nos permitir\u00eda su uso en nuestros paseos cotidianos. Es una zapatilla c\u00f3moda, reforzada en ese aspecto por la plantilla memory foam. El material sint\u00e9tico de la zapatilla nos proporciona una protecci\u00f3n extra. Tambi\u00e9n destaca la suela de goma con planta antideslizante, tanto el dise\u00f1o de la misma como su composici\u00f3n, garantizan el agarre y constituyen una barrera al deslizamiento. Cumple el standard de antideslizamiento ISO 13287: 2012. Dise\u00f1o de corte que favorece la flexi\u00f3n natural del pie.                                                                                                                                                                                                                                                                                                                                                                                                                                                                                                                                                                                                                                                                                                                                                                                                                                                                                                                                                                                                                                        <\/p>\n","protected":false},"excerpt":{"rendered":"<p>TENIS J.SMITH WAVE<\/p>\n","protected":false},"featured_media":59139,"template":"","meta":[],"product_brand":[],"product_cat":[259],"product_tag":[43],"class_list":{"0":"post-46566","1":"product","2":"type-product","3":"status-publish","4":"has-post-thumbnail","6":"product_cat-hombre_calzado_running","7":"product_tag-jhon_smith","8":"pa_color-unico","9":"pa_talla-151","10":"pa_talla-155","11":"pa_talla-157","12":"thunk-woo-product-list","13":"opn-qv-enable","14":"open-woo-hover-","15":"open-single-product-tab-horizontal","16":"open-shadow-","17":"open-shadow-hover-","19":"first","20":"instock","21":"sale","22":"shipping-taxable","23":"purchasable","24":"product-type-variable"},"jetpack_sharing_enabled":true,"_links":{"self":[{"href":"https:\/\/www.deporteseli.com\/index.php?rest_route=\/wp\/v2\/product\/46566","targetHints":{"allow":["GET"]}}],"collection":[{"href":"https:\/\/www.deporteseli.com\/index.php?rest_route=\/wp\/v2\/product"}],"about":[{"href":"https:\/\/www.deporteseli.com\/index.php?rest_route=\/wp\/v2\/types\/product"}],"wp:featuredmedia":[{"embeddable":true,"href":"https:\/\/www.deporteseli.com\/index.php?rest_route=\/wp\/v2\/media\/59139"}],"wp:attachment":[{"href":"https:\/\/www.deporteseli.com\/index.php?rest_route=%2Fwp%2Fv2%2Fmedia&parent=46566"}],"wp:term":[{"taxonomy":"product_brand","embeddable":true,"href":"https:\/\/www.deporteseli.com\/index.php?rest_route=%2Fwp%2Fv2%2Fproduct_brand&post=46566"},{"taxonomy":"product_cat","embeddable":true,"href":"https:\/\/www.deporteseli.com\/index.php?rest_route=%2Fwp%2Fv2%2Fproduct_cat&post=46566"},{"taxonomy":"product_tag","embeddable":true,"href":"https:\/\/www.deporteseli.com\/index.php?rest_route=%2Fwp%2Fv2%2Fproduct_tag&post=46566"}],"curies":[{"name":"wp","href":"https:\/\/api.w.org\/{rel}","templated":true}]}}