{"id":46548,"date":"2026-01-27T21:18:36","date_gmt":"2026-01-27T21:18:36","guid":{"rendered":"https:\/\/www.deporteseli.com\/?product=adidas-barricade-junior"},"modified":"2026-01-27T21:18:45","modified_gmt":"2026-01-27T21:18:45","slug":"adidas-barricade-junior","status":"publish","type":"product","link":"https:\/\/www.deporteseli.com\/?product=adidas-barricade-junior","title":{"rendered":"ADIDAS BARRICADE JUNIOR"},"content":{"rendered":"<p>Lleva tu juego al siguiente nivel. Estas zapatillas unisex para ni\u00f1os est\u00e1n hechas para tenis de alto rendimiento, p\u00e1del de alto rendimiento y pickleball de alto rendimiento. Equipados con un dise\u00f1o de corte bajo, brindan una gran estabilidad y permiten la m\u00e1xima libertad de movimiento en la cancha. Tienen un excelente agarre y amortiguaci\u00f3n para ayudarte a mantenerte \u00e1gil y c\u00f3modo incluso en los partidos m\u00e1s duros.  Zapatillas Barricade K                                                                                                                                                                                                                                                                                                                                                                                                                                                                                                                                                                                                                                                                                                                                                                                                                                                                                                                                                                                                                                        <\/p>\n","protected":false},"excerpt":{"rendered":"<p>ADIDAS BARRICADE JUNIOR<\/p>\n","protected":false},"featured_media":59129,"template":"","meta":[],"product_brand":[],"product_cat":[371],"product_tag":[18],"class_list":{"0":"post-46548","1":"product","2":"type-product","3":"status-publish","4":"has-post-thumbnail","6":"product_cat-padel_y_tenis_calzado","7":"product_tag-adidas","8":"pa_color-unico","9":"pa_talla-33-5","10":"pa_talla-137","11":"pa_talla-139","12":"pa_talla-35-5","13":"pa_talla-36-5","14":"pa_talla-37-5","15":"pa_talla-145","16":"thunk-woo-product-list","17":"opn-qv-enable","18":"open-woo-hover-","19":"open-single-product-tab-horizontal","20":"open-shadow-","21":"open-shadow-hover-","23":"first","24":"instock","25":"sale","26":"shipping-taxable","27":"purchasable","28":"product-type-variable"},"jetpack_sharing_enabled":true,"_links":{"self":[{"href":"https:\/\/www.deporteseli.com\/index.php?rest_route=\/wp\/v2\/product\/46548","targetHints":{"allow":["GET"]}}],"collection":[{"href":"https:\/\/www.deporteseli.com\/index.php?rest_route=\/wp\/v2\/product"}],"about":[{"href":"https:\/\/www.deporteseli.com\/index.php?rest_route=\/wp\/v2\/types\/product"}],"wp:featuredmedia":[{"embeddable":true,"href":"https:\/\/www.deporteseli.com\/index.php?rest_route=\/wp\/v2\/media\/59129"}],"wp:attachment":[{"href":"https:\/\/www.deporteseli.com\/index.php?rest_route=%2Fwp%2Fv2%2Fmedia&parent=46548"}],"wp:term":[{"taxonomy":"product_brand","embeddable":true,"href":"https:\/\/www.deporteseli.com\/index.php?rest_route=%2Fwp%2Fv2%2Fproduct_brand&post=46548"},{"taxonomy":"product_cat","embeddable":true,"href":"https:\/\/www.deporteseli.com\/index.php?rest_route=%2Fwp%2Fv2%2Fproduct_cat&post=46548"},{"taxonomy":"product_tag","embeddable":true,"href":"https:\/\/www.deporteseli.com\/index.php?rest_route=%2Fwp%2Fv2%2Fproduct_tag&post=46548"}],"curies":[{"name":"wp","href":"https:\/\/api.w.org\/{rel}","templated":true}]}}