{"id":46538,"date":"2026-01-27T21:18:23","date_gmt":"2026-01-27T21:18:23","guid":{"rendered":"https:\/\/www.deporteseli.com\/?product=adidas-barricade"},"modified":"2026-04-10T04:17:56","modified_gmt":"2026-04-10T04:17:56","slug":"adidas-barricade","status":"publish","type":"product","link":"https:\/\/www.deporteseli.com\/?product=adidas-barricade","title":{"rendered":"ADIDAS BARRICADE"},"content":{"rendered":"<p>Golpea la cancha con confianza. Estas zapatillas de tenis para hombre brindan una amortiguaci\u00f3n similar a la de una nube en cada paso. Los materiales duraderos son livianos y transpirables para ayudarlo a mantenerse \u00e1gil. La suela ofrece un agarre excepcional para mantenerte en control de cada punto. Con amortiguaci\u00f3n receptiva, soporte estable y tracci\u00f3n superior, Barricade 13 te ayudar\u00e1 a moverte con confianza en la cancha.                                                                                                                                                                                                                                                                                                                                                                                                                                                                                                                                                                                                                                                                                                                                                                                                                                                                                                                                                                                                                                        <\/p>\n","protected":false},"excerpt":{"rendered":"<p>ADIDAS BARRICADE<\/p>\n","protected":false},"featured_media":59118,"template":"","meta":[],"product_brand":[],"product_cat":[371],"product_tag":[18],"class_list":{"0":"post-46538","1":"product","2":"type-product","3":"status-publish","4":"has-post-thumbnail","6":"product_cat-padel_y_tenis_calzado","7":"product_tag-adidas","8":"pa_color-unico","9":"pa_talla-41-5","10":"pa_talla-153","11":"pa_talla-42-5","12":"pa_talla-43-5","13":"thunk-woo-product-list","14":"opn-qv-enable","15":"open-woo-hover-","16":"open-single-product-tab-horizontal","17":"open-shadow-","18":"open-shadow-hover-","20":"first","21":"instock","22":"sale","23":"shipping-taxable","24":"purchasable","25":"product-type-variable"},"jetpack_sharing_enabled":true,"_links":{"self":[{"href":"https:\/\/www.deporteseli.com\/index.php?rest_route=\/wp\/v2\/product\/46538","targetHints":{"allow":["GET"]}}],"collection":[{"href":"https:\/\/www.deporteseli.com\/index.php?rest_route=\/wp\/v2\/product"}],"about":[{"href":"https:\/\/www.deporteseli.com\/index.php?rest_route=\/wp\/v2\/types\/product"}],"wp:featuredmedia":[{"embeddable":true,"href":"https:\/\/www.deporteseli.com\/index.php?rest_route=\/wp\/v2\/media\/59118"}],"wp:attachment":[{"href":"https:\/\/www.deporteseli.com\/index.php?rest_route=%2Fwp%2Fv2%2Fmedia&parent=46538"}],"wp:term":[{"taxonomy":"product_brand","embeddable":true,"href":"https:\/\/www.deporteseli.com\/index.php?rest_route=%2Fwp%2Fv2%2Fproduct_brand&post=46538"},{"taxonomy":"product_cat","embeddable":true,"href":"https:\/\/www.deporteseli.com\/index.php?rest_route=%2Fwp%2Fv2%2Fproduct_cat&post=46538"},{"taxonomy":"product_tag","embeddable":true,"href":"https:\/\/www.deporteseli.com\/index.php?rest_route=%2Fwp%2Fv2%2Fproduct_tag&post=46538"}],"curies":[{"name":"wp","href":"https:\/\/api.w.org\/{rel}","templated":true}]}}