{"id":46533,"date":"2026-01-27T21:18:15","date_gmt":"2026-01-27T21:18:15","guid":{"rendered":"https:\/\/www.deporteseli.com\/?product=tenis-adidas-jq4882"},"modified":"2026-03-25T05:18:03","modified_gmt":"2026-03-25T05:18:03","slug":"tenis-adidas-jq4882","status":"publish","type":"product","link":"https:\/\/www.deporteseli.com\/?product=tenis-adidas-jq4882","title":{"rendered":"TENIS ADIDAS JQ4882"},"content":{"rendered":"<p>Descripci\u00f3n  Las zapatillas adidas Runfalcon 5 para ni\u00f1os son ideales para el deporte y el uso diario. Su dise\u00f1o en color negro es moderno y vers\u00e1til.  Cuentan con una suela de Cloudfoam y EVA que proporciona una excepcional amortiguaci\u00f3n, garantizando comodidad en cada paso.  Pesan solo 180 gramos en talla 33, lo que las hace ligeras y perfectas para cualquier actividad.  El cierre de cordones tradicionales asegura un ajuste perfecto, mientras que la leng\u00fceta acolchada a\u00f1ade un toque extra de confort.  Adem\u00e1s, su plantilla OrthoLite antiolor mantiene los pies frescos y c\u00f3modos.  Estas zapatillas son la elecci\u00f3n perfecta para los peque\u00f1os aventureros que buscan estilo y rendimiento.    Caracter\u00edsticas  Suela: Cloudfoam   EVA para amortiguaci\u00f3n  Peso: 180g   Cierre: Cordones tradicionales   leng\u00fceta acolchada  Plantilla: OrthoLite\u00ae antiolor                                                                                                                                                                                                                                                                                                                                                                                                                                                                                                                                                                                                                                                                                                                                                                                                                                                                                                                                                                                                                                        <\/p>\n","protected":false},"excerpt":{"rendered":"<p>TENIS ADIDAS JQ4882<\/p>\n","protected":false},"featured_media":59113,"template":"","meta":[],"product_brand":[],"product_cat":[390],"product_tag":[18],"class_list":{"0":"post-46533","1":"product","2":"type-product","3":"status-publish","4":"has-post-thumbnail","6":"product_cat-ninas_calzado_running","7":"product_tag-adidas","8":"pa_color-unico","9":"pa_talla-113","10":"pa_talla-117","11":"pa_talla-119","12":"pa_talla-123","13":"thunk-woo-product-list","14":"opn-qv-enable","15":"open-woo-hover-","16":"open-single-product-tab-horizontal","17":"open-shadow-","18":"open-shadow-hover-","20":"first","21":"instock","22":"sale","23":"shipping-taxable","24":"purchasable","25":"product-type-variable"},"jetpack_sharing_enabled":true,"_links":{"self":[{"href":"https:\/\/www.deporteseli.com\/index.php?rest_route=\/wp\/v2\/product\/46533","targetHints":{"allow":["GET"]}}],"collection":[{"href":"https:\/\/www.deporteseli.com\/index.php?rest_route=\/wp\/v2\/product"}],"about":[{"href":"https:\/\/www.deporteseli.com\/index.php?rest_route=\/wp\/v2\/types\/product"}],"wp:featuredmedia":[{"embeddable":true,"href":"https:\/\/www.deporteseli.com\/index.php?rest_route=\/wp\/v2\/media\/59113"}],"wp:attachment":[{"href":"https:\/\/www.deporteseli.com\/index.php?rest_route=%2Fwp%2Fv2%2Fmedia&parent=46533"}],"wp:term":[{"taxonomy":"product_brand","embeddable":true,"href":"https:\/\/www.deporteseli.com\/index.php?rest_route=%2Fwp%2Fv2%2Fproduct_brand&post=46533"},{"taxonomy":"product_cat","embeddable":true,"href":"https:\/\/www.deporteseli.com\/index.php?rest_route=%2Fwp%2Fv2%2Fproduct_cat&post=46533"},{"taxonomy":"product_tag","embeddable":true,"href":"https:\/\/www.deporteseli.com\/index.php?rest_route=%2Fwp%2Fv2%2Fproduct_tag&post=46533"}],"curies":[{"name":"wp","href":"https:\/\/api.w.org\/{rel}","templated":true}]}}