{"id":46525,"date":"2026-01-27T21:18:04","date_gmt":"2026-01-27T21:18:04","guid":{"rendered":"https:\/\/www.deporteseli.com\/?product=tenis-adidas-jq3062"},"modified":"2026-03-28T05:20:35","modified_gmt":"2026-03-28T05:20:35","slug":"tenis-adidas-jq3062","status":"publish","type":"product","link":"https:\/\/www.deporteseli.com\/?product=tenis-adidas-jq3062","title":{"rendered":"TENIS ADIDAS JQ3062"},"content":{"rendered":"<p>Tenis bajos de marca atrevida inspiradas en la herencia ic\u00f3nica de adidas.  Un cl\u00e1sico moderno, renovado para un look fresco de uso diario. Estos tenis adidas para ni\u00f1os tienen un exterior de piel sint\u00e9tica suave que se apoya en una suela de caucho preparada para lo que venga. Con un suave forro interno y leng\u00fceta de tela, te mantendr\u00e1n c\u00f3modo desde el primer momento.  Ajuste cl\u00e1sico  Sistema de amarre de cordones  Exterior de tela y sint\u00e9tico  Forro interno de tela  Suela de caucho  Color del art\u00edculo: Collegiate Navy \/ Dash Grey \/ Collegiate Royal  N\u00famero de art\u00edculo: JQ3062                                                                                                                                                                                                                                                                                                                                                                                                                                                                                                                                                                                                                                                                                                                                                                                                                                                                                                                                                                                                                                        <\/p>\n","protected":false},"excerpt":{"rendered":"<p>TENIS ADIDAS JQ3062<\/p>\n","protected":false},"featured_media":59108,"template":"","meta":[],"product_brand":[],"product_cat":[310],"product_tag":[18],"class_list":{"0":"post-46525","1":"product","2":"type-product","3":"status-publish","4":"has-post-thumbnail","6":"product_cat-nino_calzado_casual","7":"product_tag-adidas","8":"pa_color-unico","9":"pa_talla-35-5","10":"pa_talla-141","11":"pa_talla-37-5","12":"pa_talla-145","13":"pa_talla-38-5","14":"pa_talla-39-5","15":"pa_talla-149","16":"thunk-woo-product-list","17":"opn-qv-enable","18":"open-woo-hover-","19":"open-single-product-tab-horizontal","20":"open-shadow-","21":"open-shadow-hover-","23":"first","24":"instock","25":"sale","26":"shipping-taxable","27":"purchasable","28":"product-type-variable"},"jetpack_sharing_enabled":true,"_links":{"self":[{"href":"https:\/\/www.deporteseli.com\/index.php?rest_route=\/wp\/v2\/product\/46525","targetHints":{"allow":["GET"]}}],"collection":[{"href":"https:\/\/www.deporteseli.com\/index.php?rest_route=\/wp\/v2\/product"}],"about":[{"href":"https:\/\/www.deporteseli.com\/index.php?rest_route=\/wp\/v2\/types\/product"}],"wp:featuredmedia":[{"embeddable":true,"href":"https:\/\/www.deporteseli.com\/index.php?rest_route=\/wp\/v2\/media\/59108"}],"wp:attachment":[{"href":"https:\/\/www.deporteseli.com\/index.php?rest_route=%2Fwp%2Fv2%2Fmedia&parent=46525"}],"wp:term":[{"taxonomy":"product_brand","embeddable":true,"href":"https:\/\/www.deporteseli.com\/index.php?rest_route=%2Fwp%2Fv2%2Fproduct_brand&post=46525"},{"taxonomy":"product_cat","embeddable":true,"href":"https:\/\/www.deporteseli.com\/index.php?rest_route=%2Fwp%2Fv2%2Fproduct_cat&post=46525"},{"taxonomy":"product_tag","embeddable":true,"href":"https:\/\/www.deporteseli.com\/index.php?rest_route=%2Fwp%2Fv2%2Fproduct_tag&post=46525"}],"curies":[{"name":"wp","href":"https:\/\/api.w.org\/{rel}","templated":true}]}}