{"id":46518,"date":"2026-01-27T21:17:55","date_gmt":"2026-01-27T21:17:55","guid":{"rendered":"https:\/\/www.deporteseli.com\/?product=bota-adidas-predator-club"},"modified":"2026-01-27T21:18:03","modified_gmt":"2026-01-27T21:18:03","slug":"bota-adidas-predator-club","status":"publish","type":"product","link":"https:\/\/www.deporteseli.com\/?product=bota-adidas-predator-club","title":{"rendered":"BOTA ADIDAS PREDATOR CLUB"},"content":{"rendered":"<p>Botas de c\u00e9sped artificial Predator Club para ni\u00f1os  Encuentra la red en las botas de c\u00e9sped Predator fabricadas en parte con materiales reciclados.  Entra en cada partido con la certeza de marcar con las botas adidas Predator Club para j\u00f3venes promesas, dise\u00f1adas para el gol. Su parte superior sint\u00e9tica est\u00e1 forrada con un tejido suave para una sensaci\u00f3n de comodidad. Dales la vuelta y descubrir\u00e1s una suela de goma con tacos dise\u00f1ada para un f\u00fatbol de precisi\u00f3n en campos de c\u00e9sped artificial. Este producto est\u00e1 fabricado con al menos un 20 % de materiales reciclados. Al reutilizar materiales ya creados, contribuimos a reducir los residuos y nuestra dependencia de recursos finitos, as\u00ed como la huella ecol\u00f3gica de nuestros productos.  Ajuste regular  Cierre de encaje  Parte superior sint\u00e9tica  Forro textil  Suela de caucho para c\u00e9sped artificial  Contiene al menos un 20% de contenido reciclado.  C\u00f3digo de producto: ID3807                                                                                                                                                                                                                                                                                                                                                                                                                                                                                                                                                                                                                                                                                                                                                                                                                                                                                                                                                                                                                                        <\/p>\n","protected":false},"excerpt":{"rendered":"<p>BOTA ADIDAS PREDATOR CLUB<\/p>\n","protected":false},"featured_media":59103,"template":"","meta":[],"product_brand":[],"product_cat":[318],"product_tag":[18],"class_list":{"0":"post-46518","1":"product","2":"type-product","3":"status-publish","4":"has-post-thumbnail","6":"product_cat-deportes_futbol_botas","7":"product_tag-adidas","8":"pa_color-unico","9":"pa_talla-135","10":"pa_talla-137","11":"pa_talla-139","12":"pa_talla-141","13":"pa_talla-36-5","14":"pa_talla-37-5","15":"thunk-woo-product-list","16":"opn-qv-enable","17":"open-woo-hover-","18":"open-single-product-tab-horizontal","19":"open-shadow-","20":"open-shadow-hover-","22":"first","23":"instock","24":"sale","25":"shipping-taxable","26":"purchasable","27":"product-type-variable"},"jetpack_sharing_enabled":true,"_links":{"self":[{"href":"https:\/\/www.deporteseli.com\/index.php?rest_route=\/wp\/v2\/product\/46518","targetHints":{"allow":["GET"]}}],"collection":[{"href":"https:\/\/www.deporteseli.com\/index.php?rest_route=\/wp\/v2\/product"}],"about":[{"href":"https:\/\/www.deporteseli.com\/index.php?rest_route=\/wp\/v2\/types\/product"}],"wp:featuredmedia":[{"embeddable":true,"href":"https:\/\/www.deporteseli.com\/index.php?rest_route=\/wp\/v2\/media\/59103"}],"wp:attachment":[{"href":"https:\/\/www.deporteseli.com\/index.php?rest_route=%2Fwp%2Fv2%2Fmedia&parent=46518"}],"wp:term":[{"taxonomy":"product_brand","embeddable":true,"href":"https:\/\/www.deporteseli.com\/index.php?rest_route=%2Fwp%2Fv2%2Fproduct_brand&post=46518"},{"taxonomy":"product_cat","embeddable":true,"href":"https:\/\/www.deporteseli.com\/index.php?rest_route=%2Fwp%2Fv2%2Fproduct_cat&post=46518"},{"taxonomy":"product_tag","embeddable":true,"href":"https:\/\/www.deporteseli.com\/index.php?rest_route=%2Fwp%2Fv2%2Fproduct_tag&post=46518"}],"curies":[{"name":"wp","href":"https:\/\/api.w.org\/{rel}","templated":true}]}}